{"id":635,"date":"2025-03-25T12:22:46","date_gmt":"2025-03-25T12:22:46","guid":{"rendered":"https:\/\/electricidadeaguas.pt\/?post_type=product&#038;p=635"},"modified":"2025-03-25T12:22:46","modified_gmt":"2025-03-25T12:22:46","slug":"catalogo-hager-tabela-de-precos","status":"publish","type":"product","link":"https:\/\/electricidadeaguas.pt\/?product=catalogo-hager-tabela-de-precos","title":{"rendered":"Cat\u00e1logo Hager &#8211; Tabela de pre\u00e7os"},"content":{"rendered":"<p class=\"\" data-start=\"0\" data-end=\"461\">A <strong data-start=\"2\" data-end=\"28\">Tabela de Pre\u00e7os Hager<\/strong> no cat\u00e1logo oferece uma vis\u00e3o detalhada dos pre\u00e7os dos diversos produtos e solu\u00e7\u00f5es que a marca disponibiliza para instala\u00e7\u00f5es el\u00e9tricas. A <strong data-start=\"169\" data-end=\"178\">Hager<\/strong> \u00e9 reconhecida pela qualidade e inova\u00e7\u00e3o de seus produtos, e a tabela de pre\u00e7os serve como uma ferramenta essencial para profissionais do setor, como engenheiros e eletricistas, para facilitar a sele\u00e7\u00e3o e or\u00e7amenta\u00e7\u00e3o de solu\u00e7\u00f5es para projetos residenciais, comerciais e industriais.<\/p>\n<p class=\"\" data-start=\"463\" data-end=\"902\">A tabela geralmente inclui pre\u00e7os de produtos como <strong data-start=\"514\" data-end=\"529\">disjuntores<\/strong>, <strong data-start=\"531\" data-end=\"558\">quadros de distribui\u00e7\u00e3o<\/strong>, <strong data-start=\"560\" data-end=\"577\">interruptores<\/strong>, <strong data-start=\"579\" data-end=\"590\">tomadas<\/strong>, <strong data-start=\"592\" data-end=\"617\">sistemas de automa\u00e7\u00e3o<\/strong>, e <strong data-start=\"621\" data-end=\"659\">carregadores de ve\u00edculos el\u00e9tricos<\/strong>, entre outros. Al\u00e9m dos pre\u00e7os, a tabela pode tamb\u00e9m oferecer informa\u00e7\u00f5es sobre <strong data-start=\"740\" data-end=\"766\">condi\u00e7\u00f5es de pagamento<\/strong>, <strong data-start=\"768\" data-end=\"792\">descontos por volume<\/strong>, <strong data-start=\"794\" data-end=\"806\">garantia<\/strong> e <strong data-start=\"809\" data-end=\"853\">informa\u00e7\u00f5es adicionais sobre os produtos<\/strong>, como especifica\u00e7\u00f5es t\u00e9cnicas e compatibilidade.<\/p>\n<p data-start=\"463\" data-end=\"902\">Explore mais ao clicar abaixo.<\/p>\n<p data-start=\"463\" data-end=\"902\"><a href=\"https:\/\/electrosiluz.pt\/wp-content\/uploads\/2025\/02\/Tabela-de-Precos-FAB-HAGER-Jan-2025.pdf\">Cat\u00e1logo Hager &#8211; Tabela de pre\u00e7os<\/a><\/p>\n","protected":false},"excerpt":{"rendered":"<p>A Tabela de Pre\u00e7os Hager no cat\u00e1logo oferece uma vis\u00e3o detalhada dos pre\u00e7os dos diversos produtos e solu\u00e7\u00f5es que a marca disponibiliza para instala\u00e7\u00f5es el\u00e9tricas. A Hager \u00e9 reconhecida pela qualidade e inova\u00e7\u00e3o de seus produtos, e a tabela de pre\u00e7os serve como uma ferramenta essencial para profissionais do setor, como engenheiros e eletricistas, para&hellip;&nbsp;<a href=\"https:\/\/electricidadeaguas.pt\/?product=catalogo-hager-tabela-de-precos\" rel=\"bookmark\">Ler mais &raquo;<span class=\"screen-reader-text\">Cat\u00e1logo Hager &#8211; Tabela de pre\u00e7os<\/span><\/a><\/p>\n","protected":false},"featured_media":636,"comment_status":"open","ping_status":"closed","template":"","meta":{"neve_meta_sidebar":"","neve_meta_container":"","neve_meta_enable_content_width":"off","neve_meta_content_width":100,"neve_meta_title_alignment":"","neve_meta_author_avatar":"","neve_post_elements_order":"","neve_meta_disable_header":"","neve_meta_disable_footer":"","neve_meta_disable_title":""},"product_brand":[],"product_cat":[31],"product_tag":[],"class_list":{"0":"post-635","1":"product","2":"type-product","3":"status-publish","4":"has-post-thumbnail","6":"product_cat-hager","8":"first","9":"instock","10":"virtual","11":"product-type-simple"},"jetpack_sharing_enabled":true,"_links":{"self":[{"href":"https:\/\/electricidadeaguas.pt\/index.php?rest_route=\/wp\/v2\/product\/635","targetHints":{"allow":["GET"]}}],"collection":[{"href":"https:\/\/electricidadeaguas.pt\/index.php?rest_route=\/wp\/v2\/product"}],"about":[{"href":"https:\/\/electricidadeaguas.pt\/index.php?rest_route=\/wp\/v2\/types\/product"}],"replies":[{"embeddable":true,"href":"https:\/\/electricidadeaguas.pt\/index.php?rest_route=%2Fwp%2Fv2%2Fcomments&post=635"}],"wp:featuredmedia":[{"embeddable":true,"href":"https:\/\/electricidadeaguas.pt\/index.php?rest_route=\/wp\/v2\/media\/636"}],"wp:attachment":[{"href":"https:\/\/electricidadeaguas.pt\/index.php?rest_route=%2Fwp%2Fv2%2Fmedia&parent=635"}],"wp:term":[{"taxonomy":"product_brand","embeddable":true,"href":"https:\/\/electricidadeaguas.pt\/index.php?rest_route=%2Fwp%2Fv2%2Fproduct_brand&post=635"},{"taxonomy":"product_cat","embeddable":true,"href":"https:\/\/electricidadeaguas.pt\/index.php?rest_route=%2Fwp%2Fv2%2Fproduct_cat&post=635"},{"taxonomy":"product_tag","embeddable":true,"href":"https:\/\/electricidadeaguas.pt\/index.php?rest_route=%2Fwp%2Fv2%2Fproduct_tag&post=635"}],"curies":[{"name":"wp","href":"https:\/\/api.w.org\/{rel}","templated":true}]}}