{"id":637,"date":"2025-03-25T12:25:58","date_gmt":"2025-03-25T12:25:58","guid":{"rendered":"https:\/\/electricidadeaguas.pt\/?post_type=product&#038;p=637"},"modified":"2025-03-25T12:25:58","modified_gmt":"2025-03-25T12:25:58","slug":"catalogo-hager-limatadores-sobretensao","status":"publish","type":"product","link":"https:\/\/electricidadeaguas.pt\/?product=catalogo-hager-limatadores-sobretensao","title":{"rendered":"Cat\u00e1logo Hager &#8211; Limatadores Sobretens\u00e3o"},"content":{"rendered":"<p class=\"\" data-start=\"123\" data-end=\"544\">Os <strong data-start=\"126\" data-end=\"156\">Limitadores de Sobretens\u00e3o<\/strong> da <strong data-start=\"160\" data-end=\"169\">Hager<\/strong> s\u00e3o dispositivos essenciais para proteger as instala\u00e7\u00f5es el\u00e9tricas contra picos de tens\u00e3o causados por raios, falhas na rede el\u00e9trica ou outros dist\u00farbios. Esses dispositivos garantem a seguran\u00e7a de equipamentos sens\u00edveis, como sistemas de inform\u00e1tica, eletrodom\u00e9sticos e outros dispositivos eletr\u00f4nicos, evitando danos que poderiam comprometer o funcionamento dos sistemas.<\/p>\n<p class=\"\" data-start=\"546\" data-end=\"1110\">Os limitadores de sobretens\u00e3o <strong data-start=\"576\" data-end=\"585\">Hager<\/strong> s\u00e3o projetados para proporcionar uma <strong data-start=\"623\" data-end=\"645\">prote\u00e7\u00e3o eficiente<\/strong> e <strong data-start=\"648\" data-end=\"661\">confi\u00e1vel<\/strong>, com uma r\u00e1pida capacidade de rea\u00e7\u00e3o diante de surtos de tens\u00e3o. Eles s\u00e3o ideais para instala\u00e7\u00f5es residenciais, comerciais e industriais, e s\u00e3o facilmente integrados aos <strong data-start=\"832\" data-end=\"859\">quadros de distribui\u00e7\u00e3o<\/strong> existentes. Com uma constru\u00e7\u00e3o robusta e uma alta capacidade de absor\u00e7\u00e3o de energia, esses dispositivos ajudam a <strong data-start=\"973\" data-end=\"986\">preservar<\/strong> a integridade dos sistemas el\u00e9tricos, minimizando os riscos e garantindo maior longevidade para os equipamentos conectados.<\/p>\n<p class=\"\" data-start=\"1112\" data-end=\"1314\">Al\u00e9m disso, os limitadores de sobretens\u00e3o da <strong data-start=\"1157\" data-end=\"1166\">Hager<\/strong> atendem \u00e0s normas de seguran\u00e7a mais rigorosas, proporcionando <strong data-start=\"1229\" data-end=\"1246\">tranquilidade<\/strong> e <strong data-start=\"1249\" data-end=\"1271\">prote\u00e7\u00e3o adicional<\/strong> para qualquer tipo de instala\u00e7\u00e3o el\u00e9trica.<\/p>\n<p data-start=\"1112\" data-end=\"1314\">Explore mais ao clicar abaixo.<\/p>\n<p data-start=\"1112\" data-end=\"1314\"><a href=\"https:\/\/electrosiluz.pt\/wp-content\/uploads\/2024\/05\/folheto-limitadores-sobretensao.pdf\">Limitadores de Sobretens\u00e3o &#8211; Hager<\/a><\/p>\n","protected":false},"excerpt":{"rendered":"<p>Os Limitadores de Sobretens\u00e3o da Hager s\u00e3o dispositivos essenciais para proteger as instala\u00e7\u00f5es el\u00e9tricas contra picos de tens\u00e3o causados por raios, falhas na rede el\u00e9trica ou outros dist\u00farbios. Esses dispositivos garantem a seguran\u00e7a de equipamentos sens\u00edveis, como sistemas de inform\u00e1tica, eletrodom\u00e9sticos e outros dispositivos eletr\u00f4nicos, evitando danos que poderiam comprometer o funcionamento dos sistemas. Os&hellip;&nbsp;<a href=\"https:\/\/electricidadeaguas.pt\/?product=catalogo-hager-limatadores-sobretensao\" rel=\"bookmark\">Ler mais &raquo;<span class=\"screen-reader-text\">Cat\u00e1logo Hager &#8211; Limatadores Sobretens\u00e3o<\/span><\/a><\/p>\n","protected":false},"featured_media":638,"comment_status":"open","ping_status":"closed","template":"","meta":{"neve_meta_sidebar":"","neve_meta_container":"","neve_meta_enable_content_width":"off","neve_meta_content_width":100,"neve_meta_title_alignment":"","neve_meta_author_avatar":"","neve_post_elements_order":"","neve_meta_disable_header":"","neve_meta_disable_footer":"","neve_meta_disable_title":""},"product_brand":[],"product_cat":[31],"product_tag":[],"class_list":{"0":"post-637","1":"product","2":"type-product","3":"status-publish","4":"has-post-thumbnail","6":"product_cat-hager","8":"first","9":"instock","10":"virtual","11":"product-type-simple"},"jetpack_sharing_enabled":true,"_links":{"self":[{"href":"https:\/\/electricidadeaguas.pt\/index.php?rest_route=\/wp\/v2\/product\/637","targetHints":{"allow":["GET"]}}],"collection":[{"href":"https:\/\/electricidadeaguas.pt\/index.php?rest_route=\/wp\/v2\/product"}],"about":[{"href":"https:\/\/electricidadeaguas.pt\/index.php?rest_route=\/wp\/v2\/types\/product"}],"replies":[{"embeddable":true,"href":"https:\/\/electricidadeaguas.pt\/index.php?rest_route=%2Fwp%2Fv2%2Fcomments&post=637"}],"wp:featuredmedia":[{"embeddable":true,"href":"https:\/\/electricidadeaguas.pt\/index.php?rest_route=\/wp\/v2\/media\/638"}],"wp:attachment":[{"href":"https:\/\/electricidadeaguas.pt\/index.php?rest_route=%2Fwp%2Fv2%2Fmedia&parent=637"}],"wp:term":[{"taxonomy":"product_brand","embeddable":true,"href":"https:\/\/electricidadeaguas.pt\/index.php?rest_route=%2Fwp%2Fv2%2Fproduct_brand&post=637"},{"taxonomy":"product_cat","embeddable":true,"href":"https:\/\/electricidadeaguas.pt\/index.php?rest_route=%2Fwp%2Fv2%2Fproduct_cat&post=637"},{"taxonomy":"product_tag","embeddable":true,"href":"https:\/\/electricidadeaguas.pt\/index.php?rest_route=%2Fwp%2Fv2%2Fproduct_tag&post=637"}],"curies":[{"name":"wp","href":"https:\/\/api.w.org\/{rel}","templated":true}]}}