{"id":642,"date":"2025-03-25T14:11:59","date_gmt":"2025-03-25T14:11:59","guid":{"rendered":"https:\/\/electricidadeaguas.pt\/?post_type=product&#038;p=642"},"modified":"2025-03-25T14:11:59","modified_gmt":"2025-03-25T14:11:59","slug":"catalogo-honeywell-geral","status":"publish","type":"product","link":"https:\/\/electricidadeaguas.pt\/?product=catalogo-honeywell-geral","title":{"rendered":"Cat\u00e1logo Honeywell &#8211; Geral"},"content":{"rendered":"<p>O <strong data-start=\"108\" data-end=\"139\">Cat\u00e1logo Geral da Honeywell<\/strong> re\u00fane uma ampla gama de solu\u00e7\u00f5es inovadoras para <strong data-start=\"189\" data-end=\"210\">automa\u00e7\u00e3o predial<\/strong>, <strong data-start=\"212\" data-end=\"225\">seguran\u00e7a<\/strong>, <strong data-start=\"227\" data-end=\"250\">climatiza\u00e7\u00e3o (HVAC)<\/strong>, <strong data-start=\"252\" data-end=\"275\">dete\u00e7\u00e3o de inc\u00eandio<\/strong> e <strong data-start=\"278\" data-end=\"302\">sistemas industriais<\/strong>. Com d\u00e9cadas de experi\u00eancia e um compromisso cont\u00ednuo com a inova\u00e7\u00e3o, a <strong data-start=\"375\" data-end=\"388\">Honeywell<\/strong> desenvolve produtos que melhoram a efici\u00eancia, a seguran\u00e7a e o conforto em ambientes residenciais, comerciais e industriais.<\/p>\n<p class=\"\" data-start=\"1433\" data-end=\"1804\">O cat\u00e1logo apresenta <strong data-start=\"1454\" data-end=\"1499\">informa\u00e7\u00f5es detalhadas sobre cada produto<\/strong>, incluindo especifica\u00e7\u00f5es t\u00e9cnicas, aplica\u00e7\u00f5es recomendadas e op\u00e7\u00f5es de personaliza\u00e7\u00e3o. A <strong data-start=\"1590\" data-end=\"1603\">Honeywell<\/strong> \u00e9 uma refer\u00eancia no setor, oferecendo <strong data-start=\"1642\" data-end=\"1665\">tecnologia de ponta<\/strong>, <strong data-start=\"1667\" data-end=\"1689\">qualidade superior<\/strong> e <strong data-start=\"1692\" data-end=\"1725\">suporte t\u00e9cnico especializado<\/strong> para garantir solu\u00e7\u00f5es eficazes e adaptadas \u00e0s necessidades de cada cliente.<\/p>\n<p data-start=\"1433\" data-end=\"1804\">Observe mais ao clicar abaixo.<\/p>\n<p data-start=\"1433\" data-end=\"1804\"><a href=\"http:\/\/electricidadeaguas.pt\/wp-content\/uploads\/2025\/03\/FRD2013_compressed.pdf\">FRD2013_compressed<\/a><\/p>\n","protected":false},"excerpt":{"rendered":"<p>O Cat\u00e1logo Geral da Honeywell re\u00fane uma ampla gama de solu\u00e7\u00f5es inovadoras para automa\u00e7\u00e3o predial, seguran\u00e7a, climatiza\u00e7\u00e3o (HVAC), dete\u00e7\u00e3o de inc\u00eandio e sistemas industriais. Com d\u00e9cadas de experi\u00eancia e um compromisso cont\u00ednuo com a inova\u00e7\u00e3o, a Honeywell desenvolve produtos que melhoram a efici\u00eancia, a seguran\u00e7a e o conforto em ambientes residenciais, comerciais e industriais. O&hellip;&nbsp;<a href=\"https:\/\/electricidadeaguas.pt\/?product=catalogo-honeywell-geral\" rel=\"bookmark\">Ler mais &raquo;<span class=\"screen-reader-text\">Cat\u00e1logo Honeywell &#8211; Geral<\/span><\/a><\/p>\n","protected":false},"featured_media":644,"comment_status":"open","ping_status":"closed","template":"","meta":{"neve_meta_sidebar":"","neve_meta_container":"","neve_meta_enable_content_width":"off","neve_meta_content_width":100,"neve_meta_title_alignment":"","neve_meta_author_avatar":"","neve_post_elements_order":"","neve_meta_disable_header":"","neve_meta_disable_footer":"","neve_meta_disable_title":""},"product_brand":[],"product_cat":[32],"product_tag":[],"class_list":{"0":"post-642","1":"product","2":"type-product","3":"status-publish","4":"has-post-thumbnail","6":"product_cat-honeywell","8":"first","9":"instock","10":"virtual","11":"product-type-simple"},"jetpack_sharing_enabled":true,"_links":{"self":[{"href":"https:\/\/electricidadeaguas.pt\/index.php?rest_route=\/wp\/v2\/product\/642","targetHints":{"allow":["GET"]}}],"collection":[{"href":"https:\/\/electricidadeaguas.pt\/index.php?rest_route=\/wp\/v2\/product"}],"about":[{"href":"https:\/\/electricidadeaguas.pt\/index.php?rest_route=\/wp\/v2\/types\/product"}],"replies":[{"embeddable":true,"href":"https:\/\/electricidadeaguas.pt\/index.php?rest_route=%2Fwp%2Fv2%2Fcomments&post=642"}],"wp:featuredmedia":[{"embeddable":true,"href":"https:\/\/electricidadeaguas.pt\/index.php?rest_route=\/wp\/v2\/media\/644"}],"wp:attachment":[{"href":"https:\/\/electricidadeaguas.pt\/index.php?rest_route=%2Fwp%2Fv2%2Fmedia&parent=642"}],"wp:term":[{"taxonomy":"product_brand","embeddable":true,"href":"https:\/\/electricidadeaguas.pt\/index.php?rest_route=%2Fwp%2Fv2%2Fproduct_brand&post=642"},{"taxonomy":"product_cat","embeddable":true,"href":"https:\/\/electricidadeaguas.pt\/index.php?rest_route=%2Fwp%2Fv2%2Fproduct_cat&post=642"},{"taxonomy":"product_tag","embeddable":true,"href":"https:\/\/electricidadeaguas.pt\/index.php?rest_route=%2Fwp%2Fv2%2Fproduct_tag&post=642"}],"curies":[{"name":"wp","href":"https:\/\/api.w.org\/{rel}","templated":true}]}}