{"id":645,"date":"2025-03-25T14:15:35","date_gmt":"2025-03-25T14:15:35","guid":{"rendered":"https:\/\/electricidadeaguas.pt\/?post_type=product&#038;p=645"},"modified":"2025-03-25T14:15:35","modified_gmt":"2025-03-25T14:15:35","slug":"catalogo-honeywell-home","status":"publish","type":"product","link":"https:\/\/electricidadeaguas.pt\/?product=catalogo-honeywell-home","title":{"rendered":"Cat\u00e1logo Honeywell &#8211; Home"},"content":{"rendered":"<p>A linha <strong data-start=\"107\" data-end=\"125\">Honeywell Home<\/strong> re\u00fane solu\u00e7\u00f5es inteligentes para tornar as casas mais <strong data-start=\"180\" data-end=\"218\">confort\u00e1veis, seguras e eficientes<\/strong>. Com um foco na <strong data-start=\"235\" data-end=\"260\">automa\u00e7\u00e3o residencial<\/strong>, <strong data-start=\"262\" data-end=\"278\">climatiza\u00e7\u00e3o<\/strong> e <strong data-start=\"281\" data-end=\"294\">seguran\u00e7a<\/strong>, a Honeywell Home oferece produtos inovadores que melhoram o dia a dia dos utilizadores, permitindo o controlo remoto e a otimiza\u00e7\u00e3o do consumo de energia.<\/p>\n<p class=\"\" data-start=\"1161\" data-end=\"1382\">A <strong data-start=\"1163\" data-end=\"1181\">Honeywell Home<\/strong> destaca-se pela <strong data-start=\"1198\" data-end=\"1226\">facilidade de instala\u00e7\u00e3o<\/strong>, integra\u00e7\u00e3o com <strong data-start=\"1243\" data-end=\"1265\">assistentes de voz<\/strong> e aplica\u00e7\u00f5es m\u00f3veis para controlo remoto, proporcionando uma experi\u00eancia moderna e eficiente para os utilizadores.<\/p>\n<p class=\"\" data-start=\"1384\" data-end=\"1535\">O <strong data-start=\"1386\" data-end=\"1413\">Cat\u00e1logo Honeywell Home<\/strong> apresenta todas as op\u00e7\u00f5es dispon\u00edveis para transformar qualquer casa num espa\u00e7o mais seguro, inteligente e sustent\u00e1vel.<\/p>\n<p data-start=\"1384\" data-end=\"1535\">Explore mais sobre o mesmo ao clicar abaixo.<\/p>\n<p data-start=\"1384\" data-end=\"1535\"><a href=\"http:\/\/electricidadeaguas.pt\/wp-content\/uploads\/2025\/03\/HONEYWELL-HOME-NOVIDADES-2023.pdf\">HONEYWELL-HOME-NOVIDADES-2023<\/a><\/p>\n","protected":false},"excerpt":{"rendered":"<p>A linha Honeywell Home re\u00fane solu\u00e7\u00f5es inteligentes para tornar as casas mais confort\u00e1veis, seguras e eficientes. Com um foco na automa\u00e7\u00e3o residencial, climatiza\u00e7\u00e3o e seguran\u00e7a, a Honeywell Home oferece produtos inovadores que melhoram o dia a dia dos utilizadores, permitindo o controlo remoto e a otimiza\u00e7\u00e3o do consumo de energia. A Honeywell Home destaca-se pela&hellip;&nbsp;<a href=\"https:\/\/electricidadeaguas.pt\/?product=catalogo-honeywell-home\" rel=\"bookmark\">Ler mais &raquo;<span class=\"screen-reader-text\">Cat\u00e1logo Honeywell &#8211; Home<\/span><\/a><\/p>\n","protected":false},"featured_media":647,"comment_status":"open","ping_status":"closed","template":"","meta":{"neve_meta_sidebar":"","neve_meta_container":"","neve_meta_enable_content_width":"off","neve_meta_content_width":100,"neve_meta_title_alignment":"","neve_meta_author_avatar":"","neve_post_elements_order":"","neve_meta_disable_header":"","neve_meta_disable_footer":"","neve_meta_disable_title":""},"product_brand":[],"product_cat":[32],"product_tag":[],"class_list":{"0":"post-645","1":"product","2":"type-product","3":"status-publish","4":"has-post-thumbnail","6":"product_cat-honeywell","8":"first","9":"instock","10":"virtual","11":"product-type-simple"},"jetpack_sharing_enabled":true,"_links":{"self":[{"href":"https:\/\/electricidadeaguas.pt\/index.php?rest_route=\/wp\/v2\/product\/645","targetHints":{"allow":["GET"]}}],"collection":[{"href":"https:\/\/electricidadeaguas.pt\/index.php?rest_route=\/wp\/v2\/product"}],"about":[{"href":"https:\/\/electricidadeaguas.pt\/index.php?rest_route=\/wp\/v2\/types\/product"}],"replies":[{"embeddable":true,"href":"https:\/\/electricidadeaguas.pt\/index.php?rest_route=%2Fwp%2Fv2%2Fcomments&post=645"}],"wp:featuredmedia":[{"embeddable":true,"href":"https:\/\/electricidadeaguas.pt\/index.php?rest_route=\/wp\/v2\/media\/647"}],"wp:attachment":[{"href":"https:\/\/electricidadeaguas.pt\/index.php?rest_route=%2Fwp%2Fv2%2Fmedia&parent=645"}],"wp:term":[{"taxonomy":"product_brand","embeddable":true,"href":"https:\/\/electricidadeaguas.pt\/index.php?rest_route=%2Fwp%2Fv2%2Fproduct_brand&post=645"},{"taxonomy":"product_cat","embeddable":true,"href":"https:\/\/electricidadeaguas.pt\/index.php?rest_route=%2Fwp%2Fv2%2Fproduct_cat&post=645"},{"taxonomy":"product_tag","embeddable":true,"href":"https:\/\/electricidadeaguas.pt\/index.php?rest_route=%2Fwp%2Fv2%2Fproduct_tag&post=645"}],"curies":[{"name":"wp","href":"https:\/\/api.w.org\/{rel}","templated":true}]}}