{"id":649,"date":"2025-03-25T14:25:14","date_gmt":"2025-03-25T14:25:14","guid":{"rendered":"https:\/\/electricidadeaguas.pt\/?post_type=product&#038;p=649"},"modified":"2025-03-25T14:25:15","modified_gmt":"2025-03-25T14:25:15","slug":"catalogo-ibotec-geral","status":"publish","type":"product","link":"https:\/\/electricidadeaguas.pt\/?product=catalogo-ibotec-geral","title":{"rendered":"Cat\u00e1logo Ibotec &#8211; Geral"},"content":{"rendered":"<p>O <strong data-start=\"102\" data-end=\"130\">Cat\u00e1logo Geral da IBOTEC<\/strong> apresenta uma vasta gama de <strong data-start=\"159\" data-end=\"194\">tubagens e mangueiras pl\u00e1sticas<\/strong> desenvolvidas para aplica\u00e7\u00f5es em <strong data-start=\"228\" data-end=\"295\">eletricidade, telecomunica\u00e7\u00f5es, drenagem e prote\u00e7\u00e3o de tubagens<\/strong>. Com mais de 40 anos de experi\u00eancia, a <strong data-start=\"335\" data-end=\"345\">IBOTEC<\/strong> destaca-se pela inova\u00e7\u00e3o e qualidade dos seus produtos, garantindo solu\u00e7\u00f5es seguras e eficientes para diversas infraestruturas.<\/p>\n<p class=\"\" data-start=\"1070\" data-end=\"1254\">Os produtos da <strong data-start=\"1085\" data-end=\"1095\">IBOTEC<\/strong> s\u00e3o fabricados de acordo com as normas europeias mais exigentes, assegurando durabilidade, resist\u00eancia e desempenho superior em qualquer tipo de instala\u00e7\u00e3o.<\/p>\n<p class=\"\" data-start=\"1256\" data-end=\"1508\">O <strong data-start=\"1258\" data-end=\"1276\">Cat\u00e1logo Geral<\/strong> cont\u00e9m informa\u00e7\u00f5es detalhadas sobre <strong data-start=\"1313\" data-end=\"1387\">especifica\u00e7\u00f5es t\u00e9cnicas, aplica\u00e7\u00f5es recomendadas e normas de qualidade<\/strong>, auxiliando engenheiros, instaladores e profissionais do setor na escolha das melhores solu\u00e7\u00f5es para os seus projetos.<\/p>\n<p data-start=\"1256\" data-end=\"1508\">Explore mais ao clicar abaixo.<\/p>\n<p data-start=\"1256\" data-end=\"1508\"><a href=\"http:\/\/electricidadeaguas.pt\/wp-content\/uploads\/2025\/03\/fersil_catalogo_geral_compressed.pdf\">fersil_catalogo_geral_compressed<\/a><\/p>\n","protected":false},"excerpt":{"rendered":"<p>O Cat\u00e1logo Geral da IBOTEC apresenta uma vasta gama de tubagens e mangueiras pl\u00e1sticas desenvolvidas para aplica\u00e7\u00f5es em eletricidade, telecomunica\u00e7\u00f5es, drenagem e prote\u00e7\u00e3o de tubagens. Com mais de 40 anos de experi\u00eancia, a IBOTEC destaca-se pela inova\u00e7\u00e3o e qualidade dos seus produtos, garantindo solu\u00e7\u00f5es seguras e eficientes para diversas infraestruturas. Os produtos da IBOTEC s\u00e3o&hellip;&nbsp;<a href=\"https:\/\/electricidadeaguas.pt\/?product=catalogo-ibotec-geral\" rel=\"bookmark\">Ler mais &raquo;<span class=\"screen-reader-text\">Cat\u00e1logo Ibotec &#8211; Geral<\/span><\/a><\/p>\n","protected":false},"featured_media":651,"comment_status":"open","ping_status":"closed","template":"","meta":{"neve_meta_sidebar":"","neve_meta_container":"","neve_meta_enable_content_width":"off","neve_meta_content_width":100,"neve_meta_title_alignment":"","neve_meta_author_avatar":"","neve_post_elements_order":"","neve_meta_disable_header":"","neve_meta_disable_footer":"","neve_meta_disable_title":""},"product_brand":[],"product_cat":[33],"product_tag":[],"class_list":{"0":"post-649","1":"product","2":"type-product","3":"status-publish","4":"has-post-thumbnail","6":"product_cat-ibotec","8":"first","9":"instock","10":"virtual","11":"product-type-simple"},"jetpack_sharing_enabled":true,"_links":{"self":[{"href":"https:\/\/electricidadeaguas.pt\/index.php?rest_route=\/wp\/v2\/product\/649","targetHints":{"allow":["GET"]}}],"collection":[{"href":"https:\/\/electricidadeaguas.pt\/index.php?rest_route=\/wp\/v2\/product"}],"about":[{"href":"https:\/\/electricidadeaguas.pt\/index.php?rest_route=\/wp\/v2\/types\/product"}],"replies":[{"embeddable":true,"href":"https:\/\/electricidadeaguas.pt\/index.php?rest_route=%2Fwp%2Fv2%2Fcomments&post=649"}],"wp:featuredmedia":[{"embeddable":true,"href":"https:\/\/electricidadeaguas.pt\/index.php?rest_route=\/wp\/v2\/media\/651"}],"wp:attachment":[{"href":"https:\/\/electricidadeaguas.pt\/index.php?rest_route=%2Fwp%2Fv2%2Fmedia&parent=649"}],"wp:term":[{"taxonomy":"product_brand","embeddable":true,"href":"https:\/\/electricidadeaguas.pt\/index.php?rest_route=%2Fwp%2Fv2%2Fproduct_brand&post=649"},{"taxonomy":"product_cat","embeddable":true,"href":"https:\/\/electricidadeaguas.pt\/index.php?rest_route=%2Fwp%2Fv2%2Fproduct_cat&post=649"},{"taxonomy":"product_tag","embeddable":true,"href":"https:\/\/electricidadeaguas.pt\/index.php?rest_route=%2Fwp%2Fv2%2Fproduct_tag&post=649"}],"curies":[{"name":"wp","href":"https:\/\/api.w.org\/{rel}","templated":true}]}}