{"id":652,"date":"2025-03-25T14:30:20","date_gmt":"2025-03-25T14:30:20","guid":{"rendered":"https:\/\/electricidadeaguas.pt\/?post_type=product&#038;p=652"},"modified":"2025-03-25T14:36:41","modified_gmt":"2025-03-25T14:36:41","slug":"catalogo-ibotec-grupo-versil","status":"publish","type":"product","link":"https:\/\/electricidadeaguas.pt\/?product=catalogo-ibotec-grupo-versil","title":{"rendered":"Cat\u00e1logo Ibotec &#8211; Grupo Fersil"},"content":{"rendered":"<p>\u200b<span class=\"relative -mx-px my-[-0.2rem] rounded px-px py-[0.2rem]\">A <strong data-start=\"2\" data-end=\"12\">IBOTEC<\/strong>, integrada no <strong data-start=\"27\" data-end=\"43\">Grupo Fersil<\/strong>, disponibiliza uma variedade de cat\u00e1logos especializados que apresentam as suas solu\u00e7\u00f5es em tubagens e mangueiras pl\u00e1sticas.<\/span> <span class=\"relative -mx-px my-[-0.2rem] rounded px-px py-[0.2rem]\">Estes cat\u00e1logos s\u00e3o divididos por \u00e1reas de aplica\u00e7\u00e3o espec\u00edficas, facilitando a sele\u00e7\u00e3o dos produtos adequados para cada projeto.<\/span><\/p>\n<p>Ao clicar abaixo vai ter mais informa\u00e7\u00f5es sobre este cat\u00e1logo.<\/p>\n<p><a href=\"http:\/\/electricidadeaguas.pt\/wp-content\/uploads\/2025\/03\/1677580331-1637538386-1catalogogrupofersilv6afcompressed.pdf\">Cat\u00e1logo Grupo Fersil<\/a><\/p>\n","protected":false},"excerpt":{"rendered":"<p>\u200bA IBOTEC, integrada no Grupo Fersil, disponibiliza uma variedade de cat\u00e1logos especializados que apresentam as suas solu\u00e7\u00f5es em tubagens e mangueiras pl\u00e1sticas. Estes cat\u00e1logos s\u00e3o divididos por \u00e1reas de aplica\u00e7\u00e3o espec\u00edficas, facilitando a sele\u00e7\u00e3o dos produtos adequados para cada projeto. Ao clicar abaixo vai ter mais informa\u00e7\u00f5es sobre este cat\u00e1logo. Cat\u00e1logo Grupo Fersil<\/p>\n","protected":false},"featured_media":654,"comment_status":"open","ping_status":"closed","template":"","meta":{"neve_meta_sidebar":"","neve_meta_container":"","neve_meta_enable_content_width":"off","neve_meta_content_width":100,"neve_meta_title_alignment":"","neve_meta_author_avatar":"","neve_post_elements_order":"","neve_meta_disable_header":"","neve_meta_disable_footer":"","neve_meta_disable_title":""},"product_brand":[],"product_cat":[33],"product_tag":[],"class_list":{"0":"post-652","1":"product","2":"type-product","3":"status-publish","4":"has-post-thumbnail","6":"product_cat-ibotec","8":"first","9":"instock","10":"virtual","11":"product-type-simple"},"jetpack_sharing_enabled":true,"_links":{"self":[{"href":"https:\/\/electricidadeaguas.pt\/index.php?rest_route=\/wp\/v2\/product\/652","targetHints":{"allow":["GET"]}}],"collection":[{"href":"https:\/\/electricidadeaguas.pt\/index.php?rest_route=\/wp\/v2\/product"}],"about":[{"href":"https:\/\/electricidadeaguas.pt\/index.php?rest_route=\/wp\/v2\/types\/product"}],"replies":[{"embeddable":true,"href":"https:\/\/electricidadeaguas.pt\/index.php?rest_route=%2Fwp%2Fv2%2Fcomments&post=652"}],"wp:featuredmedia":[{"embeddable":true,"href":"https:\/\/electricidadeaguas.pt\/index.php?rest_route=\/wp\/v2\/media\/654"}],"wp:attachment":[{"href":"https:\/\/electricidadeaguas.pt\/index.php?rest_route=%2Fwp%2Fv2%2Fmedia&parent=652"}],"wp:term":[{"taxonomy":"product_brand","embeddable":true,"href":"https:\/\/electricidadeaguas.pt\/index.php?rest_route=%2Fwp%2Fv2%2Fproduct_brand&post=652"},{"taxonomy":"product_cat","embeddable":true,"href":"https:\/\/electricidadeaguas.pt\/index.php?rest_route=%2Fwp%2Fv2%2Fproduct_cat&post=652"},{"taxonomy":"product_tag","embeddable":true,"href":"https:\/\/electricidadeaguas.pt\/index.php?rest_route=%2Fwp%2Fv2%2Fproduct_tag&post=652"}],"curies":[{"name":"wp","href":"https:\/\/api.w.org\/{rel}","templated":true}]}}