{"id":659,"date":"2025-03-25T14:45:34","date_gmt":"2025-03-25T14:45:34","guid":{"rendered":"https:\/\/electricidadeaguas.pt\/?post_type=product&#038;p=659"},"modified":"2025-03-25T14:45:34","modified_gmt":"2025-03-25T14:45:34","slug":"catalogo-jsl-geral","status":"publish","type":"product","link":"https:\/\/electricidadeaguas.pt\/?product=catalogo-jsl-geral","title":{"rendered":"Cat\u00e1logo JSL &#8211; Geral"},"content":{"rendered":"<p>O Cat\u00e1logo JSL &#8211; Geral apresenta uma ampla gama de produtos e solu\u00e7\u00f5es inovadoras, desenvolvidas para atender \u00e0s mais diversas necessidades do mercado. Com foco na qualidade, efici\u00eancia e sustentabilidade, oferecemos itens que variam desde solu\u00e7\u00f5es el\u00e9tricas e de canaliza\u00e7\u00e3o at\u00e9 acess\u00f3rios e equipamentos especializados. Cada produto no cat\u00e1logo \u00e9 cuidadosamente selecionado para garantir durabilidade e seguran\u00e7a, proporcionando a melhor experi\u00eancia aos nossos clientes. Explore a nossa variedade e descubra como podemos ajudar a otimizar os seus projetos, com a confian\u00e7a e a excel\u00eancia que a JSL representa.<\/p>\n<p>Explore mais ao clicar abaixo.<\/p>\n<p><a href=\"https:\/\/electrosiluz.pt\/wp-content\/uploads\/2024\/05\/Catalogo-Geral-JSL-2022_2023.pdf\">Cat\u00e1logo JSL &#8211; Geral<\/a><\/p>\n","protected":false},"excerpt":{"rendered":"<p>O Cat\u00e1logo JSL &#8211; Geral apresenta uma ampla gama de produtos e solu\u00e7\u00f5es inovadoras, desenvolvidas para atender \u00e0s mais diversas necessidades do mercado. Com foco na qualidade, efici\u00eancia e sustentabilidade, oferecemos itens que variam desde solu\u00e7\u00f5es el\u00e9tricas e de canaliza\u00e7\u00e3o at\u00e9 acess\u00f3rios e equipamentos especializados. Cada produto no cat\u00e1logo \u00e9 cuidadosamente selecionado para garantir durabilidade&hellip;&nbsp;<a href=\"https:\/\/electricidadeaguas.pt\/?product=catalogo-jsl-geral\" rel=\"bookmark\">Ler mais &raquo;<span class=\"screen-reader-text\">Cat\u00e1logo JSL &#8211; Geral<\/span><\/a><\/p>\n","protected":false},"featured_media":660,"comment_status":"open","ping_status":"closed","template":"","meta":{"neve_meta_sidebar":"","neve_meta_container":"","neve_meta_enable_content_width":"off","neve_meta_content_width":100,"neve_meta_title_alignment":"","neve_meta_author_avatar":"","neve_post_elements_order":"","neve_meta_disable_header":"","neve_meta_disable_footer":"","neve_meta_disable_title":""},"product_brand":[],"product_cat":[34],"product_tag":[],"class_list":{"0":"post-659","1":"product","2":"type-product","3":"status-publish","4":"has-post-thumbnail","6":"product_cat-jsl","8":"first","9":"instock","10":"virtual","11":"product-type-simple"},"jetpack_sharing_enabled":true,"_links":{"self":[{"href":"https:\/\/electricidadeaguas.pt\/index.php?rest_route=\/wp\/v2\/product\/659","targetHints":{"allow":["GET"]}}],"collection":[{"href":"https:\/\/electricidadeaguas.pt\/index.php?rest_route=\/wp\/v2\/product"}],"about":[{"href":"https:\/\/electricidadeaguas.pt\/index.php?rest_route=\/wp\/v2\/types\/product"}],"replies":[{"embeddable":true,"href":"https:\/\/electricidadeaguas.pt\/index.php?rest_route=%2Fwp%2Fv2%2Fcomments&post=659"}],"wp:featuredmedia":[{"embeddable":true,"href":"https:\/\/electricidadeaguas.pt\/index.php?rest_route=\/wp\/v2\/media\/660"}],"wp:attachment":[{"href":"https:\/\/electricidadeaguas.pt\/index.php?rest_route=%2Fwp%2Fv2%2Fmedia&parent=659"}],"wp:term":[{"taxonomy":"product_brand","embeddable":true,"href":"https:\/\/electricidadeaguas.pt\/index.php?rest_route=%2Fwp%2Fv2%2Fproduct_brand&post=659"},{"taxonomy":"product_cat","embeddable":true,"href":"https:\/\/electricidadeaguas.pt\/index.php?rest_route=%2Fwp%2Fv2%2Fproduct_cat&post=659"},{"taxonomy":"product_tag","embeddable":true,"href":"https:\/\/electricidadeaguas.pt\/index.php?rest_route=%2Fwp%2Fv2%2Fproduct_tag&post=659"}],"curies":[{"name":"wp","href":"https:\/\/api.w.org\/{rel}","templated":true}]}}