{"id":662,"date":"2025-03-25T15:07:41","date_gmt":"2025-03-25T15:07:41","guid":{"rendered":"https:\/\/electricidadeaguas.pt\/?post_type=product&#038;p=662"},"modified":"2025-03-25T15:07:41","modified_gmt":"2025-03-25T15:07:41","slug":"catalogo-miguelez-guia-de-consulta-rapida","status":"publish","type":"product","link":"https:\/\/electricidadeaguas.pt\/?product=catalogo-miguelez-guia-de-consulta-rapida","title":{"rendered":"Cat\u00e1logo Miguelez &#8211; Guia de Consulta R\u00e1pida"},"content":{"rendered":"<p>O <strong data-start=\"144\" data-end=\"191\" data-is-only-node=\"\">Cat\u00e1logo Migu\u00e9lez &#8211; Guia de Consulta R\u00e1pida<\/strong> foi desenvolvido para proporcionar uma maneira pr\u00e1tica e eficiente de acessar as solu\u00e7\u00f5es de cabos el\u00e9tricos e acess\u00f3rios oferecidos pela Migu\u00e9lez.<\/p>\n<p>Neste guia, voc\u00ea encontrar\u00e1 informa\u00e7\u00f5es detalhadas sobre os produtos, incluindo especifica\u00e7\u00f5es t\u00e9cnicas, categorias de cabos, op\u00e7\u00f5es de personaliza\u00e7\u00e3o e recomenda\u00e7\u00f5es de uso para diferentes aplica\u00e7\u00f5es. Com uma navega\u00e7\u00e3o intuitiva e organizada, este cat\u00e1logo foi projetado para atender tanto profissionais do setor quanto clientes que buscam qualidade e confiabilidade em solu\u00e7\u00f5es el\u00e9tricas.<\/p>\n<p>Consulte rapidamente os produtos que melhor atendem \u00e0s suas necessidades e descubra as vantagens de contar com a Migu\u00e9lez, uma refer\u00eancia no mercado de cabos el\u00e9tricos.<\/p>\n<p>Explore este cat\u00e1logo ao clicar abaixo.<\/p>\n<p><a href=\"http:\/\/electricidadeaguas.pt\/wp-content\/uploads\/2025\/03\/guia-de-consulta-rapida-gamas-pt_unlocked_compressed.pdf\">guia-de-consulta-rapida<\/a><\/p>\n","protected":false},"excerpt":{"rendered":"<p>O Cat\u00e1logo Migu\u00e9lez &#8211; Guia de Consulta R\u00e1pida foi desenvolvido para proporcionar uma maneira pr\u00e1tica e eficiente de acessar as solu\u00e7\u00f5es de cabos el\u00e9tricos e acess\u00f3rios oferecidos pela Migu\u00e9lez. Neste guia, voc\u00ea encontrar\u00e1 informa\u00e7\u00f5es detalhadas sobre os produtos, incluindo especifica\u00e7\u00f5es t\u00e9cnicas, categorias de cabos, op\u00e7\u00f5es de personaliza\u00e7\u00e3o e recomenda\u00e7\u00f5es de uso para diferentes aplica\u00e7\u00f5es. Com&hellip;&nbsp;<a href=\"https:\/\/electricidadeaguas.pt\/?product=catalogo-miguelez-guia-de-consulta-rapida\" rel=\"bookmark\">Ler mais &raquo;<span class=\"screen-reader-text\">Cat\u00e1logo Miguelez &#8211; Guia de Consulta R\u00e1pida<\/span><\/a><\/p>\n","protected":false},"featured_media":664,"comment_status":"open","ping_status":"closed","template":"","meta":{"neve_meta_sidebar":"","neve_meta_container":"","neve_meta_enable_content_width":"off","neve_meta_content_width":100,"neve_meta_title_alignment":"","neve_meta_author_avatar":"","neve_post_elements_order":"","neve_meta_disable_header":"","neve_meta_disable_footer":"","neve_meta_disable_title":""},"product_brand":[],"product_cat":[35],"product_tag":[],"class_list":{"0":"post-662","1":"product","2":"type-product","3":"status-publish","4":"has-post-thumbnail","6":"product_cat-miguelez","8":"first","9":"instock","10":"virtual","11":"product-type-simple"},"jetpack_sharing_enabled":true,"_links":{"self":[{"href":"https:\/\/electricidadeaguas.pt\/index.php?rest_route=\/wp\/v2\/product\/662","targetHints":{"allow":["GET"]}}],"collection":[{"href":"https:\/\/electricidadeaguas.pt\/index.php?rest_route=\/wp\/v2\/product"}],"about":[{"href":"https:\/\/electricidadeaguas.pt\/index.php?rest_route=\/wp\/v2\/types\/product"}],"replies":[{"embeddable":true,"href":"https:\/\/electricidadeaguas.pt\/index.php?rest_route=%2Fwp%2Fv2%2Fcomments&post=662"}],"wp:featuredmedia":[{"embeddable":true,"href":"https:\/\/electricidadeaguas.pt\/index.php?rest_route=\/wp\/v2\/media\/664"}],"wp:attachment":[{"href":"https:\/\/electricidadeaguas.pt\/index.php?rest_route=%2Fwp%2Fv2%2Fmedia&parent=662"}],"wp:term":[{"taxonomy":"product_brand","embeddable":true,"href":"https:\/\/electricidadeaguas.pt\/index.php?rest_route=%2Fwp%2Fv2%2Fproduct_brand&post=662"},{"taxonomy":"product_cat","embeddable":true,"href":"https:\/\/electricidadeaguas.pt\/index.php?rest_route=%2Fwp%2Fv2%2Fproduct_cat&post=662"},{"taxonomy":"product_tag","embeddable":true,"href":"https:\/\/electricidadeaguas.pt\/index.php?rest_route=%2Fwp%2Fv2%2Fproduct_tag&post=662"}],"curies":[{"name":"wp","href":"https:\/\/api.w.org\/{rel}","templated":true}]}}