{"id":665,"date":"2025-03-25T15:10:32","date_gmt":"2025-03-25T15:10:32","guid":{"rendered":"https:\/\/electricidadeaguas.pt\/?post_type=product&#038;p=665"},"modified":"2025-03-25T15:10:32","modified_gmt":"2025-03-25T15:10:32","slug":"catalogo-miguelez-instalacoes-fotovoltaicas","status":"publish","type":"product","link":"https:\/\/electricidadeaguas.pt\/?product=catalogo-miguelez-instalacoes-fotovoltaicas","title":{"rendered":"Cat\u00e1logo Miguelez &#8211; Instala\u00e7\u00f5es Fotovoltaicas"},"content":{"rendered":"<p>O <strong data-start=\"149\" data-end=\"198\" data-is-only-node=\"\">Cat\u00e1logo Migu\u00e9lez &#8211; Instala\u00e7\u00f5es Fotovoltaicas<\/strong> \u00e9 a ferramenta ideal para quem busca solu\u00e7\u00f5es eficientes e sustent\u00e1veis no setor de energia solar.<\/p>\n<p>Este cat\u00e1logo apresenta uma vasta gama de produtos e componentes para a instala\u00e7\u00e3o de sistemas fotovoltaicos, incluindo cabos, conectores, disjuntores e outros acess\u00f3rios essenciais para garantir a performance e seguran\u00e7a das instala\u00e7\u00f5es. Com foco na inova\u00e7\u00e3o e na sustentabilidade, a Migu\u00e9lez oferece solu\u00e7\u00f5es que contribuem para a redu\u00e7\u00e3o de emiss\u00f5es de carbono e ajudam a aproveitar ao m\u00e1ximo a energia solar, uma fonte limpa e renov\u00e1vel.<\/p>\n<p>Atrav\u00e9s deste guia, profissionais e empresas podem encontrar produtos de alta qualidade, projetados para atender aos mais altos padr\u00f5es de desempenho e durabilidade.<\/p>\n<p>Explore este cat\u00e1logo ao clicar abaixo.<\/p>\n<p><a href=\"http:\/\/electricidadeaguas.pt\/wp-content\/uploads\/2025\/03\/dossier-instalacoes-fotovoltaicas-pt_unlocked_compressed.pdf\">instalacoes-fotovoltaicas<\/a><\/p>\n","protected":false},"excerpt":{"rendered":"<p>O Cat\u00e1logo Migu\u00e9lez &#8211; Instala\u00e7\u00f5es Fotovoltaicas \u00e9 a ferramenta ideal para quem busca solu\u00e7\u00f5es eficientes e sustent\u00e1veis no setor de energia solar. Este cat\u00e1logo apresenta uma vasta gama de produtos e componentes para a instala\u00e7\u00e3o de sistemas fotovoltaicos, incluindo cabos, conectores, disjuntores e outros acess\u00f3rios essenciais para garantir a performance e seguran\u00e7a das instala\u00e7\u00f5es. Com&hellip;&nbsp;<a href=\"https:\/\/electricidadeaguas.pt\/?product=catalogo-miguelez-instalacoes-fotovoltaicas\" rel=\"bookmark\">Ler mais &raquo;<span class=\"screen-reader-text\">Cat\u00e1logo Miguelez &#8211; Instala\u00e7\u00f5es Fotovoltaicas<\/span><\/a><\/p>\n","protected":false},"featured_media":667,"comment_status":"open","ping_status":"closed","template":"","meta":{"neve_meta_sidebar":"","neve_meta_container":"","neve_meta_enable_content_width":"off","neve_meta_content_width":100,"neve_meta_title_alignment":"","neve_meta_author_avatar":"","neve_post_elements_order":"","neve_meta_disable_header":"","neve_meta_disable_footer":"","neve_meta_disable_title":""},"product_brand":[],"product_cat":[35],"product_tag":[],"class_list":{"0":"post-665","1":"product","2":"type-product","3":"status-publish","4":"has-post-thumbnail","6":"product_cat-miguelez","8":"first","9":"instock","10":"virtual","11":"product-type-simple"},"jetpack_sharing_enabled":true,"_links":{"self":[{"href":"https:\/\/electricidadeaguas.pt\/index.php?rest_route=\/wp\/v2\/product\/665","targetHints":{"allow":["GET"]}}],"collection":[{"href":"https:\/\/electricidadeaguas.pt\/index.php?rest_route=\/wp\/v2\/product"}],"about":[{"href":"https:\/\/electricidadeaguas.pt\/index.php?rest_route=\/wp\/v2\/types\/product"}],"replies":[{"embeddable":true,"href":"https:\/\/electricidadeaguas.pt\/index.php?rest_route=%2Fwp%2Fv2%2Fcomments&post=665"}],"wp:featuredmedia":[{"embeddable":true,"href":"https:\/\/electricidadeaguas.pt\/index.php?rest_route=\/wp\/v2\/media\/667"}],"wp:attachment":[{"href":"https:\/\/electricidadeaguas.pt\/index.php?rest_route=%2Fwp%2Fv2%2Fmedia&parent=665"}],"wp:term":[{"taxonomy":"product_brand","embeddable":true,"href":"https:\/\/electricidadeaguas.pt\/index.php?rest_route=%2Fwp%2Fv2%2Fproduct_brand&post=665"},{"taxonomy":"product_cat","embeddable":true,"href":"https:\/\/electricidadeaguas.pt\/index.php?rest_route=%2Fwp%2Fv2%2Fproduct_cat&post=665"},{"taxonomy":"product_tag","embeddable":true,"href":"https:\/\/electricidadeaguas.pt\/index.php?rest_route=%2Fwp%2Fv2%2Fproduct_tag&post=665"}],"curies":[{"name":"wp","href":"https:\/\/api.w.org\/{rel}","templated":true}]}}