{"id":668,"date":"2025-03-25T15:14:28","date_gmt":"2025-03-25T15:14:28","guid":{"rendered":"https:\/\/electricidadeaguas.pt\/?post_type=product&#038;p=668"},"modified":"2025-03-25T15:14:28","modified_gmt":"2025-03-25T15:14:28","slug":"catalogo-miguelez-cabos","status":"publish","type":"product","link":"https:\/\/electricidadeaguas.pt\/?product=catalogo-miguelez-cabos","title":{"rendered":"Cat\u00e1logo Miguelez &#8211; Cabos"},"content":{"rendered":"<p>O <strong data-start=\"108\" data-end=\"137\" data-is-only-node=\"\">Cat\u00e1logo Migu\u00e9lez &#8211; Cabos<\/strong> oferece uma ampla variedade de cabos el\u00e9tricos de alta qualidade, projetados para atender \u00e0s necessidades mais exigentes de diversos setores, como constru\u00e7\u00e3o, ind\u00fastria, telecomunica\u00e7\u00f5es e energias renov\u00e1veis.<\/p>\n<p>Neste cat\u00e1logo, voc\u00ea encontrar\u00e1 cabos de diferentes tipologias, como cabos de pot\u00eancia, cabos de controlo, cabos de telecomunica\u00e7\u00f5es e cabos fotovoltaicos, todos com especifica\u00e7\u00f5es t\u00e9cnicas detalhadas para garantir seguran\u00e7a, efici\u00eancia e durabilidade em cada aplica\u00e7\u00e3o.<\/p>\n<p>Com a confian\u00e7a que a marca Migu\u00e9lez oferece, nossos cabos s\u00e3o produzidos de acordo com as mais rigorosas normas internacionais, assegurando um desempenho superior em todas as condi\u00e7\u00f5es de instala\u00e7\u00e3o.<\/p>\n<p>Visite este cat\u00e1logo ao clicar abaixo.<\/p>\n<p><a href=\"http:\/\/electricidadeaguas.pt\/wp-content\/uploads\/2025\/03\/miguelezcatalogo_pt_compressed-1.pdf\">miguelez &#8211; catalogo<\/a><\/p>\n","protected":false},"excerpt":{"rendered":"<p>O Cat\u00e1logo Migu\u00e9lez &#8211; Cabos oferece uma ampla variedade de cabos el\u00e9tricos de alta qualidade, projetados para atender \u00e0s necessidades mais exigentes de diversos setores, como constru\u00e7\u00e3o, ind\u00fastria, telecomunica\u00e7\u00f5es e energias renov\u00e1veis. Neste cat\u00e1logo, voc\u00ea encontrar\u00e1 cabos de diferentes tipologias, como cabos de pot\u00eancia, cabos de controlo, cabos de telecomunica\u00e7\u00f5es e cabos fotovoltaicos, todos com&hellip;&nbsp;<a href=\"https:\/\/electricidadeaguas.pt\/?product=catalogo-miguelez-cabos\" rel=\"bookmark\">Ler mais &raquo;<span class=\"screen-reader-text\">Cat\u00e1logo Miguelez &#8211; Cabos<\/span><\/a><\/p>\n","protected":false},"featured_media":670,"comment_status":"open","ping_status":"closed","template":"","meta":{"neve_meta_sidebar":"","neve_meta_container":"","neve_meta_enable_content_width":"off","neve_meta_content_width":100,"neve_meta_title_alignment":"","neve_meta_author_avatar":"","neve_post_elements_order":"","neve_meta_disable_header":"","neve_meta_disable_footer":"","neve_meta_disable_title":""},"product_brand":[],"product_cat":[35],"product_tag":[],"class_list":{"0":"post-668","1":"product","2":"type-product","3":"status-publish","4":"has-post-thumbnail","6":"product_cat-miguelez","8":"first","9":"instock","10":"virtual","11":"product-type-simple"},"jetpack_sharing_enabled":true,"_links":{"self":[{"href":"https:\/\/electricidadeaguas.pt\/index.php?rest_route=\/wp\/v2\/product\/668","targetHints":{"allow":["GET"]}}],"collection":[{"href":"https:\/\/electricidadeaguas.pt\/index.php?rest_route=\/wp\/v2\/product"}],"about":[{"href":"https:\/\/electricidadeaguas.pt\/index.php?rest_route=\/wp\/v2\/types\/product"}],"replies":[{"embeddable":true,"href":"https:\/\/electricidadeaguas.pt\/index.php?rest_route=%2Fwp%2Fv2%2Fcomments&post=668"}],"wp:featuredmedia":[{"embeddable":true,"href":"https:\/\/electricidadeaguas.pt\/index.php?rest_route=\/wp\/v2\/media\/670"}],"wp:attachment":[{"href":"https:\/\/electricidadeaguas.pt\/index.php?rest_route=%2Fwp%2Fv2%2Fmedia&parent=668"}],"wp:term":[{"taxonomy":"product_brand","embeddable":true,"href":"https:\/\/electricidadeaguas.pt\/index.php?rest_route=%2Fwp%2Fv2%2Fproduct_brand&post=668"},{"taxonomy":"product_cat","embeddable":true,"href":"https:\/\/electricidadeaguas.pt\/index.php?rest_route=%2Fwp%2Fv2%2Fproduct_cat&post=668"},{"taxonomy":"product_tag","embeddable":true,"href":"https:\/\/electricidadeaguas.pt\/index.php?rest_route=%2Fwp%2Fv2%2Fproduct_tag&post=668"}],"curies":[{"name":"wp","href":"https:\/\/api.w.org\/{rel}","templated":true}]}}