{"id":672,"date":"2025-03-25T15:31:24","date_gmt":"2025-03-25T15:31:24","guid":{"rendered":"https:\/\/electricidadeaguas.pt\/?post_type=product&#038;p=672"},"modified":"2025-03-25T15:31:24","modified_gmt":"2025-03-25T15:31:24","slug":"catalogo-nexans-windlink","status":"publish","type":"product","link":"https:\/\/electricidadeaguas.pt\/?product=catalogo-nexans-windlink","title":{"rendered":"Cat\u00e1logo Nexans &#8211; WindLink"},"content":{"rendered":"<p class=\"\" data-start=\"34\" data-end=\"585\">O <strong data-start=\"36\" data-end=\"66\">Cat\u00e1logo Nexans &#8211; WindLink<\/strong> apresenta solu\u00e7\u00f5es espec\u00edficas para a ind\u00fastria de energia e\u00f3lica, com foco em cabos e sistemas de cabos altamente eficientes para parques e\u00f3licos. A linha <strong data-start=\"223\" data-end=\"235\">WindLink<\/strong> da Nexans oferece produtos projetados para atender aos desafios de instala\u00e7\u00f5es e opera\u00e7\u00f5es em ambientes exigentes e de dif\u00edcil acesso. Entre os produtos destacados no cat\u00e1logo est\u00e3o cabos de pot\u00eancia, cabos de controle e comunica\u00e7\u00e3o, todos desenvolvidos para garantir a m\u00e1xima performance, seguran\u00e7a e resist\u00eancia, mesmo nas condi\u00e7\u00f5es mais adversas.<\/p>\n<p class=\"\" data-start=\"587\" data-end=\"947\">Com o <strong data-start=\"593\" data-end=\"605\">WindLink<\/strong>, a Nexans assegura uma comunica\u00e7\u00e3o eficiente e a transmiss\u00e3o de energia de forma confi\u00e1vel, contribuindo para o desenvolvimento sustent\u00e1vel do setor e\u00f3lico. O cat\u00e1logo fornece detalhes sobre os cabos, suas especifica\u00e7\u00f5es t\u00e9cnicas, compatibilidade com diferentes tipos de turbinas e m\u00e9todos de instala\u00e7\u00e3o para garantir uma opera\u00e7\u00e3o otimizada.<\/p>\n<p data-start=\"587\" data-end=\"947\">Veja mais sobre o cat\u00e1logo ao clicar abaixo.<\/p>\n<p data-start=\"587\" data-end=\"947\"><a href=\"http:\/\/electricidadeaguas.pt\/wp-content\/uploads\/2025\/03\/WindLink.pdf\">WindLink<\/a><\/p>\n","protected":false},"excerpt":{"rendered":"<p>O Cat\u00e1logo Nexans &#8211; WindLink apresenta solu\u00e7\u00f5es espec\u00edficas para a ind\u00fastria de energia e\u00f3lica, com foco em cabos e sistemas de cabos altamente eficientes para parques e\u00f3licos. A linha WindLink da Nexans oferece produtos projetados para atender aos desafios de instala\u00e7\u00f5es e opera\u00e7\u00f5es em ambientes exigentes e de dif\u00edcil acesso. Entre os produtos destacados no&hellip;&nbsp;<a href=\"https:\/\/electricidadeaguas.pt\/?product=catalogo-nexans-windlink\" rel=\"bookmark\">Ler mais &raquo;<span class=\"screen-reader-text\">Cat\u00e1logo Nexans &#8211; WindLink<\/span><\/a><\/p>\n","protected":false},"featured_media":674,"comment_status":"open","ping_status":"closed","template":"","meta":{"neve_meta_sidebar":"","neve_meta_container":"","neve_meta_enable_content_width":"off","neve_meta_content_width":100,"neve_meta_title_alignment":"","neve_meta_author_avatar":"","neve_post_elements_order":"","neve_meta_disable_header":"","neve_meta_disable_footer":"","neve_meta_disable_title":""},"product_brand":[],"product_cat":[36],"product_tag":[],"class_list":{"0":"post-672","1":"product","2":"type-product","3":"status-publish","4":"has-post-thumbnail","6":"product_cat-nexans","8":"first","9":"instock","10":"virtual","11":"product-type-simple"},"jetpack_sharing_enabled":true,"_links":{"self":[{"href":"https:\/\/electricidadeaguas.pt\/index.php?rest_route=\/wp\/v2\/product\/672","targetHints":{"allow":["GET"]}}],"collection":[{"href":"https:\/\/electricidadeaguas.pt\/index.php?rest_route=\/wp\/v2\/product"}],"about":[{"href":"https:\/\/electricidadeaguas.pt\/index.php?rest_route=\/wp\/v2\/types\/product"}],"replies":[{"embeddable":true,"href":"https:\/\/electricidadeaguas.pt\/index.php?rest_route=%2Fwp%2Fv2%2Fcomments&post=672"}],"wp:featuredmedia":[{"embeddable":true,"href":"https:\/\/electricidadeaguas.pt\/index.php?rest_route=\/wp\/v2\/media\/674"}],"wp:attachment":[{"href":"https:\/\/electricidadeaguas.pt\/index.php?rest_route=%2Fwp%2Fv2%2Fmedia&parent=672"}],"wp:term":[{"taxonomy":"product_brand","embeddable":true,"href":"https:\/\/electricidadeaguas.pt\/index.php?rest_route=%2Fwp%2Fv2%2Fproduct_brand&post=672"},{"taxonomy":"product_cat","embeddable":true,"href":"https:\/\/electricidadeaguas.pt\/index.php?rest_route=%2Fwp%2Fv2%2Fproduct_cat&post=672"},{"taxonomy":"product_tag","embeddable":true,"href":"https:\/\/electricidadeaguas.pt\/index.php?rest_route=%2Fwp%2Fv2%2Fproduct_tag&post=672"}],"curies":[{"name":"wp","href":"https:\/\/api.w.org\/{rel}","templated":true}]}}