{"id":675,"date":"2025-03-25T15:34:08","date_gmt":"2025-03-25T15:34:08","guid":{"rendered":"https:\/\/electricidadeaguas.pt\/?post_type=product&#038;p=675"},"modified":"2025-03-25T15:34:08","modified_gmt":"2025-03-25T15:34:08","slug":"catalogo-nexans-shiplink","status":"publish","type":"product","link":"https:\/\/electricidadeaguas.pt\/?product=catalogo-nexans-shiplink","title":{"rendered":"Cat\u00e1logo Nexans &#8211; ShipLink"},"content":{"rendered":"<p class=\"\" data-start=\"32\" data-end=\"481\">O <strong data-start=\"34\" data-end=\"64\">Cat\u00e1logo Nexans &#8211; ShipLink<\/strong> \u00e9 uma linha especializada de solu\u00e7\u00f5es para a ind\u00fastria naval, desenvolvida para oferecer cabos e sistemas de cabos de alta qualidade para embarca\u00e7\u00f5es e plataformas offshore. A linha <strong data-start=\"247\" data-end=\"259\">ShipLink<\/strong> da Nexans foi projetada para atender aos requisitos exigentes do setor mar\u00edtimo, proporcionando cabos de pot\u00eancia, comunica\u00e7\u00e3o e controle que garantem desempenho, seguran\u00e7a e durabilidade em ambientes marinhos agressivos.<\/p>\n<p class=\"\" data-start=\"483\" data-end=\"904\">Os cabos <strong data-start=\"492\" data-end=\"504\">ShipLink<\/strong> s\u00e3o fabricados com materiais resistentes \u00e0 corros\u00e3o e projetados para suportar condi\u00e7\u00f5es extremas de temperatura, umidade e movimentos das embarca\u00e7\u00f5es. O cat\u00e1logo fornece informa\u00e7\u00f5es detalhadas sobre as especifica\u00e7\u00f5es t\u00e9cnicas, aplica\u00e7\u00f5es recomendadas, op\u00e7\u00f5es de personaliza\u00e7\u00e3o e compatibilidade com diferentes tipos de embarca\u00e7\u00f5es, desde barcos e petroleiros at\u00e9 plataformas de perfura\u00e7\u00e3o offshore.<\/p>\n<p class=\"\" data-start=\"906\" data-end=\"1119\">A <strong data-start=\"908\" data-end=\"920\">ShipLink<\/strong> \u00e9 uma solu\u00e7\u00e3o essencial para garantir a continuidade operacional das embarca\u00e7\u00f5es e plataformas no transporte de energia e dados, com a confian\u00e7a que a Nexans oferece em produtos de alta performance.<\/p>\n<p data-start=\"906\" data-end=\"1119\">Explore este cat\u00e1logo ao clicar abaixo.<\/p>\n<p data-start=\"906\" data-end=\"1119\"><a href=\"http:\/\/electricidadeaguas.pt\/wp-content\/uploads\/2025\/03\/ShipLink2016.pdf\">ShipLink<\/a><\/p>\n","protected":false},"excerpt":{"rendered":"<p>O Cat\u00e1logo Nexans &#8211; ShipLink \u00e9 uma linha especializada de solu\u00e7\u00f5es para a ind\u00fastria naval, desenvolvida para oferecer cabos e sistemas de cabos de alta qualidade para embarca\u00e7\u00f5es e plataformas offshore. A linha ShipLink da Nexans foi projetada para atender aos requisitos exigentes do setor mar\u00edtimo, proporcionando cabos de pot\u00eancia, comunica\u00e7\u00e3o e controle que garantem&hellip;&nbsp;<a href=\"https:\/\/electricidadeaguas.pt\/?product=catalogo-nexans-shiplink\" rel=\"bookmark\">Ler mais &raquo;<span class=\"screen-reader-text\">Cat\u00e1logo Nexans &#8211; ShipLink<\/span><\/a><\/p>\n","protected":false},"featured_media":677,"comment_status":"open","ping_status":"closed","template":"","meta":{"neve_meta_sidebar":"","neve_meta_container":"","neve_meta_enable_content_width":"off","neve_meta_content_width":100,"neve_meta_title_alignment":"","neve_meta_author_avatar":"","neve_post_elements_order":"","neve_meta_disable_header":"","neve_meta_disable_footer":"","neve_meta_disable_title":""},"product_brand":[],"product_cat":[36],"product_tag":[],"class_list":{"0":"post-675","1":"product","2":"type-product","3":"status-publish","4":"has-post-thumbnail","6":"product_cat-nexans","8":"first","9":"instock","10":"virtual","11":"product-type-simple"},"jetpack_sharing_enabled":true,"_links":{"self":[{"href":"https:\/\/electricidadeaguas.pt\/index.php?rest_route=\/wp\/v2\/product\/675","targetHints":{"allow":["GET"]}}],"collection":[{"href":"https:\/\/electricidadeaguas.pt\/index.php?rest_route=\/wp\/v2\/product"}],"about":[{"href":"https:\/\/electricidadeaguas.pt\/index.php?rest_route=\/wp\/v2\/types\/product"}],"replies":[{"embeddable":true,"href":"https:\/\/electricidadeaguas.pt\/index.php?rest_route=%2Fwp%2Fv2%2Fcomments&post=675"}],"wp:featuredmedia":[{"embeddable":true,"href":"https:\/\/electricidadeaguas.pt\/index.php?rest_route=\/wp\/v2\/media\/677"}],"wp:attachment":[{"href":"https:\/\/electricidadeaguas.pt\/index.php?rest_route=%2Fwp%2Fv2%2Fmedia&parent=675"}],"wp:term":[{"taxonomy":"product_brand","embeddable":true,"href":"https:\/\/electricidadeaguas.pt\/index.php?rest_route=%2Fwp%2Fv2%2Fproduct_brand&post=675"},{"taxonomy":"product_cat","embeddable":true,"href":"https:\/\/electricidadeaguas.pt\/index.php?rest_route=%2Fwp%2Fv2%2Fproduct_cat&post=675"},{"taxonomy":"product_tag","embeddable":true,"href":"https:\/\/electricidadeaguas.pt\/index.php?rest_route=%2Fwp%2Fv2%2Fproduct_tag&post=675"}],"curies":[{"name":"wp","href":"https:\/\/api.w.org\/{rel}","templated":true}]}}