{"id":678,"date":"2025-03-25T15:37:09","date_gmt":"2025-03-25T15:37:09","guid":{"rendered":"https:\/\/electricidadeaguas.pt\/?post_type=product&#038;p=678"},"modified":"2025-03-25T15:37:09","modified_gmt":"2025-03-25T15:37:09","slug":"catalogo-nexans-mobiway","status":"publish","type":"product","link":"https:\/\/electricidadeaguas.pt\/?product=catalogo-nexans-mobiway","title":{"rendered":"Cat\u00e1logo Nexans &#8211; Mobiway"},"content":{"rendered":"<p class=\"\" data-start=\"31\" data-end=\"450\">O <strong data-start=\"33\" data-end=\"62\">Cat\u00e1logo Nexans &#8211; Mobiway<\/strong> apresenta solu\u00e7\u00f5es inovadoras e eficientes para a mobilidade el\u00e9trica, com foco em cabos e sistemas para a infraestrutura de carregamento de ve\u00edculos el\u00e9tricos. A linha <strong data-start=\"232\" data-end=\"243\">Mobiway<\/strong> da Nexans \u00e9 especialmente desenvolvida para atender \u00e0s crescentes demandas do mercado de ve\u00edculos el\u00e9tricos, oferecendo produtos de alta qualidade para garantir um carregamento r\u00e1pido, seguro e sustent\u00e1vel.<\/p>\n<p class=\"\" data-start=\"452\" data-end=\"905\">Os cabos <strong data-start=\"461\" data-end=\"472\">Mobiway<\/strong> s\u00e3o projetados para suportar a alta demanda de energia necess\u00e1ria para a carga de baterias de ve\u00edculos el\u00e9tricos, com \u00eanfase em seguran\u00e7a, flexibilidade e durabilidade. O cat\u00e1logo detalha as op\u00e7\u00f5es de cabos para diferentes tipos de esta\u00e7\u00f5es de carregamento, al\u00e9m de apresentar as especifica\u00e7\u00f5es t\u00e9cnicas, solu\u00e7\u00f5es de integra\u00e7\u00e3o e instala\u00e7\u00f5es recomendadas, assegurando que a infraestrutura de carregamento seja eficiente e confi\u00e1vel.<\/p>\n<p class=\"\" data-start=\"907\" data-end=\"1110\">Com a linha <strong data-start=\"919\" data-end=\"930\">Mobiway<\/strong>, a Nexans contribui para o crescimento e a inova\u00e7\u00e3o no setor de mobilidade el\u00e9trica, proporcionando solu\u00e7\u00f5es que facilitam a transi\u00e7\u00e3o para um futuro mais sustent\u00e1vel e conectado.<\/p>\n<p data-start=\"907\" data-end=\"1110\">Para explorar este cat\u00e1logo clique abaixo.<\/p>\n<p data-start=\"907\" data-end=\"1110\"><a href=\"http:\/\/electricidadeaguas.pt\/wp-content\/uploads\/2025\/03\/Mobiway.pdf\">Mobiway<\/a><\/p>\n","protected":false},"excerpt":{"rendered":"<p>O Cat\u00e1logo Nexans &#8211; Mobiway apresenta solu\u00e7\u00f5es inovadoras e eficientes para a mobilidade el\u00e9trica, com foco em cabos e sistemas para a infraestrutura de carregamento de ve\u00edculos el\u00e9tricos. A linha Mobiway da Nexans \u00e9 especialmente desenvolvida para atender \u00e0s crescentes demandas do mercado de ve\u00edculos el\u00e9tricos, oferecendo produtos de alta qualidade para garantir um carregamento&hellip;&nbsp;<a href=\"https:\/\/electricidadeaguas.pt\/?product=catalogo-nexans-mobiway\" rel=\"bookmark\">Ler mais &raquo;<span class=\"screen-reader-text\">Cat\u00e1logo Nexans &#8211; Mobiway<\/span><\/a><\/p>\n","protected":false},"featured_media":680,"comment_status":"open","ping_status":"closed","template":"","meta":{"neve_meta_sidebar":"","neve_meta_container":"","neve_meta_enable_content_width":"off","neve_meta_content_width":100,"neve_meta_title_alignment":"","neve_meta_author_avatar":"","neve_post_elements_order":"","neve_meta_disable_header":"","neve_meta_disable_footer":"","neve_meta_disable_title":""},"product_brand":[],"product_cat":[36],"product_tag":[],"class_list":{"0":"post-678","1":"product","2":"type-product","3":"status-publish","4":"has-post-thumbnail","6":"product_cat-nexans","8":"first","9":"instock","10":"virtual","11":"product-type-simple"},"jetpack_sharing_enabled":true,"_links":{"self":[{"href":"https:\/\/electricidadeaguas.pt\/index.php?rest_route=\/wp\/v2\/product\/678","targetHints":{"allow":["GET"]}}],"collection":[{"href":"https:\/\/electricidadeaguas.pt\/index.php?rest_route=\/wp\/v2\/product"}],"about":[{"href":"https:\/\/electricidadeaguas.pt\/index.php?rest_route=\/wp\/v2\/types\/product"}],"replies":[{"embeddable":true,"href":"https:\/\/electricidadeaguas.pt\/index.php?rest_route=%2Fwp%2Fv2%2Fcomments&post=678"}],"wp:featuredmedia":[{"embeddable":true,"href":"https:\/\/electricidadeaguas.pt\/index.php?rest_route=\/wp\/v2\/media\/680"}],"wp:attachment":[{"href":"https:\/\/electricidadeaguas.pt\/index.php?rest_route=%2Fwp%2Fv2%2Fmedia&parent=678"}],"wp:term":[{"taxonomy":"product_brand","embeddable":true,"href":"https:\/\/electricidadeaguas.pt\/index.php?rest_route=%2Fwp%2Fv2%2Fproduct_brand&post=678"},{"taxonomy":"product_cat","embeddable":true,"href":"https:\/\/electricidadeaguas.pt\/index.php?rest_route=%2Fwp%2Fv2%2Fproduct_cat&post=678"},{"taxonomy":"product_tag","embeddable":true,"href":"https:\/\/electricidadeaguas.pt\/index.php?rest_route=%2Fwp%2Fv2%2Fproduct_tag&post=678"}],"curies":[{"name":"wp","href":"https:\/\/api.w.org\/{rel}","templated":true}]}}