{"id":682,"date":"2025-03-25T16:41:18","date_gmt":"2025-03-25T16:41:18","guid":{"rendered":"https:\/\/electricidadeaguas.pt\/?post_type=product&#038;p=682"},"modified":"2025-03-25T16:41:19","modified_gmt":"2025-03-25T16:41:19","slug":"catalogo-osram-light-motion","status":"publish","type":"product","link":"https:\/\/electricidadeaguas.pt\/?product=catalogo-osram-light-motion","title":{"rendered":"Cat\u00e1logo Osram &#8211; Light Motion"},"content":{"rendered":"<p class=\"\" data-start=\"37\" data-end=\"437\">O <strong data-start=\"39\" data-end=\"72\">Cat\u00e1logo OSRAM &#8211; Light Motion<\/strong> apresenta solu\u00e7\u00f5es inovadoras de ilumina\u00e7\u00e3o para aplica\u00e7\u00f5es din\u00e2micas, combinando tecnologia de ponta com efici\u00eancia energ\u00e9tica. A linha <strong data-start=\"210\" data-end=\"226\">Light Motion<\/strong> da OSRAM \u00e9 projetada para oferecer ilumina\u00e7\u00e3o inteligente e vers\u00e1til para diversas necessidades, desde ambientes urbanos e comerciais at\u00e9 aplica\u00e7\u00f5es especializadas, como ilumina\u00e7\u00e3o arquitet\u00f4nica e automotiva.<\/p>\n<p class=\"\" data-start=\"439\" data-end=\"813\">Este cat\u00e1logo inclui produtos com tecnologias avan\u00e7adas, como <strong data-start=\"501\" data-end=\"583\">sensores de movimento, ilumina\u00e7\u00e3o adaptativa e sistemas LED de alto desempenho<\/strong>, garantindo maior seguran\u00e7a, conforto visual e economia de energia. Al\u00e9m disso, as solu\u00e7\u00f5es <strong data-start=\"676\" data-end=\"692\">Light Motion<\/strong> da OSRAM s\u00e3o ideais para integrar a ilumina\u00e7\u00e3o a sistemas de automa\u00e7\u00e3o, permitindo controle personalizado e otimizado.<\/p>\n<p class=\"\" data-start=\"815\" data-end=\"1042\">Com um design moderno e sustent\u00e1vel, os produtos desta linha s\u00e3o desenvolvidos para proporcionar <strong data-start=\"912\" data-end=\"968\">durabilidade, efici\u00eancia e qualidade de luz superior<\/strong>, seja para ilumina\u00e7\u00e3o p\u00fablica, espa\u00e7os comerciais ou mobilidade urbana.<\/p>\n<p data-start=\"815\" data-end=\"1042\">Explore mais deste cat\u00e1logo ao clicar abaixo.<\/p>\n<p data-start=\"815\" data-end=\"1042\"><a href=\"http:\/\/electricidadeaguas.pt\/wp-content\/uploads\/2025\/03\/Light-range.pdf\">Light-range<\/a><\/p>\n","protected":false},"excerpt":{"rendered":"<p>O Cat\u00e1logo OSRAM &#8211; Light Motion apresenta solu\u00e7\u00f5es inovadoras de ilumina\u00e7\u00e3o para aplica\u00e7\u00f5es din\u00e2micas, combinando tecnologia de ponta com efici\u00eancia energ\u00e9tica. A linha Light Motion da OSRAM \u00e9 projetada para oferecer ilumina\u00e7\u00e3o inteligente e vers\u00e1til para diversas necessidades, desde ambientes urbanos e comerciais at\u00e9 aplica\u00e7\u00f5es especializadas, como ilumina\u00e7\u00e3o arquitet\u00f4nica e automotiva. Este cat\u00e1logo inclui produtos&hellip;&nbsp;<a href=\"https:\/\/electricidadeaguas.pt\/?product=catalogo-osram-light-motion\" rel=\"bookmark\">Ler mais &raquo;<span class=\"screen-reader-text\">Cat\u00e1logo Osram &#8211; Light Motion<\/span><\/a><\/p>\n","protected":false},"featured_media":684,"comment_status":"open","ping_status":"closed","template":"","meta":{"neve_meta_sidebar":"","neve_meta_container":"","neve_meta_enable_content_width":"off","neve_meta_content_width":100,"neve_meta_title_alignment":"","neve_meta_author_avatar":"","neve_post_elements_order":"","neve_meta_disable_header":"","neve_meta_disable_footer":"","neve_meta_disable_title":""},"product_brand":[],"product_cat":[37],"product_tag":[],"class_list":{"0":"post-682","1":"product","2":"type-product","3":"status-publish","4":"has-post-thumbnail","6":"product_cat-osram","8":"first","9":"instock","10":"virtual","11":"product-type-simple"},"jetpack_sharing_enabled":true,"_links":{"self":[{"href":"https:\/\/electricidadeaguas.pt\/index.php?rest_route=\/wp\/v2\/product\/682","targetHints":{"allow":["GET"]}}],"collection":[{"href":"https:\/\/electricidadeaguas.pt\/index.php?rest_route=\/wp\/v2\/product"}],"about":[{"href":"https:\/\/electricidadeaguas.pt\/index.php?rest_route=\/wp\/v2\/types\/product"}],"replies":[{"embeddable":true,"href":"https:\/\/electricidadeaguas.pt\/index.php?rest_route=%2Fwp%2Fv2%2Fcomments&post=682"}],"wp:featuredmedia":[{"embeddable":true,"href":"https:\/\/electricidadeaguas.pt\/index.php?rest_route=\/wp\/v2\/media\/684"}],"wp:attachment":[{"href":"https:\/\/electricidadeaguas.pt\/index.php?rest_route=%2Fwp%2Fv2%2Fmedia&parent=682"}],"wp:term":[{"taxonomy":"product_brand","embeddable":true,"href":"https:\/\/electricidadeaguas.pt\/index.php?rest_route=%2Fwp%2Fv2%2Fproduct_brand&post=682"},{"taxonomy":"product_cat","embeddable":true,"href":"https:\/\/electricidadeaguas.pt\/index.php?rest_route=%2Fwp%2Fv2%2Fproduct_cat&post=682"},{"taxonomy":"product_tag","embeddable":true,"href":"https:\/\/electricidadeaguas.pt\/index.php?rest_route=%2Fwp%2Fv2%2Fproduct_tag&post=682"}],"curies":[{"name":"wp","href":"https:\/\/api.w.org\/{rel}","templated":true}]}}