{"id":685,"date":"2025-03-26T08:18:21","date_gmt":"2025-03-26T08:18:21","guid":{"rendered":"https:\/\/electricidadeaguas.pt\/?post_type=product&#038;p=685"},"modified":"2025-03-26T08:18:21","modified_gmt":"2025-03-26T08:18:21","slug":"catalogo-osram-airzing","status":"publish","type":"product","link":"https:\/\/electricidadeaguas.pt\/?product=catalogo-osram-airzing","title":{"rendered":"Cat\u00e1logo Osram &#8211; AirZing"},"content":{"rendered":"<p class=\"\" data-start=\"0\" data-end=\"376\">O <strong data-start=\"2\" data-end=\"13\">AirZing<\/strong> da Osram \u00e9 um purificador de ar inovador que utiliza tecnologia UV-C para eliminar at\u00e9 99,9% de v\u00edrus, bact\u00e9rias e fungos, tornando os ambientes mais saud\u00e1veis e seguros. Projetado para melhorar a qualidade do ar em espa\u00e7os fechados, reduz a propaga\u00e7\u00e3o de agentes patog\u00e9nicos sem recorrer a qu\u00edmicos, garantindo um processo de purifica\u00e7\u00e3o eficaz e sustent\u00e1vel.<\/p>\n<p class=\"\" data-start=\"378\" data-end=\"677\">Com um design compacto e moderno, o AirZing adapta-se facilmente a diferentes ambientes, como escrit\u00f3rios, escolas, hospitais, lojas e outros espa\u00e7os p\u00fablicos. A instala\u00e7\u00e3o \u00e9 simples, e a manuten\u00e7\u00e3o \u00e9 m\u00ednima, gra\u00e7as \u00e0s l\u00e2mpadas de longa dura\u00e7\u00e3o que proporcionam um desempenho consistente e fi\u00e1vel.<\/p>\n<p class=\"\" data-start=\"679\" data-end=\"967\">Al\u00e9m da sua efici\u00eancia na desinfe\u00e7\u00e3o do ar, o AirZing tamb\u00e9m ajuda a reduzir odores, contribuindo para um ambiente mais agrad\u00e1vel. Seguro para utiliza\u00e7\u00e3o em espa\u00e7os ocupados, oferece uma solu\u00e7\u00e3o eficaz para quem procura melhorar a qualidade do ar interior de forma cont\u00ednua e sem esfor\u00e7o.<\/p>\n<p data-start=\"679\" data-end=\"967\">Explore mais ao clicar abaixo.<\/p>\n<p data-start=\"679\" data-end=\"967\"><a href=\"http:\/\/electricidadeaguas.pt\/wp-content\/uploads\/2025\/03\/Catalogo-AirZing_EN_EMEA_05-2020_online_.pdf\">Catalogo-AirZing<\/a><\/p>\n","protected":false},"excerpt":{"rendered":"<p>O AirZing da Osram \u00e9 um purificador de ar inovador que utiliza tecnologia UV-C para eliminar at\u00e9 99,9% de v\u00edrus, bact\u00e9rias e fungos, tornando os ambientes mais saud\u00e1veis e seguros. Projetado para melhorar a qualidade do ar em espa\u00e7os fechados, reduz a propaga\u00e7\u00e3o de agentes patog\u00e9nicos sem recorrer a qu\u00edmicos, garantindo um processo de purifica\u00e7\u00e3o&hellip;&nbsp;<a href=\"https:\/\/electricidadeaguas.pt\/?product=catalogo-osram-airzing\" rel=\"bookmark\">Ler mais &raquo;<span class=\"screen-reader-text\">Cat\u00e1logo Osram &#8211; AirZing<\/span><\/a><\/p>\n","protected":false},"featured_media":687,"comment_status":"open","ping_status":"closed","template":"","meta":{"neve_meta_sidebar":"","neve_meta_container":"","neve_meta_enable_content_width":"off","neve_meta_content_width":100,"neve_meta_title_alignment":"","neve_meta_author_avatar":"","neve_post_elements_order":"","neve_meta_disable_header":"","neve_meta_disable_footer":"","neve_meta_disable_title":""},"product_brand":[],"product_cat":[37],"product_tag":[],"class_list":{"0":"post-685","1":"product","2":"type-product","3":"status-publish","4":"has-post-thumbnail","6":"product_cat-osram","8":"first","9":"instock","10":"virtual","11":"product-type-simple"},"jetpack_sharing_enabled":true,"_links":{"self":[{"href":"https:\/\/electricidadeaguas.pt\/index.php?rest_route=\/wp\/v2\/product\/685","targetHints":{"allow":["GET"]}}],"collection":[{"href":"https:\/\/electricidadeaguas.pt\/index.php?rest_route=\/wp\/v2\/product"}],"about":[{"href":"https:\/\/electricidadeaguas.pt\/index.php?rest_route=\/wp\/v2\/types\/product"}],"replies":[{"embeddable":true,"href":"https:\/\/electricidadeaguas.pt\/index.php?rest_route=%2Fwp%2Fv2%2Fcomments&post=685"}],"wp:featuredmedia":[{"embeddable":true,"href":"https:\/\/electricidadeaguas.pt\/index.php?rest_route=\/wp\/v2\/media\/687"}],"wp:attachment":[{"href":"https:\/\/electricidadeaguas.pt\/index.php?rest_route=%2Fwp%2Fv2%2Fmedia&parent=685"}],"wp:term":[{"taxonomy":"product_brand","embeddable":true,"href":"https:\/\/electricidadeaguas.pt\/index.php?rest_route=%2Fwp%2Fv2%2Fproduct_brand&post=685"},{"taxonomy":"product_cat","embeddable":true,"href":"https:\/\/electricidadeaguas.pt\/index.php?rest_route=%2Fwp%2Fv2%2Fproduct_cat&post=685"},{"taxonomy":"product_tag","embeddable":true,"href":"https:\/\/electricidadeaguas.pt\/index.php?rest_route=%2Fwp%2Fv2%2Fproduct_tag&post=685"}],"curies":[{"name":"wp","href":"https:\/\/api.w.org\/{rel}","templated":true}]}}