{"id":688,"date":"2025-03-26T08:21:35","date_gmt":"2025-03-26T08:21:35","guid":{"rendered":"https:\/\/electricidadeaguas.pt\/?post_type=product&#038;p=688"},"modified":"2025-03-26T08:21:36","modified_gmt":"2025-03-26T08:21:36","slug":"catalogo-osram-lampadas-led","status":"publish","type":"product","link":"https:\/\/electricidadeaguas.pt\/?product=catalogo-osram-lampadas-led","title":{"rendered":"Cat\u00e1logo Osram &#8211; L\u00e2mpadas Led"},"content":{"rendered":"<p class=\"\" data-start=\"0\" data-end=\"277\">As <strong data-start=\"3\" data-end=\"25\">L\u00e2mpadas LED Osram<\/strong> combinam efici\u00eancia energ\u00e9tica, durabilidade e ilumina\u00e7\u00e3o de alta qualidade para diversas aplica\u00e7\u00f5es. Com tecnologia avan\u00e7ada, garantem um consumo reduzido de energia, proporcionando poupan\u00e7a significativa em compara\u00e7\u00e3o com as l\u00e2mpadas tradicionais.<\/p>\n<p class=\"\" data-start=\"279\" data-end=\"564\">Dispon\u00edveis em diferentes formatos, temperaturas de cor e pot\u00eancias, as l\u00e2mpadas LED Osram adaptam-se a qualquer necessidade, seja para ilumina\u00e7\u00e3o residencial, comercial ou industrial. Oferecem uma luz uniforme, sem cintila\u00e7\u00e3o, proporcionando conforto visual e um ambiente agrad\u00e1vel.<\/p>\n<p class=\"\" data-start=\"566\" data-end=\"779\">Com uma longa vida \u00fatil, reduzem a necessidade de substitui\u00e7\u00f5es frequentes, diminuindo custos de manuten\u00e7\u00e3o. Al\u00e9m disso, s\u00e3o ecol\u00f3gicas, pois n\u00e3o cont\u00eam merc\u00fario e contribuem para a redu\u00e7\u00e3o da pegada de carbono.<\/p>\n<p class=\"\" data-start=\"781\" data-end=\"962\">A Osram oferece uma ampla gama de l\u00e2mpadas LED, incluindo modelos dimeriz\u00e1veis, inteligentes e especiais para diferentes aplica\u00e7\u00f5es, garantindo sempre alto desempenho e fiabilidade.<\/p>\n<p data-start=\"781\" data-end=\"962\">Explore mais ao clicar abaixo.<\/p>\n<p data-start=\"781\" data-end=\"962\"><a href=\"http:\/\/electricidadeaguas.pt\/wp-content\/uploads\/2025\/03\/Lampadas-LED.pdf\">Lampadas-LED<\/a><\/p>\n","protected":false},"excerpt":{"rendered":"<p>As L\u00e2mpadas LED Osram combinam efici\u00eancia energ\u00e9tica, durabilidade e ilumina\u00e7\u00e3o de alta qualidade para diversas aplica\u00e7\u00f5es. Com tecnologia avan\u00e7ada, garantem um consumo reduzido de energia, proporcionando poupan\u00e7a significativa em compara\u00e7\u00e3o com as l\u00e2mpadas tradicionais. Dispon\u00edveis em diferentes formatos, temperaturas de cor e pot\u00eancias, as l\u00e2mpadas LED Osram adaptam-se a qualquer necessidade, seja para ilumina\u00e7\u00e3o residencial,&hellip;&nbsp;<a href=\"https:\/\/electricidadeaguas.pt\/?product=catalogo-osram-lampadas-led\" rel=\"bookmark\">Ler mais &raquo;<span class=\"screen-reader-text\">Cat\u00e1logo Osram &#8211; L\u00e2mpadas Led<\/span><\/a><\/p>\n","protected":false},"featured_media":690,"comment_status":"open","ping_status":"closed","template":"","meta":{"neve_meta_sidebar":"","neve_meta_container":"","neve_meta_enable_content_width":"off","neve_meta_content_width":100,"neve_meta_title_alignment":"","neve_meta_author_avatar":"","neve_post_elements_order":"","neve_meta_disable_header":"","neve_meta_disable_footer":"","neve_meta_disable_title":""},"product_brand":[],"product_cat":[37],"product_tag":[],"class_list":{"0":"post-688","1":"product","2":"type-product","3":"status-publish","4":"has-post-thumbnail","6":"product_cat-osram","8":"first","9":"instock","10":"virtual","11":"product-type-simple"},"jetpack_sharing_enabled":true,"_links":{"self":[{"href":"https:\/\/electricidadeaguas.pt\/index.php?rest_route=\/wp\/v2\/product\/688","targetHints":{"allow":["GET"]}}],"collection":[{"href":"https:\/\/electricidadeaguas.pt\/index.php?rest_route=\/wp\/v2\/product"}],"about":[{"href":"https:\/\/electricidadeaguas.pt\/index.php?rest_route=\/wp\/v2\/types\/product"}],"replies":[{"embeddable":true,"href":"https:\/\/electricidadeaguas.pt\/index.php?rest_route=%2Fwp%2Fv2%2Fcomments&post=688"}],"wp:featuredmedia":[{"embeddable":true,"href":"https:\/\/electricidadeaguas.pt\/index.php?rest_route=\/wp\/v2\/media\/690"}],"wp:attachment":[{"href":"https:\/\/electricidadeaguas.pt\/index.php?rest_route=%2Fwp%2Fv2%2Fmedia&parent=688"}],"wp:term":[{"taxonomy":"product_brand","embeddable":true,"href":"https:\/\/electricidadeaguas.pt\/index.php?rest_route=%2Fwp%2Fv2%2Fproduct_brand&post=688"},{"taxonomy":"product_cat","embeddable":true,"href":"https:\/\/electricidadeaguas.pt\/index.php?rest_route=%2Fwp%2Fv2%2Fproduct_cat&post=688"},{"taxonomy":"product_tag","embeddable":true,"href":"https:\/\/electricidadeaguas.pt\/index.php?rest_route=%2Fwp%2Fv2%2Fproduct_tag&post=688"}],"curies":[{"name":"wp","href":"https:\/\/api.w.org\/{rel}","templated":true}]}}