{"id":695,"date":"2025-03-26T08:37:30","date_gmt":"2025-03-26T08:37:30","guid":{"rendered":"https:\/\/electricidadeaguas.pt\/?post_type=product&#038;p=695"},"modified":"2025-03-26T08:37:30","modified_gmt":"2025-03-26T08:37:30","slug":"catalogo-phoenix-contact-terminal-blocks-2019-2020","status":"publish","type":"product","link":"https:\/\/electricidadeaguas.pt\/?product=catalogo-phoenix-contact-terminal-blocks-2019-2020","title":{"rendered":"Cat\u00e1logo Phoenix Contact &#8211; Terminal blocks &#8211; 2019 \/ 2020"},"content":{"rendered":"<p><strong data-start=\"0\" data-end=\"60\" data-is-only-node=\"\">Cat\u00e1logo Phoenix Contact &#8211; Terminal Blocks &#8211; 2019 \/ 2020<\/strong><br data-start=\"60\" data-end=\"63\" \/>O cat\u00e1logo de terminais de bloco da Phoenix Contact de 2019\/2020 apresenta uma vasta gama de solu\u00e7\u00f5es para a conex\u00e3o el\u00e9trica, combinando alta performance e inova\u00e7\u00e3o.<\/p>\n<p>Com uma variedade de modelos, incluindo terminais modulares e compactos, os produtos garantem seguran\u00e7a e efici\u00eancia nas instala\u00e7\u00f5es el\u00e9tricas em diversos setores, como automa\u00e7\u00e3o, telecomunica\u00e7\u00f5es e energia renov\u00e1vel.<\/p>\n<p><br data-start=\"447\" data-end=\"450\" \/>Clique abaixo para explorar mais.<\/p>\n<p><a href=\"https:\/\/electrosiluz.pt\/wp-content\/uploads\/2024\/05\/Catalogo_1_2019_EN_LoRes_compressed.pdf\">Cat\u00e1logo Phoenix Contact &#8211; Terminal blocks &#8211; 2019 \/ 2020<\/a><\/p>\n","protected":false},"excerpt":{"rendered":"<p>Cat\u00e1logo Phoenix Contact &#8211; Terminal Blocks &#8211; 2019 \/ 2020O cat\u00e1logo de terminais de bloco da Phoenix Contact de 2019\/2020 apresenta uma vasta gama de solu\u00e7\u00f5es para a conex\u00e3o el\u00e9trica, combinando alta performance e inova\u00e7\u00e3o. Com uma variedade de modelos, incluindo terminais modulares e compactos, os produtos garantem seguran\u00e7a e efici\u00eancia nas instala\u00e7\u00f5es el\u00e9tricas em&hellip;&nbsp;<a href=\"https:\/\/electricidadeaguas.pt\/?product=catalogo-phoenix-contact-terminal-blocks-2019-2020\" rel=\"bookmark\">Ler mais &raquo;<span class=\"screen-reader-text\">Cat\u00e1logo Phoenix Contact &#8211; Terminal blocks &#8211; 2019 \/ 2020<\/span><\/a><\/p>\n","protected":false},"featured_media":696,"comment_status":"open","ping_status":"closed","template":"","meta":{"neve_meta_sidebar":"","neve_meta_container":"","neve_meta_enable_content_width":"off","neve_meta_content_width":100,"neve_meta_title_alignment":"","neve_meta_author_avatar":"","neve_post_elements_order":"","neve_meta_disable_header":"","neve_meta_disable_footer":"","neve_meta_disable_title":""},"product_brand":[],"product_cat":[38],"product_tag":[],"class_list":{"0":"post-695","1":"product","2":"type-product","3":"status-publish","4":"has-post-thumbnail","6":"product_cat-phoenix-contact","8":"first","9":"instock","10":"virtual","11":"product-type-simple"},"jetpack_sharing_enabled":true,"_links":{"self":[{"href":"https:\/\/electricidadeaguas.pt\/index.php?rest_route=\/wp\/v2\/product\/695","targetHints":{"allow":["GET"]}}],"collection":[{"href":"https:\/\/electricidadeaguas.pt\/index.php?rest_route=\/wp\/v2\/product"}],"about":[{"href":"https:\/\/electricidadeaguas.pt\/index.php?rest_route=\/wp\/v2\/types\/product"}],"replies":[{"embeddable":true,"href":"https:\/\/electricidadeaguas.pt\/index.php?rest_route=%2Fwp%2Fv2%2Fcomments&post=695"}],"wp:featuredmedia":[{"embeddable":true,"href":"https:\/\/electricidadeaguas.pt\/index.php?rest_route=\/wp\/v2\/media\/696"}],"wp:attachment":[{"href":"https:\/\/electricidadeaguas.pt\/index.php?rest_route=%2Fwp%2Fv2%2Fmedia&parent=695"}],"wp:term":[{"taxonomy":"product_brand","embeddable":true,"href":"https:\/\/electricidadeaguas.pt\/index.php?rest_route=%2Fwp%2Fv2%2Fproduct_brand&post=695"},{"taxonomy":"product_cat","embeddable":true,"href":"https:\/\/electricidadeaguas.pt\/index.php?rest_route=%2Fwp%2Fv2%2Fproduct_cat&post=695"},{"taxonomy":"product_tag","embeddable":true,"href":"https:\/\/electricidadeaguas.pt\/index.php?rest_route=%2Fwp%2Fv2%2Fproduct_tag&post=695"}],"curies":[{"name":"wp","href":"https:\/\/api.w.org\/{rel}","templated":true}]}}