{"id":697,"date":"2025-03-26T08:41:33","date_gmt":"2025-03-26T08:41:33","guid":{"rendered":"https:\/\/electricidadeaguas.pt\/?post_type=product&#038;p=697"},"modified":"2025-03-26T08:41:34","modified_gmt":"2025-03-26T08:41:34","slug":"catalogo-phoenix-contact-sensor-actuator-cabling-and-connectors","status":"publish","type":"product","link":"https:\/\/electricidadeaguas.pt\/?product=catalogo-phoenix-contact-sensor-actuator-cabling-and-connectors","title":{"rendered":"Cat\u00e1logo Phoenix Contact &#8211; Sensor\/actuator cabling and connectors"},"content":{"rendered":"<p>O cat\u00e1logo da Phoenix Contact de cabos e conectores para sensores e atuadores oferece solu\u00e7\u00f5es de alta qualidade para garantir conex\u00f5es seguras e eficientes em sistemas de automa\u00e7\u00e3o industrial. Com uma ampla gama de cabos e conectores robustos, projetados para suportar condi\u00e7\u00f5es exigentes, este cat\u00e1logo atende \u00e0s necessidades de conectividade em diversas aplica\u00e7\u00f5es, desde a ind\u00fastria at\u00e9 o controle de processos.<\/p>\n<p><br data-start=\"487\" data-end=\"490\" \/>Clique abaixo para explorar mais.<\/p>\n<p><a href=\"https:\/\/electrosiluz.pt\/wp-content\/uploads\/2024\/05\/Catalogo_2_2019_EN_LoRes_compressed.pdf\">Cat\u00e1logo Phoenix Contact &#8211; Sensor\/Actuator Cabling and Connectors<\/a><\/p>\n","protected":false},"excerpt":{"rendered":"<p>O cat\u00e1logo da Phoenix Contact de cabos e conectores para sensores e atuadores oferece solu\u00e7\u00f5es de alta qualidade para garantir conex\u00f5es seguras e eficientes em sistemas de automa\u00e7\u00e3o industrial. Com uma ampla gama de cabos e conectores robustos, projetados para suportar condi\u00e7\u00f5es exigentes, este cat\u00e1logo atende \u00e0s necessidades de conectividade em diversas aplica\u00e7\u00f5es, desde a&hellip;&nbsp;<a href=\"https:\/\/electricidadeaguas.pt\/?product=catalogo-phoenix-contact-sensor-actuator-cabling-and-connectors\" rel=\"bookmark\">Ler mais &raquo;<span class=\"screen-reader-text\">Cat\u00e1logo Phoenix Contact &#8211; Sensor\/actuator cabling and connectors<\/span><\/a><\/p>\n","protected":false},"featured_media":698,"comment_status":"open","ping_status":"closed","template":"","meta":{"neve_meta_sidebar":"","neve_meta_container":"","neve_meta_enable_content_width":"off","neve_meta_content_width":100,"neve_meta_title_alignment":"","neve_meta_author_avatar":"","neve_post_elements_order":"","neve_meta_disable_header":"","neve_meta_disable_footer":"","neve_meta_disable_title":""},"product_brand":[],"product_cat":[38],"product_tag":[],"class_list":{"0":"post-697","1":"product","2":"type-product","3":"status-publish","4":"has-post-thumbnail","6":"product_cat-phoenix-contact","8":"first","9":"instock","10":"virtual","11":"product-type-simple"},"jetpack_sharing_enabled":true,"_links":{"self":[{"href":"https:\/\/electricidadeaguas.pt\/index.php?rest_route=\/wp\/v2\/product\/697","targetHints":{"allow":["GET"]}}],"collection":[{"href":"https:\/\/electricidadeaguas.pt\/index.php?rest_route=\/wp\/v2\/product"}],"about":[{"href":"https:\/\/electricidadeaguas.pt\/index.php?rest_route=\/wp\/v2\/types\/product"}],"replies":[{"embeddable":true,"href":"https:\/\/electricidadeaguas.pt\/index.php?rest_route=%2Fwp%2Fv2%2Fcomments&post=697"}],"wp:featuredmedia":[{"embeddable":true,"href":"https:\/\/electricidadeaguas.pt\/index.php?rest_route=\/wp\/v2\/media\/698"}],"wp:attachment":[{"href":"https:\/\/electricidadeaguas.pt\/index.php?rest_route=%2Fwp%2Fv2%2Fmedia&parent=697"}],"wp:term":[{"taxonomy":"product_brand","embeddable":true,"href":"https:\/\/electricidadeaguas.pt\/index.php?rest_route=%2Fwp%2Fv2%2Fproduct_brand&post=697"},{"taxonomy":"product_cat","embeddable":true,"href":"https:\/\/electricidadeaguas.pt\/index.php?rest_route=%2Fwp%2Fv2%2Fproduct_cat&post=697"},{"taxonomy":"product_tag","embeddable":true,"href":"https:\/\/electricidadeaguas.pt\/index.php?rest_route=%2Fwp%2Fv2%2Fproduct_tag&post=697"}],"curies":[{"name":"wp","href":"https:\/\/api.w.org\/{rel}","templated":true}]}}