{"id":704,"date":"2025-03-26T09:04:45","date_gmt":"2025-03-26T09:04:45","guid":{"rendered":"https:\/\/electricidadeaguas.pt\/?post_type=product&#038;p=704"},"modified":"2025-03-26T09:04:45","modified_gmt":"2025-03-26T09:04:45","slug":"catalogo-phoenix-contact-interface-technology-and-switching-devices","status":"publish","type":"product","link":"https:\/\/electricidadeaguas.pt\/?product=catalogo-phoenix-contact-interface-technology-and-switching-devices","title":{"rendered":"Cat\u00e1logo Phoenix Contact &#8211; Interface technology and switching devices"},"content":{"rendered":"<p>O cat\u00e1logo Phoenix Contact de tecnologia de interface e dispositivos de comuta\u00e7\u00e3o oferece solu\u00e7\u00f5es inovadoras para a comunica\u00e7\u00e3o e controle em sistemas el\u00e9tricos e automatizados. Com uma gama de interfaces para facilitar a integra\u00e7\u00e3o de sinais e dispositivos, al\u00e9m de dispositivos de comuta\u00e7\u00e3o robustos e de alta performance, este cat\u00e1logo \u00e9 ideal para aplica\u00e7\u00f5es em automa\u00e7\u00e3o, controle de processos e sistemas industriais.<\/p>\n<p><br data-start=\"499\" data-end=\"502\" \/>Clique abaixo para explorar mais.<\/p>\n<p><a href=\"http:\/\/electricidadeaguas.pt\/wp-content\/uploads\/2025\/03\/Catalogo-Phoenix-Contact-Interface-technology-and-switching-devices.pdf\">Cat\u00e1logo Phoenix Contact &#8211; Interface technology and switching devices<\/a><\/p>\n","protected":false},"excerpt":{"rendered":"<p>O cat\u00e1logo Phoenix Contact de tecnologia de interface e dispositivos de comuta\u00e7\u00e3o oferece solu\u00e7\u00f5es inovadoras para a comunica\u00e7\u00e3o e controle em sistemas el\u00e9tricos e automatizados. Com uma gama de interfaces para facilitar a integra\u00e7\u00e3o de sinais e dispositivos, al\u00e9m de dispositivos de comuta\u00e7\u00e3o robustos e de alta performance, este cat\u00e1logo \u00e9 ideal para aplica\u00e7\u00f5es em&hellip;&nbsp;<a href=\"https:\/\/electricidadeaguas.pt\/?product=catalogo-phoenix-contact-interface-technology-and-switching-devices\" rel=\"bookmark\">Ler mais &raquo;<span class=\"screen-reader-text\">Cat\u00e1logo Phoenix Contact &#8211; Interface technology and switching devices<\/span><\/a><\/p>\n","protected":false},"featured_media":706,"comment_status":"open","ping_status":"closed","template":"","meta":{"neve_meta_sidebar":"","neve_meta_container":"","neve_meta_enable_content_width":"off","neve_meta_content_width":100,"neve_meta_title_alignment":"","neve_meta_author_avatar":"","neve_post_elements_order":"","neve_meta_disable_header":"","neve_meta_disable_footer":"","neve_meta_disable_title":""},"product_brand":[],"product_cat":[38],"product_tag":[],"class_list":{"0":"post-704","1":"product","2":"type-product","3":"status-publish","4":"has-post-thumbnail","6":"product_cat-phoenix-contact","8":"first","9":"instock","10":"virtual","11":"product-type-simple"},"jetpack_sharing_enabled":true,"_links":{"self":[{"href":"https:\/\/electricidadeaguas.pt\/index.php?rest_route=\/wp\/v2\/product\/704","targetHints":{"allow":["GET"]}}],"collection":[{"href":"https:\/\/electricidadeaguas.pt\/index.php?rest_route=\/wp\/v2\/product"}],"about":[{"href":"https:\/\/electricidadeaguas.pt\/index.php?rest_route=\/wp\/v2\/types\/product"}],"replies":[{"embeddable":true,"href":"https:\/\/electricidadeaguas.pt\/index.php?rest_route=%2Fwp%2Fv2%2Fcomments&post=704"}],"wp:featuredmedia":[{"embeddable":true,"href":"https:\/\/electricidadeaguas.pt\/index.php?rest_route=\/wp\/v2\/media\/706"}],"wp:attachment":[{"href":"https:\/\/electricidadeaguas.pt\/index.php?rest_route=%2Fwp%2Fv2%2Fmedia&parent=704"}],"wp:term":[{"taxonomy":"product_brand","embeddable":true,"href":"https:\/\/electricidadeaguas.pt\/index.php?rest_route=%2Fwp%2Fv2%2Fproduct_brand&post=704"},{"taxonomy":"product_cat","embeddable":true,"href":"https:\/\/electricidadeaguas.pt\/index.php?rest_route=%2Fwp%2Fv2%2Fproduct_cat&post=704"},{"taxonomy":"product_tag","embeddable":true,"href":"https:\/\/electricidadeaguas.pt\/index.php?rest_route=%2Fwp%2Fv2%2Fproduct_tag&post=704"}],"curies":[{"name":"wp","href":"https:\/\/api.w.org\/{rel}","templated":true}]}}