{"id":707,"date":"2025-03-26T09:15:20","date_gmt":"2025-03-26T09:15:20","guid":{"rendered":"https:\/\/electricidadeaguas.pt\/?post_type=product&#038;p=707"},"modified":"2025-03-26T09:15:20","modified_gmt":"2025-03-26T09:15:20","slug":"catalogo-phoenix-contact-automation","status":"publish","type":"product","link":"https:\/\/electricidadeaguas.pt\/?product=catalogo-phoenix-contact-automation","title":{"rendered":"Cat\u00e1logo Phoenix Contact &#8211; Automation"},"content":{"rendered":"<p>O cat\u00e1logo Phoenix Contact de automa\u00e7\u00e3o apresenta solu\u00e7\u00f5es completas para otimizar e modernizar processos industriais. Com uma ampla gama de produtos, incluindo controladores, m\u00f3dulos de I\/O, sistemas de comunica\u00e7\u00e3o e software de automa\u00e7\u00e3o, este cat\u00e1logo oferece tecnologias inovadoras para melhorar a efici\u00eancia, o controle e a flexibilidade em ambientes automatizados.<\/p>\n<p><br data-start=\"414\" data-end=\"417\" \/>Clique abaixo para explorar mais.<\/p>\n<p><a href=\"http:\/\/electricidadeaguas.pt\/wp-content\/uploads\/2025\/03\/Automation.pdf\">Automation<\/a><\/p>\n","protected":false},"excerpt":{"rendered":"<p>O cat\u00e1logo Phoenix Contact de automa\u00e7\u00e3o apresenta solu\u00e7\u00f5es completas para otimizar e modernizar processos industriais. Com uma ampla gama de produtos, incluindo controladores, m\u00f3dulos de I\/O, sistemas de comunica\u00e7\u00e3o e software de automa\u00e7\u00e3o, este cat\u00e1logo oferece tecnologias inovadoras para melhorar a efici\u00eancia, o controle e a flexibilidade em ambientes automatizados. Clique abaixo para explorar mais.&hellip;&nbsp;<a href=\"https:\/\/electricidadeaguas.pt\/?product=catalogo-phoenix-contact-automation\" rel=\"bookmark\">Ler mais &raquo;<span class=\"screen-reader-text\">Cat\u00e1logo Phoenix Contact &#8211; Automation<\/span><\/a><\/p>\n","protected":false},"featured_media":709,"comment_status":"open","ping_status":"closed","template":"","meta":{"neve_meta_sidebar":"","neve_meta_container":"","neve_meta_enable_content_width":"off","neve_meta_content_width":100,"neve_meta_title_alignment":"","neve_meta_author_avatar":"","neve_post_elements_order":"","neve_meta_disable_header":"","neve_meta_disable_footer":"","neve_meta_disable_title":""},"product_brand":[],"product_cat":[38],"product_tag":[],"class_list":{"0":"post-707","1":"product","2":"type-product","3":"status-publish","4":"has-post-thumbnail","6":"product_cat-phoenix-contact","8":"first","9":"instock","10":"virtual","11":"product-type-simple"},"jetpack_sharing_enabled":true,"_links":{"self":[{"href":"https:\/\/electricidadeaguas.pt\/index.php?rest_route=\/wp\/v2\/product\/707","targetHints":{"allow":["GET"]}}],"collection":[{"href":"https:\/\/electricidadeaguas.pt\/index.php?rest_route=\/wp\/v2\/product"}],"about":[{"href":"https:\/\/electricidadeaguas.pt\/index.php?rest_route=\/wp\/v2\/types\/product"}],"replies":[{"embeddable":true,"href":"https:\/\/electricidadeaguas.pt\/index.php?rest_route=%2Fwp%2Fv2%2Fcomments&post=707"}],"wp:featuredmedia":[{"embeddable":true,"href":"https:\/\/electricidadeaguas.pt\/index.php?rest_route=\/wp\/v2\/media\/709"}],"wp:attachment":[{"href":"https:\/\/electricidadeaguas.pt\/index.php?rest_route=%2Fwp%2Fv2%2Fmedia&parent=707"}],"wp:term":[{"taxonomy":"product_brand","embeddable":true,"href":"https:\/\/electricidadeaguas.pt\/index.php?rest_route=%2Fwp%2Fv2%2Fproduct_brand&post=707"},{"taxonomy":"product_cat","embeddable":true,"href":"https:\/\/electricidadeaguas.pt\/index.php?rest_route=%2Fwp%2Fv2%2Fproduct_cat&post=707"},{"taxonomy":"product_tag","embeddable":true,"href":"https:\/\/electricidadeaguas.pt\/index.php?rest_route=%2Fwp%2Fv2%2Fproduct_tag&post=707"}],"curies":[{"name":"wp","href":"https:\/\/api.w.org\/{rel}","templated":true}]}}