{"id":723,"date":"2025-03-26T09:55:24","date_gmt":"2025-03-26T09:55:24","guid":{"rendered":"https:\/\/electricidadeaguas.pt\/?post_type=product&#038;p=723"},"modified":"2025-03-26T09:55:24","modified_gmt":"2025-03-26T09:55:24","slug":"catalogo-obo-catalogo-geral","status":"publish","type":"product","link":"https:\/\/electricidadeaguas.pt\/?product=catalogo-obo-catalogo-geral","title":{"rendered":"Cat\u00e1logo OBO &#8211; Cat\u00e1logo Geral"},"content":{"rendered":"<p class=\"\" data-start=\"0\" data-end=\"358\">O <strong data-start=\"2\" data-end=\"35\">Cat\u00e1logo OBO &#8211; Cat\u00e1logo Geral<\/strong> \u00e9 uma publica\u00e7\u00e3o abrangente que apresenta uma vasta gama de produtos e solu\u00e7\u00f5es no setor de sistemas el\u00e9tricos, prote\u00e7\u00e3o e automa\u00e7\u00e3o. A OBO, uma refer\u00eancia mundial na \u00e1rea, oferece materiais inovadores e de alta qualidade, ideais para atender \u00e0s necessidades de profissionais da eletricidade, constru\u00e7\u00e3o e infraestrutura.<\/p>\n<p class=\"\" data-start=\"360\" data-end=\"678\">Este cat\u00e1logo inclui desde componentes para instala\u00e7\u00f5es el\u00e9tricas at\u00e9 solu\u00e7\u00f5es de seguran\u00e7a, passando por sistemas de aterramento, canaliza\u00e7\u00f5es, e outros produtos essenciais para a montagem e prote\u00e7\u00e3o de instala\u00e7\u00f5es. A OBO destaca-se pela durabilidade, fiabilidade e pelo compromisso com a sustentabilidade e inova\u00e7\u00e3o.<\/p>\n<p class=\"\" data-start=\"680\" data-end=\"903\">Ideal para profissionais que buscam otimizar o tempo de trabalho e garantir a seguran\u00e7a e a efici\u00eancia das suas instala\u00e7\u00f5es, o cat\u00e1logo \u00e9 uma ferramenta fundamental para quem deseja trabalhar com o melhor do setor el\u00e9trico.<\/p>\n<p data-start=\"680\" data-end=\"903\">Explore mais ao clicar abaixo.<\/p>\n<p data-start=\"680\" data-end=\"903\"><a href=\"https:\/\/electrosiluz.pt\/wp-content\/uploads\/2024\/05\/obo_portugal_2017_compressed.pdf\">Cat\u00e1logo OBO &#8211; Cat\u00e1logo Geral<\/a><\/p>\n","protected":false},"excerpt":{"rendered":"<p>O Cat\u00e1logo OBO &#8211; Cat\u00e1logo Geral \u00e9 uma publica\u00e7\u00e3o abrangente que apresenta uma vasta gama de produtos e solu\u00e7\u00f5es no setor de sistemas el\u00e9tricos, prote\u00e7\u00e3o e automa\u00e7\u00e3o. A OBO, uma refer\u00eancia mundial na \u00e1rea, oferece materiais inovadores e de alta qualidade, ideais para atender \u00e0s necessidades de profissionais da eletricidade, constru\u00e7\u00e3o e infraestrutura. Este cat\u00e1logo&hellip;&nbsp;<a href=\"https:\/\/electricidadeaguas.pt\/?product=catalogo-obo-catalogo-geral\" rel=\"bookmark\">Ler mais &raquo;<span class=\"screen-reader-text\">Cat\u00e1logo OBO &#8211; Cat\u00e1logo Geral<\/span><\/a><\/p>\n","protected":false},"featured_media":724,"comment_status":"open","ping_status":"closed","template":"","meta":{"neve_meta_sidebar":"","neve_meta_container":"","neve_meta_enable_content_width":"off","neve_meta_content_width":100,"neve_meta_title_alignment":"","neve_meta_author_avatar":"","neve_post_elements_order":"","neve_meta_disable_header":"","neve_meta_disable_footer":"","neve_meta_disable_title":""},"product_brand":[],"product_cat":[39],"product_tag":[],"class_list":{"0":"post-723","1":"product","2":"type-product","3":"status-publish","4":"has-post-thumbnail","6":"product_cat-obo","8":"first","9":"instock","10":"virtual","11":"product-type-simple"},"jetpack_sharing_enabled":true,"_links":{"self":[{"href":"https:\/\/electricidadeaguas.pt\/index.php?rest_route=\/wp\/v2\/product\/723","targetHints":{"allow":["GET"]}}],"collection":[{"href":"https:\/\/electricidadeaguas.pt\/index.php?rest_route=\/wp\/v2\/product"}],"about":[{"href":"https:\/\/electricidadeaguas.pt\/index.php?rest_route=\/wp\/v2\/types\/product"}],"replies":[{"embeddable":true,"href":"https:\/\/electricidadeaguas.pt\/index.php?rest_route=%2Fwp%2Fv2%2Fcomments&post=723"}],"wp:featuredmedia":[{"embeddable":true,"href":"https:\/\/electricidadeaguas.pt\/index.php?rest_route=\/wp\/v2\/media\/724"}],"wp:attachment":[{"href":"https:\/\/electricidadeaguas.pt\/index.php?rest_route=%2Fwp%2Fv2%2Fmedia&parent=723"}],"wp:term":[{"taxonomy":"product_brand","embeddable":true,"href":"https:\/\/electricidadeaguas.pt\/index.php?rest_route=%2Fwp%2Fv2%2Fproduct_brand&post=723"},{"taxonomy":"product_cat","embeddable":true,"href":"https:\/\/electricidadeaguas.pt\/index.php?rest_route=%2Fwp%2Fv2%2Fproduct_cat&post=723"},{"taxonomy":"product_tag","embeddable":true,"href":"https:\/\/electricidadeaguas.pt\/index.php?rest_route=%2Fwp%2Fv2%2Fproduct_tag&post=723"}],"curies":[{"name":"wp","href":"https:\/\/api.w.org\/{rel}","templated":true}]}}