{"id":725,"date":"2025-03-26T10:00:46","date_gmt":"2025-03-26T10:00:46","guid":{"rendered":"https:\/\/electricidadeaguas.pt\/?post_type=product&#038;p=725"},"modified":"2025-03-26T10:00:46","modified_gmt":"2025-03-26T10:00:46","slug":"catalogo-obo-sistemas-de-caminho-de-cabos","status":"publish","type":"product","link":"https:\/\/electricidadeaguas.pt\/?product=catalogo-obo-sistemas-de-caminho-de-cabos","title":{"rendered":"Cat\u00e1logo OBO &#8211; Sistemas de caminho de cabos"},"content":{"rendered":"<p class=\"\" data-start=\"97\" data-end=\"461\">O <strong data-start=\"99\" data-end=\"146\">Cat\u00e1logo OBO &#8211; Sistemas de caminho de cabos<\/strong> oferece uma gama completa de solu\u00e7\u00f5es para a organiza\u00e7\u00e3o e prote\u00e7\u00e3o de cabos em instala\u00e7\u00f5es el\u00e9tricas. A OBO apresenta produtos que garantem n\u00e3o apenas a seguran\u00e7a, mas tamb\u00e9m a efici\u00eancia na gest\u00e3o de cabos, como bandejas de cabos, condutas, suportes e acess\u00f3rios que permitem uma instala\u00e7\u00e3o ordenada e funcional.<\/p>\n<p class=\"\" data-start=\"463\" data-end=\"829\">Com solu\u00e7\u00f5es vers\u00e1teis e de f\u00e1cil montagem, os sistemas de caminho de cabos da OBO s\u00e3o ideais para projetos de grande escala em \u00e1reas como constru\u00e7\u00e3o civil, ind\u00fastrias e sistemas de infraestrutura. A marca \u00e9 reconhecida pela sua qualidade, inova\u00e7\u00e3o e capacidade de adaptar-se \u00e0s exig\u00eancias de diferentes ambientes, proporcionando uma instala\u00e7\u00e3o segura e sustent\u00e1vel.<\/p>\n<p class=\"\" data-start=\"831\" data-end=\"865\"><strong data-start=\"831\" data-end=\"865\">Explore mais ao clicar abaixo.<\/strong><\/p>\n<p data-start=\"831\" data-end=\"865\"><a href=\"https:\/\/electrosiluz.pt\/wp-content\/uploads\/2024\/05\/KTS_K2_2020_PT_compressed.pdf\">Cat\u00e1logo OBO &#8211; Sistemas de caminho de cabos<\/a><\/p>\n","protected":false},"excerpt":{"rendered":"<p>O Cat\u00e1logo OBO &#8211; Sistemas de caminho de cabos oferece uma gama completa de solu\u00e7\u00f5es para a organiza\u00e7\u00e3o e prote\u00e7\u00e3o de cabos em instala\u00e7\u00f5es el\u00e9tricas. A OBO apresenta produtos que garantem n\u00e3o apenas a seguran\u00e7a, mas tamb\u00e9m a efici\u00eancia na gest\u00e3o de cabos, como bandejas de cabos, condutas, suportes e acess\u00f3rios que permitem uma instala\u00e7\u00e3o&hellip;&nbsp;<a href=\"https:\/\/electricidadeaguas.pt\/?product=catalogo-obo-sistemas-de-caminho-de-cabos\" rel=\"bookmark\">Ler mais &raquo;<span class=\"screen-reader-text\">Cat\u00e1logo OBO &#8211; Sistemas de caminho de cabos<\/span><\/a><\/p>\n","protected":false},"featured_media":726,"comment_status":"open","ping_status":"closed","template":"","meta":{"neve_meta_sidebar":"","neve_meta_container":"","neve_meta_enable_content_width":"off","neve_meta_content_width":100,"neve_meta_title_alignment":"","neve_meta_author_avatar":"","neve_post_elements_order":"","neve_meta_disable_header":"","neve_meta_disable_footer":"","neve_meta_disable_title":""},"product_brand":[],"product_cat":[39],"product_tag":[],"class_list":{"0":"post-725","1":"product","2":"type-product","3":"status-publish","4":"has-post-thumbnail","6":"product_cat-obo","8":"first","9":"instock","10":"virtual","11":"product-type-simple"},"jetpack_sharing_enabled":true,"_links":{"self":[{"href":"https:\/\/electricidadeaguas.pt\/index.php?rest_route=\/wp\/v2\/product\/725","targetHints":{"allow":["GET"]}}],"collection":[{"href":"https:\/\/electricidadeaguas.pt\/index.php?rest_route=\/wp\/v2\/product"}],"about":[{"href":"https:\/\/electricidadeaguas.pt\/index.php?rest_route=\/wp\/v2\/types\/product"}],"replies":[{"embeddable":true,"href":"https:\/\/electricidadeaguas.pt\/index.php?rest_route=%2Fwp%2Fv2%2Fcomments&post=725"}],"wp:featuredmedia":[{"embeddable":true,"href":"https:\/\/electricidadeaguas.pt\/index.php?rest_route=\/wp\/v2\/media\/726"}],"wp:attachment":[{"href":"https:\/\/electricidadeaguas.pt\/index.php?rest_route=%2Fwp%2Fv2%2Fmedia&parent=725"}],"wp:term":[{"taxonomy":"product_brand","embeddable":true,"href":"https:\/\/electricidadeaguas.pt\/index.php?rest_route=%2Fwp%2Fv2%2Fproduct_brand&post=725"},{"taxonomy":"product_cat","embeddable":true,"href":"https:\/\/electricidadeaguas.pt\/index.php?rest_route=%2Fwp%2Fv2%2Fproduct_cat&post=725"},{"taxonomy":"product_tag","embeddable":true,"href":"https:\/\/electricidadeaguas.pt\/index.php?rest_route=%2Fwp%2Fv2%2Fproduct_tag&post=725"}],"curies":[{"name":"wp","href":"https:\/\/api.w.org\/{rel}","templated":true}]}}