{"id":727,"date":"2025-03-26T10:04:28","date_gmt":"2025-03-26T10:04:28","guid":{"rendered":"https:\/\/electricidadeaguas.pt\/?post_type=product&#038;p=727"},"modified":"2025-03-26T10:04:28","modified_gmt":"2025-03-26T10:04:28","slug":"catalogo-obo-sistema-de-aparelhagem","status":"publish","type":"product","link":"https:\/\/electricidadeaguas.pt\/?product=catalogo-obo-sistema-de-aparelhagem","title":{"rendered":"Cat\u00e1logo OBO &#8211; Sistema de aparelhagem"},"content":{"rendered":"<p class=\"\" data-start=\"78\" data-end=\"444\">O <strong data-start=\"80\" data-end=\"121\">Cat\u00e1logo OBO &#8211; Sistema de aparelhagem<\/strong> oferece uma sele\u00e7\u00e3o de solu\u00e7\u00f5es avan\u00e7adas para a montagem e instala\u00e7\u00e3o de aparelhos el\u00e9tricos em diversas aplica\u00e7\u00f5es. A OBO disponibiliza produtos de alta qualidade, como caixas de distribui\u00e7\u00e3o, pain\u00e9is de comando e acess\u00f3rios, projetados para garantir a seguran\u00e7a, o desempenho e a durabilidade das instala\u00e7\u00f5es el\u00e9tricas.<\/p>\n<p class=\"\" data-start=\"446\" data-end=\"811\">Com sistemas modulares e flex\u00edveis, o cat\u00e1logo OBO facilita a instala\u00e7\u00e3o de sistemas de aparelhagem em projetos residenciais, comerciais e industriais, atendendo a diferentes necessidades de prote\u00e7\u00e3o, controle e automa\u00e7\u00e3o. A OBO \u00e9 reconhecida pela sua inova\u00e7\u00e3o, robustez e compromisso com a sustentabilidade, fornecendo solu\u00e7\u00f5es eficientes para ambientes exigentes.<\/p>\n<p class=\"\" data-start=\"813\" data-end=\"847\"><strong data-start=\"813\" data-end=\"847\">Explore mais ao clicar abaixo.<\/strong><\/p>\n<p data-start=\"813\" data-end=\"847\"><a href=\"http:\/\/electricidadeaguas.pt\/wp-content\/uploads\/2025\/03\/Catalogo-OBO-Sistema-de-aparelhagem.pdf\">Cat\u00e1logo OBO &#8211; Sistema de aparelhagem<\/a><\/p>\n","protected":false},"excerpt":{"rendered":"<p>O Cat\u00e1logo OBO &#8211; Sistema de aparelhagem oferece uma sele\u00e7\u00e3o de solu\u00e7\u00f5es avan\u00e7adas para a montagem e instala\u00e7\u00e3o de aparelhos el\u00e9tricos em diversas aplica\u00e7\u00f5es. A OBO disponibiliza produtos de alta qualidade, como caixas de distribui\u00e7\u00e3o, pain\u00e9is de comando e acess\u00f3rios, projetados para garantir a seguran\u00e7a, o desempenho e a durabilidade das instala\u00e7\u00f5es el\u00e9tricas. Com sistemas&hellip;&nbsp;<a href=\"https:\/\/electricidadeaguas.pt\/?product=catalogo-obo-sistema-de-aparelhagem\" rel=\"bookmark\">Ler mais &raquo;<span class=\"screen-reader-text\">Cat\u00e1logo OBO &#8211; Sistema de aparelhagem<\/span><\/a><\/p>\n","protected":false},"featured_media":729,"comment_status":"open","ping_status":"closed","template":"","meta":{"neve_meta_sidebar":"","neve_meta_container":"","neve_meta_enable_content_width":"off","neve_meta_content_width":100,"neve_meta_title_alignment":"","neve_meta_author_avatar":"","neve_post_elements_order":"","neve_meta_disable_header":"","neve_meta_disable_footer":"","neve_meta_disable_title":""},"product_brand":[],"product_cat":[39],"product_tag":[],"class_list":{"0":"post-727","1":"product","2":"type-product","3":"status-publish","4":"has-post-thumbnail","6":"product_cat-obo","8":"first","9":"instock","10":"virtual","11":"product-type-simple"},"jetpack_sharing_enabled":true,"_links":{"self":[{"href":"https:\/\/electricidadeaguas.pt\/index.php?rest_route=\/wp\/v2\/product\/727","targetHints":{"allow":["GET"]}}],"collection":[{"href":"https:\/\/electricidadeaguas.pt\/index.php?rest_route=\/wp\/v2\/product"}],"about":[{"href":"https:\/\/electricidadeaguas.pt\/index.php?rest_route=\/wp\/v2\/types\/product"}],"replies":[{"embeddable":true,"href":"https:\/\/electricidadeaguas.pt\/index.php?rest_route=%2Fwp%2Fv2%2Fcomments&post=727"}],"wp:featuredmedia":[{"embeddable":true,"href":"https:\/\/electricidadeaguas.pt\/index.php?rest_route=\/wp\/v2\/media\/729"}],"wp:attachment":[{"href":"https:\/\/electricidadeaguas.pt\/index.php?rest_route=%2Fwp%2Fv2%2Fmedia&parent=727"}],"wp:term":[{"taxonomy":"product_brand","embeddable":true,"href":"https:\/\/electricidadeaguas.pt\/index.php?rest_route=%2Fwp%2Fv2%2Fproduct_brand&post=727"},{"taxonomy":"product_cat","embeddable":true,"href":"https:\/\/electricidadeaguas.pt\/index.php?rest_route=%2Fwp%2Fv2%2Fproduct_cat&post=727"},{"taxonomy":"product_tag","embeddable":true,"href":"https:\/\/electricidadeaguas.pt\/index.php?rest_route=%2Fwp%2Fv2%2Fproduct_tag&post=727"}],"curies":[{"name":"wp","href":"https:\/\/api.w.org\/{rel}","templated":true}]}}