{"id":730,"date":"2025-03-26T10:07:32","date_gmt":"2025-03-26T10:07:32","guid":{"rendered":"https:\/\/electricidadeaguas.pt\/?post_type=product&#038;p=730"},"modified":"2025-03-26T10:07:33","modified_gmt":"2025-03-26T10:07:33","slug":"catalogo-obo-sistemas-de-ligacao-e-fixacao","status":"publish","type":"product","link":"https:\/\/electricidadeaguas.pt\/?product=catalogo-obo-sistemas-de-ligacao-e-fixacao","title":{"rendered":"Cat\u00e1logo OBO &#8211; Sistemas de liga\u00e7\u00e3o e fixa\u00e7\u00e3o"},"content":{"rendered":"<p class=\"\" data-start=\"85\" data-end=\"453\">O <strong data-start=\"87\" data-end=\"135\">Cat\u00e1logo OBO &#8211; Sistemas de liga\u00e7\u00e3o e fixa\u00e7\u00e3o<\/strong> oferece solu\u00e7\u00f5es essenciais para garantir a seguran\u00e7a, estabilidade e efici\u00eancia das instala\u00e7\u00f5es el\u00e9tricas. A OBO disponibiliza uma gama de produtos de alta qualidade, incluindo conectores, terminais, bra\u00e7adeiras, fixa\u00e7\u00f5es e acess\u00f3rios, projetados para assegurar uma liga\u00e7\u00e3o s\u00f3lida e segura dos componentes el\u00e9tricos.<\/p>\n<p class=\"\" data-start=\"455\" data-end=\"816\">Esses sistemas s\u00e3o ideais para uma vasta gama de aplica\u00e7\u00f5es, desde instala\u00e7\u00f5es industriais at\u00e9 projetos residenciais, oferecendo solu\u00e7\u00f5es que facilitam a montagem e o ajuste preciso dos sistemas el\u00e9tricos. A OBO \u00e9 conhecida pela sua inova\u00e7\u00e3o e fiabilidade, proporcionando produtos dur\u00e1veis e de f\u00e1cil instala\u00e7\u00e3o para garantir o m\u00e1ximo de desempenho e seguran\u00e7a.<\/p>\n<p class=\"\" data-start=\"818\" data-end=\"852\"><strong data-start=\"818\" data-end=\"852\">Explore mais ao clicar abaixo.<\/strong><\/p>\n<p data-start=\"818\" data-end=\"852\"><a href=\"https:\/\/electrosiluz.pt\/wp-content\/uploads\/2024\/05\/VBS_K2_2019_PT_compressed.pdf\">Cat\u00e1logo OBO &#8211; Sistemas de liga\u00e7\u00e3o e fixa\u00e7\u00e3o<\/a><\/p>\n","protected":false},"excerpt":{"rendered":"<p>O Cat\u00e1logo OBO &#8211; Sistemas de liga\u00e7\u00e3o e fixa\u00e7\u00e3o oferece solu\u00e7\u00f5es essenciais para garantir a seguran\u00e7a, estabilidade e efici\u00eancia das instala\u00e7\u00f5es el\u00e9tricas. A OBO disponibiliza uma gama de produtos de alta qualidade, incluindo conectores, terminais, bra\u00e7adeiras, fixa\u00e7\u00f5es e acess\u00f3rios, projetados para assegurar uma liga\u00e7\u00e3o s\u00f3lida e segura dos componentes el\u00e9tricos. Esses sistemas s\u00e3o ideais para&hellip;&nbsp;<a href=\"https:\/\/electricidadeaguas.pt\/?product=catalogo-obo-sistemas-de-ligacao-e-fixacao\" rel=\"bookmark\">Ler mais &raquo;<span class=\"screen-reader-text\">Cat\u00e1logo OBO &#8211; Sistemas de liga\u00e7\u00e3o e fixa\u00e7\u00e3o<\/span><\/a><\/p>\n","protected":false},"featured_media":731,"comment_status":"open","ping_status":"closed","template":"","meta":{"neve_meta_sidebar":"","neve_meta_container":"","neve_meta_enable_content_width":"off","neve_meta_content_width":100,"neve_meta_title_alignment":"","neve_meta_author_avatar":"","neve_post_elements_order":"","neve_meta_disable_header":"","neve_meta_disable_footer":"","neve_meta_disable_title":""},"product_brand":[],"product_cat":[39],"product_tag":[],"class_list":{"0":"post-730","1":"product","2":"type-product","3":"status-publish","4":"has-post-thumbnail","6":"product_cat-obo","8":"first","9":"instock","10":"virtual","11":"product-type-simple"},"jetpack_sharing_enabled":true,"_links":{"self":[{"href":"https:\/\/electricidadeaguas.pt\/index.php?rest_route=\/wp\/v2\/product\/730","targetHints":{"allow":["GET"]}}],"collection":[{"href":"https:\/\/electricidadeaguas.pt\/index.php?rest_route=\/wp\/v2\/product"}],"about":[{"href":"https:\/\/electricidadeaguas.pt\/index.php?rest_route=\/wp\/v2\/types\/product"}],"replies":[{"embeddable":true,"href":"https:\/\/electricidadeaguas.pt\/index.php?rest_route=%2Fwp%2Fv2%2Fcomments&post=730"}],"wp:featuredmedia":[{"embeddable":true,"href":"https:\/\/electricidadeaguas.pt\/index.php?rest_route=\/wp\/v2\/media\/731"}],"wp:attachment":[{"href":"https:\/\/electricidadeaguas.pt\/index.php?rest_route=%2Fwp%2Fv2%2Fmedia&parent=730"}],"wp:term":[{"taxonomy":"product_brand","embeddable":true,"href":"https:\/\/electricidadeaguas.pt\/index.php?rest_route=%2Fwp%2Fv2%2Fproduct_brand&post=730"},{"taxonomy":"product_cat","embeddable":true,"href":"https:\/\/electricidadeaguas.pt\/index.php?rest_route=%2Fwp%2Fv2%2Fproduct_cat&post=730"},{"taxonomy":"product_tag","embeddable":true,"href":"https:\/\/electricidadeaguas.pt\/index.php?rest_route=%2Fwp%2Fv2%2Fproduct_tag&post=730"}],"curies":[{"name":"wp","href":"https:\/\/api.w.org\/{rel}","templated":true}]}}