{"id":732,"date":"2025-03-26T10:11:00","date_gmt":"2025-03-26T10:11:00","guid":{"rendered":"https:\/\/electricidadeaguas.pt\/?post_type=product&#038;p=732"},"modified":"2025-03-26T10:11:00","modified_gmt":"2025-03-26T10:11:00","slug":"catalogo-obo-sistemas-antifogo","status":"publish","type":"product","link":"https:\/\/electricidadeaguas.pt\/?product=catalogo-obo-sistemas-antifogo","title":{"rendered":"Cat\u00e1logo OBO &#8211; Sistemas antifogo"},"content":{"rendered":"<p class=\"\" data-start=\"73\" data-end=\"424\">O <strong data-start=\"75\" data-end=\"111\">Cat\u00e1logo OBO &#8211; Sistemas antifogo<\/strong> oferece solu\u00e7\u00f5es de alta qualidade para a prote\u00e7\u00e3o contra inc\u00eandios em instala\u00e7\u00f5es el\u00e9tricas e de constru\u00e7\u00e3o. A OBO apresenta uma variedade de produtos, como sistemas de veda\u00e7\u00e3o, revestimentos, e dispositivos de prote\u00e7\u00e3o, projetados para impedir a propaga\u00e7\u00e3o de fogo e garantir a seguran\u00e7a em ambientes cr\u00edticos.<\/p>\n<p class=\"\" data-start=\"426\" data-end=\"837\">Esses sistemas s\u00e3o especialmente desenvolvidos para ambientes industriais, comerciais e residenciais, assegurando que as instala\u00e7\u00f5es el\u00e9tricas estejam protegidas contra riscos de inc\u00eandio, ao mesmo tempo em que mant\u00eam a efici\u00eancia e a fiabilidade das opera\u00e7\u00f5es. A OBO destaca-se pela sua tecnologia inovadora e compromisso com a seguran\u00e7a, proporcionando solu\u00e7\u00f5es dur\u00e1veis e eficazes em situa\u00e7\u00f5es de emerg\u00eancia.<\/p>\n<p class=\"\" data-start=\"839\" data-end=\"873\"><strong data-start=\"839\" data-end=\"873\">Explore mais ao clicar abaixo.<\/strong><\/p>\n<p data-start=\"839\" data-end=\"873\"><a href=\"https:\/\/electrosiluz.pt\/wp-content\/uploads\/2024\/05\/Katalog-BSS_pt_2019_compressed-1.pdf\">Cat\u00e1logo OBO &#8211; Sistemas antifogo<\/a><\/p>\n","protected":false},"excerpt":{"rendered":"<p>O Cat\u00e1logo OBO &#8211; Sistemas antifogo oferece solu\u00e7\u00f5es de alta qualidade para a prote\u00e7\u00e3o contra inc\u00eandios em instala\u00e7\u00f5es el\u00e9tricas e de constru\u00e7\u00e3o. A OBO apresenta uma variedade de produtos, como sistemas de veda\u00e7\u00e3o, revestimentos, e dispositivos de prote\u00e7\u00e3o, projetados para impedir a propaga\u00e7\u00e3o de fogo e garantir a seguran\u00e7a em ambientes cr\u00edticos. Esses sistemas s\u00e3o&hellip;&nbsp;<a href=\"https:\/\/electricidadeaguas.pt\/?product=catalogo-obo-sistemas-antifogo\" rel=\"bookmark\">Ler mais &raquo;<span class=\"screen-reader-text\">Cat\u00e1logo OBO &#8211; Sistemas antifogo<\/span><\/a><\/p>\n","protected":false},"featured_media":733,"comment_status":"open","ping_status":"closed","template":"","meta":{"neve_meta_sidebar":"","neve_meta_container":"","neve_meta_enable_content_width":"off","neve_meta_content_width":100,"neve_meta_title_alignment":"","neve_meta_author_avatar":"","neve_post_elements_order":"","neve_meta_disable_header":"","neve_meta_disable_footer":"","neve_meta_disable_title":""},"product_brand":[],"product_cat":[39],"product_tag":[],"class_list":{"0":"post-732","1":"product","2":"type-product","3":"status-publish","4":"has-post-thumbnail","6":"product_cat-obo","8":"first","9":"instock","10":"virtual","11":"product-type-simple"},"jetpack_sharing_enabled":true,"_links":{"self":[{"href":"https:\/\/electricidadeaguas.pt\/index.php?rest_route=\/wp\/v2\/product\/732","targetHints":{"allow":["GET"]}}],"collection":[{"href":"https:\/\/electricidadeaguas.pt\/index.php?rest_route=\/wp\/v2\/product"}],"about":[{"href":"https:\/\/electricidadeaguas.pt\/index.php?rest_route=\/wp\/v2\/types\/product"}],"replies":[{"embeddable":true,"href":"https:\/\/electricidadeaguas.pt\/index.php?rest_route=%2Fwp%2Fv2%2Fcomments&post=732"}],"wp:featuredmedia":[{"embeddable":true,"href":"https:\/\/electricidadeaguas.pt\/index.php?rest_route=\/wp\/v2\/media\/733"}],"wp:attachment":[{"href":"https:\/\/electricidadeaguas.pt\/index.php?rest_route=%2Fwp%2Fv2%2Fmedia&parent=732"}],"wp:term":[{"taxonomy":"product_brand","embeddable":true,"href":"https:\/\/electricidadeaguas.pt\/index.php?rest_route=%2Fwp%2Fv2%2Fproduct_brand&post=732"},{"taxonomy":"product_cat","embeddable":true,"href":"https:\/\/electricidadeaguas.pt\/index.php?rest_route=%2Fwp%2Fv2%2Fproduct_cat&post=732"},{"taxonomy":"product_tag","embeddable":true,"href":"https:\/\/electricidadeaguas.pt\/index.php?rest_route=%2Fwp%2Fv2%2Fproduct_tag&post=732"}],"curies":[{"name":"wp","href":"https:\/\/api.w.org\/{rel}","templated":true}]}}