{"id":742,"date":"2025-03-26T11:38:27","date_gmt":"2025-03-26T11:38:27","guid":{"rendered":"https:\/\/electricidadeaguas.pt\/?post_type=product&#038;p=742"},"modified":"2025-04-01T11:02:27","modified_gmt":"2025-04-01T11:02:27","slug":"catalogo-pramac-produtos","status":"publish","type":"product","link":"https:\/\/electricidadeaguas.pt\/?product=catalogo-pramac-produtos","title":{"rendered":"Cat\u00e1logo PRAMAC &#8211; Produtos"},"content":{"rendered":"<p class=\"\" data-start=\"69\" data-end=\"398\">O <strong data-start=\"71\" data-end=\"101\">Cat\u00e1logo PRAMAC &#8211; Produtos<\/strong> apresenta uma vasta gama de solu\u00e7\u00f5es para a gera\u00e7\u00e3o e armazenamento de energia, oferecendo equipamentos de alta qualidade e fiabilidade. A PRAMAC \u00e9 reconhecida por sua expertise em geradores, baterias e sistemas de backup de energia, ideais para aplica\u00e7\u00f5es residenciais, comerciais e industriais.<\/p>\n<p class=\"\" data-start=\"400\" data-end=\"770\">O cat\u00e1logo inclui geradores de energia a diesel e gasolina, sistemas de armazenamento de energia, inversores e acess\u00f3rios, todos projetados para garantir um desempenho robusto e cont\u00ednuo. A PRAMAC \u00e9 sin\u00f3nimo de inova\u00e7\u00e3o e sustentabilidade, oferecendo solu\u00e7\u00f5es que atendem \u00e0s necessidades de um mundo cada vez mais dependente de fontes de energia confi\u00e1veis e eficientes.<\/p>\n<p class=\"\" data-start=\"772\" data-end=\"806\"><strong data-start=\"772\" data-end=\"806\">Explore mais ao clicar abaixo.<\/strong><\/p>\n<p data-start=\"772\" data-end=\"806\"><a href=\"http:\/\/electricidadeaguas.pt\/wp-content\/uploads\/2025\/03\/Catalogo-PRAMAC-Produtos.pdf\">Cat\u00e1logo PRAMAC &#8211; Produtos<\/a><\/p>\n","protected":false},"excerpt":{"rendered":"<p>O Cat\u00e1logo PRAMAC &#8211; Produtos apresenta uma vasta gama de solu\u00e7\u00f5es para a gera\u00e7\u00e3o e armazenamento de energia, oferecendo equipamentos de alta qualidade e fiabilidade. A PRAMAC \u00e9 reconhecida por sua expertise em geradores, baterias e sistemas de backup de energia, ideais para aplica\u00e7\u00f5es residenciais, comerciais e industriais. O cat\u00e1logo inclui geradores de energia a&hellip;&nbsp;<a href=\"https:\/\/electricidadeaguas.pt\/?product=catalogo-pramac-produtos\" rel=\"bookmark\">Ler mais &raquo;<span class=\"screen-reader-text\">Cat\u00e1logo PRAMAC &#8211; Produtos<\/span><\/a><\/p>\n","protected":false},"featured_media":744,"comment_status":"open","ping_status":"closed","template":"","meta":{"neve_meta_sidebar":"","neve_meta_container":"","neve_meta_enable_content_width":"off","neve_meta_content_width":100,"neve_meta_title_alignment":"","neve_meta_author_avatar":"","neve_post_elements_order":"","neve_meta_disable_header":"","neve_meta_disable_footer":"","neve_meta_disable_title":""},"product_brand":[],"product_cat":[40],"product_tag":[],"class_list":{"0":"post-742","1":"product","2":"type-product","3":"status-publish","4":"has-post-thumbnail","6":"product_cat-pramac","8":"first","9":"instock","10":"virtual","11":"product-type-simple"},"jetpack_sharing_enabled":true,"_links":{"self":[{"href":"https:\/\/electricidadeaguas.pt\/index.php?rest_route=\/wp\/v2\/product\/742","targetHints":{"allow":["GET"]}}],"collection":[{"href":"https:\/\/electricidadeaguas.pt\/index.php?rest_route=\/wp\/v2\/product"}],"about":[{"href":"https:\/\/electricidadeaguas.pt\/index.php?rest_route=\/wp\/v2\/types\/product"}],"replies":[{"embeddable":true,"href":"https:\/\/electricidadeaguas.pt\/index.php?rest_route=%2Fwp%2Fv2%2Fcomments&post=742"}],"wp:featuredmedia":[{"embeddable":true,"href":"https:\/\/electricidadeaguas.pt\/index.php?rest_route=\/wp\/v2\/media\/744"}],"wp:attachment":[{"href":"https:\/\/electricidadeaguas.pt\/index.php?rest_route=%2Fwp%2Fv2%2Fmedia&parent=742"}],"wp:term":[{"taxonomy":"product_brand","embeddable":true,"href":"https:\/\/electricidadeaguas.pt\/index.php?rest_route=%2Fwp%2Fv2%2Fproduct_brand&post=742"},{"taxonomy":"product_cat","embeddable":true,"href":"https:\/\/electricidadeaguas.pt\/index.php?rest_route=%2Fwp%2Fv2%2Fproduct_cat&post=742"},{"taxonomy":"product_tag","embeddable":true,"href":"https:\/\/electricidadeaguas.pt\/index.php?rest_route=%2Fwp%2Fv2%2Fproduct_tag&post=742"}],"curies":[{"name":"wp","href":"https:\/\/api.w.org\/{rel}","templated":true}]}}