{"id":745,"date":"2025-03-26T11:41:11","date_gmt":"2025-03-26T11:41:11","guid":{"rendered":"https:\/\/electricidadeaguas.pt\/?post_type=product&#038;p=745"},"modified":"2025-04-01T11:03:43","modified_gmt":"2025-04-01T11:03:43","slug":"catalogo-pramac-energy-generation","status":"publish","type":"product","link":"https:\/\/electricidadeaguas.pt\/?product=catalogo-pramac-energy-generation","title":{"rendered":"Cat\u00e1logo PRAMAC &#8211; Energy generation"},"content":{"rendered":"<p class=\"\" data-start=\"76\" data-end=\"449\">O <strong data-start=\"78\" data-end=\"117\">Cat\u00e1logo PRAMAC &#8211; Energy Generation<\/strong> apresenta solu\u00e7\u00f5es avan\u00e7adas para a gera\u00e7\u00e3o de energia, com foco em geradores de alta performance, ideais para garantir uma fonte de energia confi\u00e1vel em diversas situa\u00e7\u00f5es. A PRAMAC oferece uma ampla gama de produtos, incluindo geradores a diesel, gasolina e g\u00e1s, que atendem a necessidades residenciais, comerciais e industriais.<\/p>\n<p class=\"\" data-start=\"451\" data-end=\"833\">Projetados para proporcionar um desempenho eficiente e duradouro, os geradores PRAMAC s\u00e3o perfeitos para situa\u00e7\u00f5es de emerg\u00eancia ou para locais que necessitam de uma fonte de energia cont\u00ednua. A PRAMAC \u00e9 reconhecida pela sua inova\u00e7\u00e3o, fiabilidade e compromisso com a sustentabilidade, fornecendo produtos que maximizam a efici\u00eancia energ\u00e9tica enquanto minimizam o impacto ambiental.<\/p>\n<p class=\"\" data-start=\"835\" data-end=\"869\"><strong data-start=\"835\" data-end=\"869\">Explore mais ao clicar abaixo.<\/strong><\/p>\n<p data-start=\"835\" data-end=\"869\"><a href=\"http:\/\/electricidadeaguas.pt\/wp-content\/uploads\/2025\/03\/Catalogo-PRAMAC-Energy-generation.pdf\">Cat\u00e1logo PRAMAC &#8211; Energy generation<\/a><\/p>\n","protected":false},"excerpt":{"rendered":"<p>O Cat\u00e1logo PRAMAC &#8211; Energy Generation apresenta solu\u00e7\u00f5es avan\u00e7adas para a gera\u00e7\u00e3o de energia, com foco em geradores de alta performance, ideais para garantir uma fonte de energia confi\u00e1vel em diversas situa\u00e7\u00f5es. A PRAMAC oferece uma ampla gama de produtos, incluindo geradores a diesel, gasolina e g\u00e1s, que atendem a necessidades residenciais, comerciais e industriais.&hellip;&nbsp;<a href=\"https:\/\/electricidadeaguas.pt\/?product=catalogo-pramac-energy-generation\" rel=\"bookmark\">Ler mais &raquo;<span class=\"screen-reader-text\">Cat\u00e1logo PRAMAC &#8211; Energy generation<\/span><\/a><\/p>\n","protected":false},"featured_media":747,"comment_status":"open","ping_status":"closed","template":"","meta":{"neve_meta_sidebar":"","neve_meta_container":"","neve_meta_enable_content_width":"off","neve_meta_content_width":100,"neve_meta_title_alignment":"","neve_meta_author_avatar":"","neve_post_elements_order":"","neve_meta_disable_header":"","neve_meta_disable_footer":"","neve_meta_disable_title":""},"product_brand":[],"product_cat":[40],"product_tag":[],"class_list":{"0":"post-745","1":"product","2":"type-product","3":"status-publish","4":"has-post-thumbnail","6":"product_cat-pramac","8":"first","9":"instock","10":"virtual","11":"product-type-simple"},"jetpack_sharing_enabled":true,"_links":{"self":[{"href":"https:\/\/electricidadeaguas.pt\/index.php?rest_route=\/wp\/v2\/product\/745","targetHints":{"allow":["GET"]}}],"collection":[{"href":"https:\/\/electricidadeaguas.pt\/index.php?rest_route=\/wp\/v2\/product"}],"about":[{"href":"https:\/\/electricidadeaguas.pt\/index.php?rest_route=\/wp\/v2\/types\/product"}],"replies":[{"embeddable":true,"href":"https:\/\/electricidadeaguas.pt\/index.php?rest_route=%2Fwp%2Fv2%2Fcomments&post=745"}],"wp:featuredmedia":[{"embeddable":true,"href":"https:\/\/electricidadeaguas.pt\/index.php?rest_route=\/wp\/v2\/media\/747"}],"wp:attachment":[{"href":"https:\/\/electricidadeaguas.pt\/index.php?rest_route=%2Fwp%2Fv2%2Fmedia&parent=745"}],"wp:term":[{"taxonomy":"product_brand","embeddable":true,"href":"https:\/\/electricidadeaguas.pt\/index.php?rest_route=%2Fwp%2Fv2%2Fproduct_brand&post=745"},{"taxonomy":"product_cat","embeddable":true,"href":"https:\/\/electricidadeaguas.pt\/index.php?rest_route=%2Fwp%2Fv2%2Fproduct_cat&post=745"},{"taxonomy":"product_tag","embeddable":true,"href":"https:\/\/electricidadeaguas.pt\/index.php?rest_route=%2Fwp%2Fv2%2Fproduct_tag&post=745"}],"curies":[{"name":"wp","href":"https:\/\/api.w.org\/{rel}","templated":true}]}}