{"id":749,"date":"2025-03-26T12:23:16","date_gmt":"2025-03-26T12:23:16","guid":{"rendered":"https:\/\/electricidadeaguas.pt\/?post_type=product&#038;p=749"},"modified":"2025-03-26T12:23:16","modified_gmt":"2025-03-26T12:23:16","slug":"catalogo-prami-geral","status":"publish","type":"product","link":"https:\/\/electricidadeaguas.pt\/?product=catalogo-prami-geral","title":{"rendered":"Cat\u00e1logo Prami &#8211; Geral"},"content":{"rendered":"<p class=\"\" data-start=\"65\" data-end=\"405\">O <strong data-start=\"67\" data-end=\"93\">Cat\u00e1logo Prami &#8211; Geral<\/strong> apresenta uma ampla gama de produtos e solu\u00e7\u00f5es voltados para a \u00e1rea de sistemas de energia, automa\u00e7\u00e3o e outros setores industriais. A Prami \u00e9 reconhecida por oferecer equipamentos e solu\u00e7\u00f5es tecnol\u00f3gicas de alta qualidade, com foco em inova\u00e7\u00e3o e fiabilidade para atender \u00e0s necessidades de diversas ind\u00fastrias.<\/p>\n<p class=\"\" data-start=\"407\" data-end=\"708\">Este cat\u00e1logo inclui desde geradores, sistemas de energia e dispositivos de automa\u00e7\u00e3o at\u00e9 acess\u00f3rios e componentes para instala\u00e7\u00f5es el\u00e9tricas. A Prami destaca-se pela sua dedica\u00e7\u00e3o \u00e0 excel\u00eancia, oferecendo produtos que garantem efici\u00eancia e seguran\u00e7a em projetos de grande escala e opera\u00e7\u00f5es cr\u00edticas.<\/p>\n<p class=\"\" data-start=\"710\" data-end=\"744\"><strong data-start=\"710\" data-end=\"744\">Explore mais ao clicar abaixo.<\/strong><\/p>\n<p data-start=\"710\" data-end=\"744\"><a href=\"http:\/\/electricidadeaguas.pt\/wp-content\/uploads\/2025\/03\/Catalogo-Prami-Geral.pdf\">Cat\u00e1logo Prami &#8211; Geral<\/a><\/p>\n","protected":false},"excerpt":{"rendered":"<p>O Cat\u00e1logo Prami &#8211; Geral apresenta uma ampla gama de produtos e solu\u00e7\u00f5es voltados para a \u00e1rea de sistemas de energia, automa\u00e7\u00e3o e outros setores industriais. A Prami \u00e9 reconhecida por oferecer equipamentos e solu\u00e7\u00f5es tecnol\u00f3gicas de alta qualidade, com foco em inova\u00e7\u00e3o e fiabilidade para atender \u00e0s necessidades de diversas ind\u00fastrias. Este cat\u00e1logo inclui&hellip;&nbsp;<a href=\"https:\/\/electricidadeaguas.pt\/?product=catalogo-prami-geral\" rel=\"bookmark\">Ler mais &raquo;<span class=\"screen-reader-text\">Cat\u00e1logo Prami &#8211; Geral<\/span><\/a><\/p>\n","protected":false},"featured_media":751,"comment_status":"open","ping_status":"closed","template":"","meta":{"neve_meta_sidebar":"","neve_meta_container":"","neve_meta_enable_content_width":"off","neve_meta_content_width":100,"neve_meta_title_alignment":"","neve_meta_author_avatar":"","neve_post_elements_order":"","neve_meta_disable_header":"","neve_meta_disable_footer":"","neve_meta_disable_title":""},"product_brand":[],"product_cat":[41],"product_tag":[],"class_list":{"0":"post-749","1":"product","2":"type-product","3":"status-publish","4":"has-post-thumbnail","6":"product_cat-prami","8":"first","9":"instock","10":"virtual","11":"product-type-simple"},"jetpack_sharing_enabled":true,"_links":{"self":[{"href":"https:\/\/electricidadeaguas.pt\/index.php?rest_route=\/wp\/v2\/product\/749","targetHints":{"allow":["GET"]}}],"collection":[{"href":"https:\/\/electricidadeaguas.pt\/index.php?rest_route=\/wp\/v2\/product"}],"about":[{"href":"https:\/\/electricidadeaguas.pt\/index.php?rest_route=\/wp\/v2\/types\/product"}],"replies":[{"embeddable":true,"href":"https:\/\/electricidadeaguas.pt\/index.php?rest_route=%2Fwp%2Fv2%2Fcomments&post=749"}],"wp:featuredmedia":[{"embeddable":true,"href":"https:\/\/electricidadeaguas.pt\/index.php?rest_route=\/wp\/v2\/media\/751"}],"wp:attachment":[{"href":"https:\/\/electricidadeaguas.pt\/index.php?rest_route=%2Fwp%2Fv2%2Fmedia&parent=749"}],"wp:term":[{"taxonomy":"product_brand","embeddable":true,"href":"https:\/\/electricidadeaguas.pt\/index.php?rest_route=%2Fwp%2Fv2%2Fproduct_brand&post=749"},{"taxonomy":"product_cat","embeddable":true,"href":"https:\/\/electricidadeaguas.pt\/index.php?rest_route=%2Fwp%2Fv2%2Fproduct_cat&post=749"},{"taxonomy":"product_tag","embeddable":true,"href":"https:\/\/electricidadeaguas.pt\/index.php?rest_route=%2Fwp%2Fv2%2Fproduct_tag&post=749"}],"curies":[{"name":"wp","href":"https:\/\/api.w.org\/{rel}","templated":true}]}}