{"id":757,"date":"2025-03-26T14:49:16","date_gmt":"2025-03-26T14:49:16","guid":{"rendered":"https:\/\/electricidadeaguas.pt\/?post_type=product&#038;p=757"},"modified":"2025-03-26T14:49:17","modified_gmt":"2025-03-26T14:49:17","slug":"catalogo-shcneider-tabela-de-precos","status":"publish","type":"product","link":"https:\/\/electricidadeaguas.pt\/?product=catalogo-shcneider-tabela-de-precos","title":{"rendered":"Cat\u00e1logo Shcneider &#8211; Tabela de pre\u00e7os"},"content":{"rendered":"<p>A <strong data-start=\"2\" data-end=\"44\">Tabela de Pre\u00e7os da Schneider Electric<\/strong> apresenta os valores atualizados para as diversas gamas de produtos, incluindo equipamentos e sistemas de distribui\u00e7\u00e3o de energia de baixa tens\u00e3o, automa\u00e7\u00e3o e controlo. Dispon\u00edvel na p\u00e1gina oficial da Schneider Electric Portugal, permite consultar pre\u00e7os detalhados e especifica\u00e7\u00f5es t\u00e9cnicas. Atrav\u00e9s da aplica\u00e7\u00e3o <strong data-start=\"359\" data-end=\"374\">mySchneider<\/strong>, \u00e9 poss\u00edvel aceder ao cat\u00e1logo completo, verificar pre\u00e7os, documentos e utilizar um leitor de c\u00f3digos de barras\/QR para informa\u00e7\u00f5es r\u00e1pidas sobre produtos.<\/p>\n<p><strong data-start=\"531\" data-end=\"565\" data-is-last-node=\"\">Explore mais ao clicar abaixo.<\/strong><\/p>\n<p><a href=\"http:\/\/electricidadeaguas.pt\/wp-content\/uploads\/2025\/03\/Catalogo-Shcneider-Tabela-de-precos.pdf\">Cat\u00e1logo Shcneider &#8211; Tabela de pre\u00e7os<\/a><\/p>\n","protected":false},"excerpt":{"rendered":"<p>A Tabela de Pre\u00e7os da Schneider Electric apresenta os valores atualizados para as diversas gamas de produtos, incluindo equipamentos e sistemas de distribui\u00e7\u00e3o de energia de baixa tens\u00e3o, automa\u00e7\u00e3o e controlo. Dispon\u00edvel na p\u00e1gina oficial da Schneider Electric Portugal, permite consultar pre\u00e7os detalhados e especifica\u00e7\u00f5es t\u00e9cnicas. Atrav\u00e9s da aplica\u00e7\u00e3o mySchneider, \u00e9 poss\u00edvel aceder ao cat\u00e1logo&hellip;&nbsp;<a href=\"https:\/\/electricidadeaguas.pt\/?product=catalogo-shcneider-tabela-de-precos\" rel=\"bookmark\">Ler mais &raquo;<span class=\"screen-reader-text\">Cat\u00e1logo Shcneider &#8211; Tabela de pre\u00e7os<\/span><\/a><\/p>\n","protected":false},"featured_media":759,"comment_status":"open","ping_status":"closed","template":"","meta":{"neve_meta_sidebar":"","neve_meta_container":"","neve_meta_enable_content_width":"off","neve_meta_content_width":100,"neve_meta_title_alignment":"","neve_meta_author_avatar":"","neve_post_elements_order":"","neve_meta_disable_header":"","neve_meta_disable_footer":"","neve_meta_disable_title":""},"product_brand":[],"product_cat":[42],"product_tag":[],"class_list":{"0":"post-757","1":"product","2":"type-product","3":"status-publish","4":"has-post-thumbnail","6":"product_cat-schneider","8":"first","9":"instock","10":"virtual","11":"product-type-simple"},"jetpack_sharing_enabled":true,"_links":{"self":[{"href":"https:\/\/electricidadeaguas.pt\/index.php?rest_route=\/wp\/v2\/product\/757","targetHints":{"allow":["GET"]}}],"collection":[{"href":"https:\/\/electricidadeaguas.pt\/index.php?rest_route=\/wp\/v2\/product"}],"about":[{"href":"https:\/\/electricidadeaguas.pt\/index.php?rest_route=\/wp\/v2\/types\/product"}],"replies":[{"embeddable":true,"href":"https:\/\/electricidadeaguas.pt\/index.php?rest_route=%2Fwp%2Fv2%2Fcomments&post=757"}],"wp:featuredmedia":[{"embeddable":true,"href":"https:\/\/electricidadeaguas.pt\/index.php?rest_route=\/wp\/v2\/media\/759"}],"wp:attachment":[{"href":"https:\/\/electricidadeaguas.pt\/index.php?rest_route=%2Fwp%2Fv2%2Fmedia&parent=757"}],"wp:term":[{"taxonomy":"product_brand","embeddable":true,"href":"https:\/\/electricidadeaguas.pt\/index.php?rest_route=%2Fwp%2Fv2%2Fproduct_brand&post=757"},{"taxonomy":"product_cat","embeddable":true,"href":"https:\/\/electricidadeaguas.pt\/index.php?rest_route=%2Fwp%2Fv2%2Fproduct_cat&post=757"},{"taxonomy":"product_tag","embeddable":true,"href":"https:\/\/electricidadeaguas.pt\/index.php?rest_route=%2Fwp%2Fv2%2Fproduct_tag&post=757"}],"curies":[{"name":"wp","href":"https:\/\/api.w.org\/{rel}","templated":true}]}}