{"id":762,"date":"2025-03-26T14:58:54","date_gmt":"2025-03-26T14:58:54","guid":{"rendered":"https:\/\/electricidadeaguas.pt\/?post_type=product&#038;p=762"},"modified":"2025-03-26T14:58:54","modified_gmt":"2025-03-26T14:58:54","slug":"catalogo-shcneider-posto-de-carregamento-evlink","status":"publish","type":"product","link":"https:\/\/electricidadeaguas.pt\/?product=catalogo-shcneider-posto-de-carregamento-evlink","title":{"rendered":"Cat\u00e1logo Shcneider &#8211; Posto de carregamento EVlink"},"content":{"rendered":"<p>O <strong data-start=\"2\" data-end=\"55\">Cat\u00e1logo Schneider &#8211; Posto de Carregamento EVlink<\/strong> apresenta solu\u00e7\u00f5es inovadoras para carregamento de ve\u00edculos el\u00e9tricos, oferecendo postos robustos, eficientes e compat\u00edveis com diferentes aplica\u00e7\u00f5es residenciais, comerciais e p\u00fablicas. Com tecnologia avan\u00e7ada, os carregadores EVlink garantem seguran\u00e7a, desempenho otimizado e integra\u00e7\u00e3o inteligente com sistemas de gest\u00e3o de energia.<\/p>\n<p><strong data-start=\"392\" data-end=\"426\" data-is-last-node=\"\">Explore mais ao clicar abaixo.<\/strong><\/p>\n<p><a href=\"http:\/\/electricidadeaguas.pt\/wp-content\/uploads\/2025\/03\/Catalogo-Shcneider-Posto-de-carregamento-EVlink.pdf\">Cat\u00e1logo Shcneider &#8211; Posto de carregamento EVlink<\/a><\/p>\n","protected":false},"excerpt":{"rendered":"<p>O Cat\u00e1logo Schneider &#8211; Posto de Carregamento EVlink apresenta solu\u00e7\u00f5es inovadoras para carregamento de ve\u00edculos el\u00e9tricos, oferecendo postos robustos, eficientes e compat\u00edveis com diferentes aplica\u00e7\u00f5es residenciais, comerciais e p\u00fablicas. Com tecnologia avan\u00e7ada, os carregadores EVlink garantem seguran\u00e7a, desempenho otimizado e integra\u00e7\u00e3o inteligente com sistemas de gest\u00e3o de energia. Explore mais ao clicar abaixo. Cat\u00e1logo Shcneider&hellip;&nbsp;<a href=\"https:\/\/electricidadeaguas.pt\/?product=catalogo-shcneider-posto-de-carregamento-evlink\" rel=\"bookmark\">Ler mais &raquo;<span class=\"screen-reader-text\">Cat\u00e1logo Shcneider &#8211; Posto de carregamento EVlink<\/span><\/a><\/p>\n","protected":false},"featured_media":764,"comment_status":"open","ping_status":"closed","template":"","meta":{"neve_meta_sidebar":"","neve_meta_container":"","neve_meta_enable_content_width":"off","neve_meta_content_width":100,"neve_meta_title_alignment":"","neve_meta_author_avatar":"","neve_post_elements_order":"","neve_meta_disable_header":"","neve_meta_disable_footer":"","neve_meta_disable_title":""},"product_brand":[],"product_cat":[42],"product_tag":[],"class_list":{"0":"post-762","1":"product","2":"type-product","3":"status-publish","4":"has-post-thumbnail","6":"product_cat-schneider","8":"first","9":"instock","10":"virtual","11":"product-type-simple"},"jetpack_sharing_enabled":true,"_links":{"self":[{"href":"https:\/\/electricidadeaguas.pt\/index.php?rest_route=\/wp\/v2\/product\/762","targetHints":{"allow":["GET"]}}],"collection":[{"href":"https:\/\/electricidadeaguas.pt\/index.php?rest_route=\/wp\/v2\/product"}],"about":[{"href":"https:\/\/electricidadeaguas.pt\/index.php?rest_route=\/wp\/v2\/types\/product"}],"replies":[{"embeddable":true,"href":"https:\/\/electricidadeaguas.pt\/index.php?rest_route=%2Fwp%2Fv2%2Fcomments&post=762"}],"wp:featuredmedia":[{"embeddable":true,"href":"https:\/\/electricidadeaguas.pt\/index.php?rest_route=\/wp\/v2\/media\/764"}],"wp:attachment":[{"href":"https:\/\/electricidadeaguas.pt\/index.php?rest_route=%2Fwp%2Fv2%2Fmedia&parent=762"}],"wp:term":[{"taxonomy":"product_brand","embeddable":true,"href":"https:\/\/electricidadeaguas.pt\/index.php?rest_route=%2Fwp%2Fv2%2Fproduct_brand&post=762"},{"taxonomy":"product_cat","embeddable":true,"href":"https:\/\/electricidadeaguas.pt\/index.php?rest_route=%2Fwp%2Fv2%2Fproduct_cat&post=762"},{"taxonomy":"product_tag","embeddable":true,"href":"https:\/\/electricidadeaguas.pt\/index.php?rest_route=%2Fwp%2Fv2%2Fproduct_tag&post=762"}],"curies":[{"name":"wp","href":"https:\/\/api.w.org\/{rel}","templated":true}]}}