{"id":771,"date":"2025-03-26T15:17:45","date_gmt":"2025-03-26T15:17:45","guid":{"rendered":"https:\/\/electricidadeaguas.pt\/?post_type=product&#038;p=771"},"modified":"2025-03-26T15:17:46","modified_gmt":"2025-03-26T15:17:46","slug":"catalogo-shcneider-easy-ups","status":"publish","type":"product","link":"https:\/\/electricidadeaguas.pt\/?product=catalogo-shcneider-easy-ups","title":{"rendered":"Cat\u00e1logo Shcneider &#8211; Easy Ups"},"content":{"rendered":"<p>O <strong data-start=\"2\" data-end=\"35\">Cat\u00e1logo Schneider &#8211; Easy UPS<\/strong> apresenta solu\u00e7\u00f5es de energia fi\u00e1veis para prote\u00e7\u00e3o contra falhas el\u00e9tricas, garantindo continuidade operacional em ambientes residenciais, comerciais e industriais. Com tecnologia robusta e eficiente, os sistemas Easy UPS oferecem prote\u00e7\u00e3o contra sobretens\u00f5es e quedas de energia, assegurando a estabilidade dos equipamentos essenciais.<\/p>\n<p><strong data-start=\"374\" data-end=\"408\" data-is-last-node=\"\">Explore mais ao clicar abaixo.<\/strong><\/p>\n<p><a href=\"http:\/\/electricidadeaguas.pt\/wp-content\/uploads\/2025\/03\/Catalogo-Shcneider-Easy-Ups.pdf\">Cat\u00e1logo Shcneider &#8211; Easy Ups<\/a><\/p>\n","protected":false},"excerpt":{"rendered":"<p>O Cat\u00e1logo Schneider &#8211; Easy UPS apresenta solu\u00e7\u00f5es de energia fi\u00e1veis para prote\u00e7\u00e3o contra falhas el\u00e9tricas, garantindo continuidade operacional em ambientes residenciais, comerciais e industriais. Com tecnologia robusta e eficiente, os sistemas Easy UPS oferecem prote\u00e7\u00e3o contra sobretens\u00f5es e quedas de energia, assegurando a estabilidade dos equipamentos essenciais. Explore mais ao clicar abaixo. Cat\u00e1logo Shcneider&hellip;&nbsp;<a href=\"https:\/\/electricidadeaguas.pt\/?product=catalogo-shcneider-easy-ups\" rel=\"bookmark\">Ler mais &raquo;<span class=\"screen-reader-text\">Cat\u00e1logo Shcneider &#8211; Easy Ups<\/span><\/a><\/p>\n","protected":false},"featured_media":773,"comment_status":"open","ping_status":"closed","template":"","meta":{"neve_meta_sidebar":"","neve_meta_container":"","neve_meta_enable_content_width":"off","neve_meta_content_width":100,"neve_meta_title_alignment":"","neve_meta_author_avatar":"","neve_post_elements_order":"","neve_meta_disable_header":"","neve_meta_disable_footer":"","neve_meta_disable_title":""},"product_brand":[],"product_cat":[42],"product_tag":[],"class_list":{"0":"post-771","1":"product","2":"type-product","3":"status-publish","4":"has-post-thumbnail","6":"product_cat-schneider","8":"first","9":"instock","10":"virtual","11":"product-type-simple"},"jetpack_sharing_enabled":true,"_links":{"self":[{"href":"https:\/\/electricidadeaguas.pt\/index.php?rest_route=\/wp\/v2\/product\/771","targetHints":{"allow":["GET"]}}],"collection":[{"href":"https:\/\/electricidadeaguas.pt\/index.php?rest_route=\/wp\/v2\/product"}],"about":[{"href":"https:\/\/electricidadeaguas.pt\/index.php?rest_route=\/wp\/v2\/types\/product"}],"replies":[{"embeddable":true,"href":"https:\/\/electricidadeaguas.pt\/index.php?rest_route=%2Fwp%2Fv2%2Fcomments&post=771"}],"wp:featuredmedia":[{"embeddable":true,"href":"https:\/\/electricidadeaguas.pt\/index.php?rest_route=\/wp\/v2\/media\/773"}],"wp:attachment":[{"href":"https:\/\/electricidadeaguas.pt\/index.php?rest_route=%2Fwp%2Fv2%2Fmedia&parent=771"}],"wp:term":[{"taxonomy":"product_brand","embeddable":true,"href":"https:\/\/electricidadeaguas.pt\/index.php?rest_route=%2Fwp%2Fv2%2Fproduct_brand&post=771"},{"taxonomy":"product_cat","embeddable":true,"href":"https:\/\/electricidadeaguas.pt\/index.php?rest_route=%2Fwp%2Fv2%2Fproduct_cat&post=771"},{"taxonomy":"product_tag","embeddable":true,"href":"https:\/\/electricidadeaguas.pt\/index.php?rest_route=%2Fwp%2Fv2%2Fproduct_tag&post=771"}],"curies":[{"name":"wp","href":"https:\/\/api.w.org\/{rel}","templated":true}]}}