{"id":777,"date":"2025-03-26T15:37:38","date_gmt":"2025-03-26T15:37:38","guid":{"rendered":"https:\/\/electricidadeaguas.pt\/?post_type=product&#038;p=777"},"modified":"2025-03-26T15:37:39","modified_gmt":"2025-03-26T15:37:39","slug":"catalogo-quiterios-ati-rack","status":"publish","type":"product","link":"https:\/\/electricidadeaguas.pt\/?product=catalogo-quiterios-ati-rack","title":{"rendered":"Cat\u00e1logo Quit\u00e9rios &#8211;  ATI RACK"},"content":{"rendered":"<p class=\"\" data-start=\"0\" data-end=\"560\">O &#8220;Cat\u00e1logo Quit\u00e9rios &#8211; ATI RACK&#8221; \u00e9 uma linha especializada de racks e suportes de alta qualidade para a organiza\u00e7\u00e3o e instala\u00e7\u00e3o de sistemas el\u00e9tricos e de canaliza\u00e7\u00e3o. Com foco na efici\u00eancia e no design inovador, os ATI RACKs oferecem solu\u00e7\u00f5es pr\u00e1ticas para otimizar o espa\u00e7o e garantir a seguran\u00e7a e o bom funcionamento dos equipamentos. Este cat\u00e1logo apresenta op\u00e7\u00f5es vers\u00e1teis, adequadas para diferentes necessidades e ambientes, desde instala\u00e7\u00f5es residenciais at\u00e9 comerciais, proporcionando uma forma eficaz de organizar e proteger os sistemas el\u00e9tricos.<\/p>\n<p class=\"\" data-start=\"562\" data-end=\"599\"><strong data-start=\"562\" data-end=\"599\" data-is-last-node=\"\">Clique abaixo para explorar mais.<\/strong><\/p>\n<p data-start=\"562\" data-end=\"599\"><a href=\"https:\/\/electrosiluz.pt\/wp-content\/uploads\/2024\/05\/Catalogo-ATI_RACK-RJ_FLEX.pdf\">Cat\u00e1logo Quit\u00e9rios &#8211; ATI RACK<\/a><\/p>\n","protected":false},"excerpt":{"rendered":"<p>O &#8220;Cat\u00e1logo Quit\u00e9rios &#8211; ATI RACK&#8221; \u00e9 uma linha especializada de racks e suportes de alta qualidade para a organiza\u00e7\u00e3o e instala\u00e7\u00e3o de sistemas el\u00e9tricos e de canaliza\u00e7\u00e3o. Com foco na efici\u00eancia e no design inovador, os ATI RACKs oferecem solu\u00e7\u00f5es pr\u00e1ticas para otimizar o espa\u00e7o e garantir a seguran\u00e7a e o bom funcionamento dos&hellip;&nbsp;<a href=\"https:\/\/electricidadeaguas.pt\/?product=catalogo-quiterios-ati-rack\" rel=\"bookmark\">Ler mais &raquo;<span class=\"screen-reader-text\">Cat\u00e1logo Quit\u00e9rios &#8211;  ATI RACK<\/span><\/a><\/p>\n","protected":false},"featured_media":778,"comment_status":"open","ping_status":"closed","template":"","meta":{"neve_meta_sidebar":"","neve_meta_container":"","neve_meta_enable_content_width":"off","neve_meta_content_width":100,"neve_meta_title_alignment":"","neve_meta_author_avatar":"","neve_post_elements_order":"","neve_meta_disable_header":"","neve_meta_disable_footer":"","neve_meta_disable_title":""},"product_brand":[],"product_cat":[43],"product_tag":[],"class_list":{"0":"post-777","1":"product","2":"type-product","3":"status-publish","4":"has-post-thumbnail","6":"product_cat-quiterios","8":"first","9":"instock","10":"virtual","11":"product-type-simple"},"jetpack_sharing_enabled":true,"_links":{"self":[{"href":"https:\/\/electricidadeaguas.pt\/index.php?rest_route=\/wp\/v2\/product\/777","targetHints":{"allow":["GET"]}}],"collection":[{"href":"https:\/\/electricidadeaguas.pt\/index.php?rest_route=\/wp\/v2\/product"}],"about":[{"href":"https:\/\/electricidadeaguas.pt\/index.php?rest_route=\/wp\/v2\/types\/product"}],"replies":[{"embeddable":true,"href":"https:\/\/electricidadeaguas.pt\/index.php?rest_route=%2Fwp%2Fv2%2Fcomments&post=777"}],"wp:featuredmedia":[{"embeddable":true,"href":"https:\/\/electricidadeaguas.pt\/index.php?rest_route=\/wp\/v2\/media\/778"}],"wp:attachment":[{"href":"https:\/\/electricidadeaguas.pt\/index.php?rest_route=%2Fwp%2Fv2%2Fmedia&parent=777"}],"wp:term":[{"taxonomy":"product_brand","embeddable":true,"href":"https:\/\/electricidadeaguas.pt\/index.php?rest_route=%2Fwp%2Fv2%2Fproduct_brand&post=777"},{"taxonomy":"product_cat","embeddable":true,"href":"https:\/\/electricidadeaguas.pt\/index.php?rest_route=%2Fwp%2Fv2%2Fproduct_cat&post=777"},{"taxonomy":"product_tag","embeddable":true,"href":"https:\/\/electricidadeaguas.pt\/index.php?rest_route=%2Fwp%2Fv2%2Fproduct_tag&post=777"}],"curies":[{"name":"wp","href":"https:\/\/api.w.org\/{rel}","templated":true}]}}