{"id":779,"date":"2025-03-26T15:40:32","date_gmt":"2025-03-26T15:40:32","guid":{"rendered":"https:\/\/electricidadeaguas.pt\/?post_type=product&#038;p=779"},"modified":"2025-03-26T15:40:32","modified_gmt":"2025-03-26T15:40:32","slug":"catalogo-quiterios-compactiv","status":"publish","type":"product","link":"https:\/\/electricidadeaguas.pt\/?product=catalogo-quiterios-compactiv","title":{"rendered":"Cat\u00e1logo Quit\u00e9rios &#8211;  Compactiv"},"content":{"rendered":"<p class=\"\" data-start=\"0\" data-end=\"444\">O &#8220;Cat\u00e1logo Quit\u00e9rios &#8211; Compactiv&#8221; apresenta uma linha de solu\u00e7\u00f5es compactas e inovadoras para sistemas el\u00e9tricos e de canaliza\u00e7\u00e3o. Os produtos Compactiv foram desenvolvidos com o objetivo de otimizar o espa\u00e7o sem comprometer a qualidade e a funcionalidade. Ideais para ambientes onde a efici\u00eancia e a organiza\u00e7\u00e3o s\u00e3o essenciais, esses produtos garantem instala\u00e7\u00e3o f\u00e1cil e segura, oferecendo flexibilidade para adaptar-se a diferentes projetos.<\/p>\n<p class=\"\" data-start=\"446\" data-end=\"651\">Seja para uso residencial, comercial ou industrial, o cat\u00e1logo Compactiv oferece op\u00e7\u00f5es de equipamentos e acess\u00f3rios que ajudam a maximizar o desempenho dos sistemas, mantendo uma est\u00e9tica limpa e moderna.<\/p>\n<p class=\"\" data-start=\"653\" data-end=\"690\"><strong data-start=\"653\" data-end=\"690\" data-is-last-node=\"\">Clique abaixo para explorar mais.<\/strong><\/p>\n<p data-start=\"653\" data-end=\"690\"><a href=\"http:\/\/electricidadeaguas.pt\/wp-content\/uploads\/2025\/03\/Catalogo-Quiterios-Compactiv.pdf\">Cat\u00e1logo Quit\u00e9rios &#8211; Compactiv<\/a><\/p>\n","protected":false},"excerpt":{"rendered":"<p>O &#8220;Cat\u00e1logo Quit\u00e9rios &#8211; Compactiv&#8221; apresenta uma linha de solu\u00e7\u00f5es compactas e inovadoras para sistemas el\u00e9tricos e de canaliza\u00e7\u00e3o. Os produtos Compactiv foram desenvolvidos com o objetivo de otimizar o espa\u00e7o sem comprometer a qualidade e a funcionalidade. Ideais para ambientes onde a efici\u00eancia e a organiza\u00e7\u00e3o s\u00e3o essenciais, esses produtos garantem instala\u00e7\u00e3o f\u00e1cil e&hellip;&nbsp;<a href=\"https:\/\/electricidadeaguas.pt\/?product=catalogo-quiterios-compactiv\" rel=\"bookmark\">Ler mais &raquo;<span class=\"screen-reader-text\">Cat\u00e1logo Quit\u00e9rios &#8211;  Compactiv<\/span><\/a><\/p>\n","protected":false},"featured_media":781,"comment_status":"open","ping_status":"closed","template":"","meta":{"neve_meta_sidebar":"","neve_meta_container":"","neve_meta_enable_content_width":"off","neve_meta_content_width":100,"neve_meta_title_alignment":"","neve_meta_author_avatar":"","neve_post_elements_order":"","neve_meta_disable_header":"","neve_meta_disable_footer":"","neve_meta_disable_title":""},"product_brand":[],"product_cat":[43],"product_tag":[],"class_list":{"0":"post-779","1":"product","2":"type-product","3":"status-publish","4":"has-post-thumbnail","6":"product_cat-quiterios","8":"first","9":"instock","10":"virtual","11":"product-type-simple"},"jetpack_sharing_enabled":true,"_links":{"self":[{"href":"https:\/\/electricidadeaguas.pt\/index.php?rest_route=\/wp\/v2\/product\/779","targetHints":{"allow":["GET"]}}],"collection":[{"href":"https:\/\/electricidadeaguas.pt\/index.php?rest_route=\/wp\/v2\/product"}],"about":[{"href":"https:\/\/electricidadeaguas.pt\/index.php?rest_route=\/wp\/v2\/types\/product"}],"replies":[{"embeddable":true,"href":"https:\/\/electricidadeaguas.pt\/index.php?rest_route=%2Fwp%2Fv2%2Fcomments&post=779"}],"wp:featuredmedia":[{"embeddable":true,"href":"https:\/\/electricidadeaguas.pt\/index.php?rest_route=\/wp\/v2\/media\/781"}],"wp:attachment":[{"href":"https:\/\/electricidadeaguas.pt\/index.php?rest_route=%2Fwp%2Fv2%2Fmedia&parent=779"}],"wp:term":[{"taxonomy":"product_brand","embeddable":true,"href":"https:\/\/electricidadeaguas.pt\/index.php?rest_route=%2Fwp%2Fv2%2Fproduct_brand&post=779"},{"taxonomy":"product_cat","embeddable":true,"href":"https:\/\/electricidadeaguas.pt\/index.php?rest_route=%2Fwp%2Fv2%2Fproduct_cat&post=779"},{"taxonomy":"product_tag","embeddable":true,"href":"https:\/\/electricidadeaguas.pt\/index.php?rest_route=%2Fwp%2Fv2%2Fproduct_tag&post=779"}],"curies":[{"name":"wp","href":"https:\/\/api.w.org\/{rel}","templated":true}]}}