{"id":783,"date":"2025-03-27T10:20:51","date_gmt":"2025-03-27T10:20:51","guid":{"rendered":"https:\/\/electricidadeaguas.pt\/?post_type=product&#038;p=783"},"modified":"2025-03-27T10:20:51","modified_gmt":"2025-03-27T10:20:51","slug":"catalogo-elvox-door-entry","status":"publish","type":"product","link":"https:\/\/electricidadeaguas.pt\/?product=catalogo-elvox-door-entry","title":{"rendered":"Cat\u00e1logo Elvox &#8211; Door Entry"},"content":{"rendered":"<p class=\"\" data-start=\"209\" data-end=\"430\">Descubra a gama completa de solu\u00e7\u00f5es Elvox para controlo de acessos e comunica\u00e7\u00e3o \u00e0 entrada. Neste cat\u00e1logo, encontrar\u00e1 equipamentos modernos, seguros e f\u00e1ceis de utilizar, ideais para casas, pr\u00e9dios e espa\u00e7os comerciais.<\/p>\n<p class=\"\" data-start=\"432\" data-end=\"608\">A Elvox oferece desde os tradicionais <strong data-start=\"470\" data-end=\"489\">porteiros \u00e1udio<\/strong> at\u00e9 aos mais avan\u00e7ados <strong data-start=\"513\" data-end=\"540\">videoporteiros digitais<\/strong>, com design elegante e tecnologia intuitiva. Aqui poder\u00e1 consultar:<\/p>\n<p class=\"\" data-start=\"610\" data-end=\"830\">\u2705 Esta\u00e7\u00f5es exteriores resistentes e com diferentes op\u00e7\u00f5es de instala\u00e7\u00e3o<br data-start=\"681\" data-end=\"684\" \/>\u2705 Monitores interiores com imagem n\u00edtida e comandos simples<br data-start=\"743\" data-end=\"746\" \/>\u2705 Kits completos prontos a instalar<br data-start=\"781\" data-end=\"784\" \/>\u2705 Acess\u00f3rios e m\u00f3dulos para expandir o sistema<\/p>\n<p class=\"\" data-start=\"832\" data-end=\"917\">Pensado para quem procura <strong data-start=\"858\" data-end=\"892\">seguran\u00e7a, conforto e controlo<\/strong> \u00e0 dist\u00e2ncia de um bot\u00e3o.<\/p>\n<p data-start=\"832\" data-end=\"917\"><a href=\"http:\/\/electricidadeaguas.pt\/wp-content\/uploads\/2025\/03\/Catalogo-Elvox-Door-Entry.pdf\">Cat\u00e1logo Elvox &#8211; Door Entry<\/a><\/p>\n","protected":false},"excerpt":{"rendered":"<p>Descubra a gama completa de solu\u00e7\u00f5es Elvox para controlo de acessos e comunica\u00e7\u00e3o \u00e0 entrada. Neste cat\u00e1logo, encontrar\u00e1 equipamentos modernos, seguros e f\u00e1ceis de utilizar, ideais para casas, pr\u00e9dios e espa\u00e7os comerciais. A Elvox oferece desde os tradicionais porteiros \u00e1udio at\u00e9 aos mais avan\u00e7ados videoporteiros digitais, com design elegante e tecnologia intuitiva. Aqui poder\u00e1 consultar:&hellip;&nbsp;<a href=\"https:\/\/electricidadeaguas.pt\/?product=catalogo-elvox-door-entry\" rel=\"bookmark\">Ler mais &raquo;<span class=\"screen-reader-text\">Cat\u00e1logo Elvox &#8211; Door Entry<\/span><\/a><\/p>\n","protected":false},"featured_media":785,"comment_status":"open","ping_status":"closed","template":"","meta":{"neve_meta_sidebar":"","neve_meta_container":"","neve_meta_enable_content_width":"off","neve_meta_content_width":100,"neve_meta_title_alignment":"","neve_meta_author_avatar":"","neve_post_elements_order":"","neve_meta_disable_header":"","neve_meta_disable_footer":"","neve_meta_disable_title":""},"product_brand":[],"product_cat":[44],"product_tag":[],"class_list":{"0":"post-783","1":"product","2":"type-product","3":"status-publish","4":"has-post-thumbnail","6":"product_cat-elvox","8":"first","9":"instock","10":"virtual","11":"product-type-simple"},"jetpack_sharing_enabled":true,"_links":{"self":[{"href":"https:\/\/electricidadeaguas.pt\/index.php?rest_route=\/wp\/v2\/product\/783","targetHints":{"allow":["GET"]}}],"collection":[{"href":"https:\/\/electricidadeaguas.pt\/index.php?rest_route=\/wp\/v2\/product"}],"about":[{"href":"https:\/\/electricidadeaguas.pt\/index.php?rest_route=\/wp\/v2\/types\/product"}],"replies":[{"embeddable":true,"href":"https:\/\/electricidadeaguas.pt\/index.php?rest_route=%2Fwp%2Fv2%2Fcomments&post=783"}],"wp:featuredmedia":[{"embeddable":true,"href":"https:\/\/electricidadeaguas.pt\/index.php?rest_route=\/wp\/v2\/media\/785"}],"wp:attachment":[{"href":"https:\/\/electricidadeaguas.pt\/index.php?rest_route=%2Fwp%2Fv2%2Fmedia&parent=783"}],"wp:term":[{"taxonomy":"product_brand","embeddable":true,"href":"https:\/\/electricidadeaguas.pt\/index.php?rest_route=%2Fwp%2Fv2%2Fproduct_brand&post=783"},{"taxonomy":"product_cat","embeddable":true,"href":"https:\/\/electricidadeaguas.pt\/index.php?rest_route=%2Fwp%2Fv2%2Fproduct_cat&post=783"},{"taxonomy":"product_tag","embeddable":true,"href":"https:\/\/electricidadeaguas.pt\/index.php?rest_route=%2Fwp%2Fv2%2Fproduct_tag&post=783"}],"curies":[{"name":"wp","href":"https:\/\/api.w.org\/{rel}","templated":true}]}}