{"id":788,"date":"2025-03-27T10:40:59","date_gmt":"2025-03-27T10:40:59","guid":{"rendered":"https:\/\/electricidadeaguas.pt\/?post_type=product&#038;p=788"},"modified":"2025-03-27T10:40:59","modified_gmt":"2025-03-27T10:40:59","slug":"catalogo-elvox-vimar","status":"publish","type":"product","link":"https:\/\/electricidadeaguas.pt\/?product=catalogo-elvox-vimar","title":{"rendered":"Cat\u00e1logo Elvox &#8211; VIMAR"},"content":{"rendered":"<p class=\"\" data-start=\"221\" data-end=\"521\">Conhe\u00e7a o cat\u00e1logo completo da <strong data-start=\"252\" data-end=\"269\">Elvox \u2013 Vimar<\/strong>, onde tecnologia, design e seguran\u00e7a andam de m\u00e3os dadas. Nesta sele\u00e7\u00e3o, encontrar\u00e1 uma vasta gama de produtos para sistemas de <strong data-start=\"398\" data-end=\"447\">portaria, videoporteiros e intercomunicadores<\/strong>, desenvolvidos com a qualidade e inova\u00e7\u00e3o que caracterizam a marca Vimar.<\/p>\n<p class=\"\" data-start=\"523\" data-end=\"541\">O cat\u00e1logo inclui:<\/p>\n<p class=\"\" data-start=\"543\" data-end=\"868\">\u2705 <strong data-start=\"545\" data-end=\"583\">Sistemas de portaria \u00e1udio e v\u00eddeo<\/strong><br data-start=\"583\" data-end=\"586\" \/>\u2705 <strong data-start=\"588\" data-end=\"622\">Monitores e pain\u00e9is exteriores<\/strong> com design elegante e funcional<br data-start=\"654\" data-end=\"657\" \/>\u2705 <strong data-start=\"659\" data-end=\"720\">Kits completos para instala\u00e7\u00e3o residencial ou empresarial<\/strong><br data-start=\"720\" data-end=\"723\" \/>\u2705 Acess\u00f3rios, m\u00f3dulos de expans\u00e3o e solu\u00e7\u00f5es smart para controlo remoto<br data-start=\"794\" data-end=\"797\" \/>\u2705 Integra\u00e7\u00e3o total com sistemas dom\u00f3ticos Vimar para uma casa conectada<\/p>\n<p class=\"\" data-start=\"870\" data-end=\"957\">Ideal para quem procura seguran\u00e7a, conforto e um controlo simples e eficaz dos acessos.<\/p>\n<p data-start=\"870\" data-end=\"957\"><a href=\"http:\/\/electricidadeaguas.pt\/wp-content\/uploads\/2025\/03\/Catalogo-Elvox-VIMAR.pdf\">Cat\u00e1logo Elvox &#8211; VIMAR<\/a><\/p>\n","protected":false},"excerpt":{"rendered":"<p>Conhe\u00e7a o cat\u00e1logo completo da Elvox \u2013 Vimar, onde tecnologia, design e seguran\u00e7a andam de m\u00e3os dadas. Nesta sele\u00e7\u00e3o, encontrar\u00e1 uma vasta gama de produtos para sistemas de portaria, videoporteiros e intercomunicadores, desenvolvidos com a qualidade e inova\u00e7\u00e3o que caracterizam a marca Vimar. O cat\u00e1logo inclui: \u2705 Sistemas de portaria \u00e1udio e v\u00eddeo\u2705 Monitores e&hellip;&nbsp;<a href=\"https:\/\/electricidadeaguas.pt\/?product=catalogo-elvox-vimar\" rel=\"bookmark\">Ler mais &raquo;<span class=\"screen-reader-text\">Cat\u00e1logo Elvox &#8211; VIMAR<\/span><\/a><\/p>\n","protected":false},"featured_media":790,"comment_status":"open","ping_status":"closed","template":"","meta":{"neve_meta_sidebar":"","neve_meta_container":"","neve_meta_enable_content_width":"off","neve_meta_content_width":100,"neve_meta_title_alignment":"","neve_meta_author_avatar":"","neve_post_elements_order":"","neve_meta_disable_header":"","neve_meta_disable_footer":"","neve_meta_disable_title":""},"product_brand":[],"product_cat":[44],"product_tag":[],"class_list":{"0":"post-788","1":"product","2":"type-product","3":"status-publish","4":"has-post-thumbnail","6":"product_cat-elvox","8":"first","9":"instock","10":"virtual","11":"product-type-simple"},"jetpack_sharing_enabled":true,"_links":{"self":[{"href":"https:\/\/electricidadeaguas.pt\/index.php?rest_route=\/wp\/v2\/product\/788","targetHints":{"allow":["GET"]}}],"collection":[{"href":"https:\/\/electricidadeaguas.pt\/index.php?rest_route=\/wp\/v2\/product"}],"about":[{"href":"https:\/\/electricidadeaguas.pt\/index.php?rest_route=\/wp\/v2\/types\/product"}],"replies":[{"embeddable":true,"href":"https:\/\/electricidadeaguas.pt\/index.php?rest_route=%2Fwp%2Fv2%2Fcomments&post=788"}],"wp:featuredmedia":[{"embeddable":true,"href":"https:\/\/electricidadeaguas.pt\/index.php?rest_route=\/wp\/v2\/media\/790"}],"wp:attachment":[{"href":"https:\/\/electricidadeaguas.pt\/index.php?rest_route=%2Fwp%2Fv2%2Fmedia&parent=788"}],"wp:term":[{"taxonomy":"product_brand","embeddable":true,"href":"https:\/\/electricidadeaguas.pt\/index.php?rest_route=%2Fwp%2Fv2%2Fproduct_brand&post=788"},{"taxonomy":"product_cat","embeddable":true,"href":"https:\/\/electricidadeaguas.pt\/index.php?rest_route=%2Fwp%2Fv2%2Fproduct_cat&post=788"},{"taxonomy":"product_tag","embeddable":true,"href":"https:\/\/electricidadeaguas.pt\/index.php?rest_route=%2Fwp%2Fv2%2Fproduct_tag&post=788"}],"curies":[{"name":"wp","href":"https:\/\/api.w.org\/{rel}","templated":true}]}}