{"id":791,"date":"2025-03-27T10:45:26","date_gmt":"2025-03-27T10:45:26","guid":{"rendered":"https:\/\/electricidadeaguas.pt\/?post_type=product&#038;p=791"},"modified":"2025-03-27T10:45:26","modified_gmt":"2025-03-27T10:45:26","slug":"catalogo-elvox-eikon-exe","status":"publish","type":"product","link":"https:\/\/electricidadeaguas.pt\/?product=catalogo-elvox-eikon-exe","title":{"rendered":"Cat\u00e1logo Elvox &#8211; EIKON \u00c9XE"},"content":{"rendered":"<p class=\"\" data-start=\"187\" data-end=\"389\">Descubra no cat\u00e1logo <strong data-start=\"208\" data-end=\"229\">Elvox \u2013 Eikon Ex\u00e9<\/strong> uma linha exclusiva de solu\u00e7\u00f5es para <strong data-start=\"267\" data-end=\"316\">portaria, videoporteiros e intercomunicadores<\/strong>, integrada com o design sofisticado e minimalista da gama <strong data-start=\"375\" data-end=\"388\">Eikon Ex\u00e9<\/strong>.<\/p>\n<p class=\"\" data-start=\"391\" data-end=\"539\">Esta cole\u00e7\u00e3o foi pensada para quem valoriza a <strong data-start=\"437\" data-end=\"491\">est\u00e9tica, a funcionalidade e a tecnologia de ponta<\/strong> no controlo de acessos. No cat\u00e1logo encontrar\u00e1:<\/p>\n<p class=\"\" data-start=\"541\" data-end=\"881\">\u2728 <strong data-start=\"543\" data-end=\"587\">Placas de entrada e monitores interiores<\/strong> com acabamento premium e linhas elegantes<br data-start=\"629\" data-end=\"632\" \/>\ud83d\udcf1 <strong data-start=\"635\" data-end=\"653\">Solu\u00e7\u00f5es smart<\/strong>, com integra\u00e7\u00e3o total com sistemas de automa\u00e7\u00e3o Vimar<br data-start=\"707\" data-end=\"710\" \/>\ud83d\udd17 Compatibilidade com os dispositivos da s\u00e9rie Eikon, garantindo uma est\u00e9tica uniforme em toda a instala\u00e7\u00e3o<br data-start=\"818\" data-end=\"821\" \/>\u2705 Acess\u00f3rios e op\u00e7\u00f5es modulares para projetos personalizados<\/p>\n<p class=\"\" data-start=\"883\" data-end=\"1011\">A linha <strong data-start=\"891\" data-end=\"904\">Eikon Ex\u00e9<\/strong> alia design italiano, tecnologia e conforto para um controlo de acessos discreto, eficiente e sofisticado.<\/p>\n<p data-start=\"883\" data-end=\"1011\"><a href=\"http:\/\/electricidadeaguas.pt\/wp-content\/uploads\/2025\/03\/Catalogo-Elvox-EIKON-EXE.pdf\">Cat\u00e1logo Elvox &#8211; EIKON \u00c9XE<\/a><\/p>\n","protected":false},"excerpt":{"rendered":"<p>Descubra no cat\u00e1logo Elvox \u2013 Eikon Ex\u00e9 uma linha exclusiva de solu\u00e7\u00f5es para portaria, videoporteiros e intercomunicadores, integrada com o design sofisticado e minimalista da gama Eikon Ex\u00e9. Esta cole\u00e7\u00e3o foi pensada para quem valoriza a est\u00e9tica, a funcionalidade e a tecnologia de ponta no controlo de acessos. No cat\u00e1logo encontrar\u00e1: \u2728 Placas de entrada&hellip;&nbsp;<a href=\"https:\/\/electricidadeaguas.pt\/?product=catalogo-elvox-eikon-exe\" rel=\"bookmark\">Ler mais &raquo;<span class=\"screen-reader-text\">Cat\u00e1logo Elvox &#8211; EIKON \u00c9XE<\/span><\/a><\/p>\n","protected":false},"featured_media":793,"comment_status":"open","ping_status":"closed","template":"","meta":{"neve_meta_sidebar":"","neve_meta_container":"","neve_meta_enable_content_width":"off","neve_meta_content_width":100,"neve_meta_title_alignment":"","neve_meta_author_avatar":"","neve_post_elements_order":"","neve_meta_disable_header":"","neve_meta_disable_footer":"","neve_meta_disable_title":""},"product_brand":[],"product_cat":[44],"product_tag":[],"class_list":{"0":"post-791","1":"product","2":"type-product","3":"status-publish","4":"has-post-thumbnail","6":"product_cat-elvox","8":"first","9":"instock","10":"virtual","11":"product-type-simple"},"jetpack_sharing_enabled":true,"_links":{"self":[{"href":"https:\/\/electricidadeaguas.pt\/index.php?rest_route=\/wp\/v2\/product\/791","targetHints":{"allow":["GET"]}}],"collection":[{"href":"https:\/\/electricidadeaguas.pt\/index.php?rest_route=\/wp\/v2\/product"}],"about":[{"href":"https:\/\/electricidadeaguas.pt\/index.php?rest_route=\/wp\/v2\/types\/product"}],"replies":[{"embeddable":true,"href":"https:\/\/electricidadeaguas.pt\/index.php?rest_route=%2Fwp%2Fv2%2Fcomments&post=791"}],"wp:featuredmedia":[{"embeddable":true,"href":"https:\/\/electricidadeaguas.pt\/index.php?rest_route=\/wp\/v2\/media\/793"}],"wp:attachment":[{"href":"https:\/\/electricidadeaguas.pt\/index.php?rest_route=%2Fwp%2Fv2%2Fmedia&parent=791"}],"wp:term":[{"taxonomy":"product_brand","embeddable":true,"href":"https:\/\/electricidadeaguas.pt\/index.php?rest_route=%2Fwp%2Fv2%2Fproduct_brand&post=791"},{"taxonomy":"product_cat","embeddable":true,"href":"https:\/\/electricidadeaguas.pt\/index.php?rest_route=%2Fwp%2Fv2%2Fproduct_cat&post=791"},{"taxonomy":"product_tag","embeddable":true,"href":"https:\/\/electricidadeaguas.pt\/index.php?rest_route=%2Fwp%2Fv2%2Fproduct_tag&post=791"}],"curies":[{"name":"wp","href":"https:\/\/api.w.org\/{rel}","templated":true}]}}