{"id":797,"date":"2025-03-27T10:53:58","date_gmt":"2025-03-27T10:53:58","guid":{"rendered":"https:\/\/electricidadeaguas.pt\/?post_type=product&#038;p=797"},"modified":"2025-03-27T10:53:59","modified_gmt":"2025-03-27T10:53:59","slug":"catalogo-elvox-gestures-of-style","status":"publish","type":"product","link":"https:\/\/electricidadeaguas.pt\/?product=catalogo-elvox-gestures-of-style","title":{"rendered":"Cat\u00e1logo Elvox &#8211; GESTURES OF STYLE"},"content":{"rendered":"<p class=\"\" data-start=\"146\" data-end=\"479\">Quando a tecnologia encontra o design, nascem solu\u00e7\u00f5es que transformam pequenos gestos em experi\u00eancias de estilo e conforto. No cat\u00e1logo <strong data-start=\"283\" data-end=\"312\">Elvox \u2013 Gestures of Style<\/strong>, descubra uma cole\u00e7\u00e3o de <strong data-start=\"338\" data-end=\"398\">videoporteiros, intercomunicadores e sistemas de entrada<\/strong> onde cada detalhe foi pensado para unir <strong data-start=\"439\" data-end=\"478\">funcionalidade, est\u00e9tica e inova\u00e7\u00e3o<\/strong>.<\/p>\n<p class=\"\" data-start=\"481\" data-end=\"505\">Este cat\u00e1logo apresenta:<\/p>\n<p class=\"\" data-start=\"507\" data-end=\"811\">\ud83c\udfa8 <strong data-start=\"510\" data-end=\"561\">Produtos com um design contempor\u00e2neo e elegante<\/strong>, que valorizam qualquer espa\u00e7o<br data-start=\"592\" data-end=\"595\" \/>\ud83d\udcf1 Tecnologia intuitiva, para um controlo simples e eficiente<br data-start=\"656\" data-end=\"659\" \/>\ud83d\udd17 Integra\u00e7\u00e3o perfeita com sistemas de dom\u00f3tica e controlo de acessos<br data-start=\"728\" data-end=\"731\" \/>\u2728 Materiais de qualidade e acabamentos sofisticados, aliados \u00e0 fiabilidade Elvox<\/p>\n<p class=\"\" data-start=\"813\" data-end=\"971\"><strong data-start=\"813\" data-end=\"834\">Gestures of Style<\/strong> n\u00e3o \u00e9 apenas um cat\u00e1logo \u2014 \u00e9 um convite para transformar o quotidiano, com solu\u00e7\u00f5es que aliam <strong data-start=\"929\" data-end=\"970\">seguran\u00e7a, conforto e estilo italiano<\/strong>.<\/p>\n<p data-start=\"813\" data-end=\"971\"><a href=\"http:\/\/electricidadeaguas.pt\/wp-content\/uploads\/2025\/03\/Catalogo-Elvox-GESTURES-OF-STYLE.pdf\">Cat\u00e1logo Elvox &#8211; GESTURES OF STYLE<\/a><\/p>\n","protected":false},"excerpt":{"rendered":"<p>Quando a tecnologia encontra o design, nascem solu\u00e7\u00f5es que transformam pequenos gestos em experi\u00eancias de estilo e conforto. No cat\u00e1logo Elvox \u2013 Gestures of Style, descubra uma cole\u00e7\u00e3o de videoporteiros, intercomunicadores e sistemas de entrada onde cada detalhe foi pensado para unir funcionalidade, est\u00e9tica e inova\u00e7\u00e3o. Este cat\u00e1logo apresenta: \ud83c\udfa8 Produtos com um design contempor\u00e2neo&hellip;&nbsp;<a href=\"https:\/\/electricidadeaguas.pt\/?product=catalogo-elvox-gestures-of-style\" rel=\"bookmark\">Ler mais &raquo;<span class=\"screen-reader-text\">Cat\u00e1logo Elvox &#8211; GESTURES OF STYLE<\/span><\/a><\/p>\n","protected":false},"featured_media":798,"comment_status":"open","ping_status":"closed","template":"","meta":{"neve_meta_sidebar":"","neve_meta_container":"","neve_meta_enable_content_width":"off","neve_meta_content_width":100,"neve_meta_title_alignment":"","neve_meta_author_avatar":"","neve_post_elements_order":"","neve_meta_disable_header":"","neve_meta_disable_footer":"","neve_meta_disable_title":""},"product_brand":[],"product_cat":[44],"product_tag":[],"class_list":{"0":"post-797","1":"product","2":"type-product","3":"status-publish","4":"has-post-thumbnail","6":"product_cat-elvox","8":"first","9":"instock","10":"virtual","11":"product-type-simple"},"jetpack_sharing_enabled":true,"_links":{"self":[{"href":"https:\/\/electricidadeaguas.pt\/index.php?rest_route=\/wp\/v2\/product\/797","targetHints":{"allow":["GET"]}}],"collection":[{"href":"https:\/\/electricidadeaguas.pt\/index.php?rest_route=\/wp\/v2\/product"}],"about":[{"href":"https:\/\/electricidadeaguas.pt\/index.php?rest_route=\/wp\/v2\/types\/product"}],"replies":[{"embeddable":true,"href":"https:\/\/electricidadeaguas.pt\/index.php?rest_route=%2Fwp%2Fv2%2Fcomments&post=797"}],"wp:featuredmedia":[{"embeddable":true,"href":"https:\/\/electricidadeaguas.pt\/index.php?rest_route=\/wp\/v2\/media\/798"}],"wp:attachment":[{"href":"https:\/\/electricidadeaguas.pt\/index.php?rest_route=%2Fwp%2Fv2%2Fmedia&parent=797"}],"wp:term":[{"taxonomy":"product_brand","embeddable":true,"href":"https:\/\/electricidadeaguas.pt\/index.php?rest_route=%2Fwp%2Fv2%2Fproduct_brand&post=797"},{"taxonomy":"product_cat","embeddable":true,"href":"https:\/\/electricidadeaguas.pt\/index.php?rest_route=%2Fwp%2Fv2%2Fproduct_cat&post=797"},{"taxonomy":"product_tag","embeddable":true,"href":"https:\/\/electricidadeaguas.pt\/index.php?rest_route=%2Fwp%2Fv2%2Fproduct_tag&post=797"}],"curies":[{"name":"wp","href":"https:\/\/api.w.org\/{rel}","templated":true}]}}