{"id":806,"date":"2025-03-27T11:06:31","date_gmt":"2025-03-27T11:06:31","guid":{"rendered":"https:\/\/electricidadeaguas.pt\/?post_type=product&#038;p=806"},"modified":"2025-03-27T11:06:32","modified_gmt":"2025-03-27T11:06:32","slug":"catalogo-elvox-smart-building","status":"publish","type":"product","link":"https:\/\/electricidadeaguas.pt\/?product=catalogo-elvox-smart-building","title":{"rendered":"Cat\u00e1logo Elvox &#8211; Smart Building"},"content":{"rendered":"<p class=\"\" data-start=\"168\" data-end=\"456\">Tecnologia inteligente ao servi\u00e7o da efici\u00eancia, seguran\u00e7a e conforto dos edif\u00edcios. No cat\u00e1logo <strong data-start=\"265\" data-end=\"291\">Elvox \u2013 Smart Building<\/strong>, encontra solu\u00e7\u00f5es inovadoras para a gest\u00e3o integrada de acessos, comunica\u00e7\u00e3o e automa\u00e7\u00e3o, pensadas para <strong data-start=\"397\" data-end=\"455\">edif\u00edcios residenciais, empresariais e multifamiliares<\/strong>.<\/p>\n<p class=\"\" data-start=\"458\" data-end=\"482\">Este cat\u00e1logo apresenta:<\/p>\n<p class=\"\" data-start=\"484\" data-end=\"876\">\ud83c\udfe2 <strong data-start=\"487\" data-end=\"548\">Sistemas completos de videoporteiro e controlo de acessos<\/strong> para edif\u00edcios de v\u00e1rias tipologias<br data-start=\"584\" data-end=\"587\" \/>\ud83d\udcf1 Integra\u00e7\u00e3o com plataformas de <strong data-start=\"620\" data-end=\"667\">automa\u00e7\u00e3o e gest\u00e3o inteligente de edif\u00edcios<\/strong><br data-start=\"667\" data-end=\"670\" \/>\ud83d\udd12 Solu\u00e7\u00f5es seguras, escal\u00e1veis e f\u00e1ceis de configurar<br data-start=\"724\" data-end=\"727\" \/>\u2728 Equipamentos com design moderno e tecnologia intuitiva<br data-start=\"783\" data-end=\"786\" \/>\u2705 Ferramentas para melhorar a experi\u00eancia dos utilizadores e otimizar a gest\u00e3o dos espa\u00e7os<\/p>\n<p class=\"\" data-start=\"878\" data-end=\"1000\">A Elvox coloca \u00e0 disposi\u00e7\u00e3o solu\u00e7\u00f5es que tornam qualquer edif\u00edcio <strong data-start=\"944\" data-end=\"999\">mais eficiente, conectado e preparado para o futuro<\/strong>.<\/p>\n<p data-start=\"878\" data-end=\"1000\"><a href=\"http:\/\/electricidadeaguas.pt\/wp-content\/uploads\/2025\/03\/Catalogo-Elvox-Smart-Building.pdf\">Cat\u00e1logo Elvox &#8211; Smart Building<\/a><\/p>\n","protected":false},"excerpt":{"rendered":"<p>Tecnologia inteligente ao servi\u00e7o da efici\u00eancia, seguran\u00e7a e conforto dos edif\u00edcios. No cat\u00e1logo Elvox \u2013 Smart Building, encontra solu\u00e7\u00f5es inovadoras para a gest\u00e3o integrada de acessos, comunica\u00e7\u00e3o e automa\u00e7\u00e3o, pensadas para edif\u00edcios residenciais, empresariais e multifamiliares. Este cat\u00e1logo apresenta: \ud83c\udfe2 Sistemas completos de videoporteiro e controlo de acessos para edif\u00edcios de v\u00e1rias tipologias\ud83d\udcf1 Integra\u00e7\u00e3o com&hellip;&nbsp;<a href=\"https:\/\/electricidadeaguas.pt\/?product=catalogo-elvox-smart-building\" rel=\"bookmark\">Ler mais &raquo;<span class=\"screen-reader-text\">Cat\u00e1logo Elvox &#8211; Smart Building<\/span><\/a><\/p>\n","protected":false},"featured_media":808,"comment_status":"open","ping_status":"closed","template":"","meta":{"neve_meta_sidebar":"","neve_meta_container":"","neve_meta_enable_content_width":"off","neve_meta_content_width":100,"neve_meta_title_alignment":"","neve_meta_author_avatar":"","neve_post_elements_order":"","neve_meta_disable_header":"","neve_meta_disable_footer":"","neve_meta_disable_title":""},"product_brand":[],"product_cat":[44],"product_tag":[],"class_list":{"0":"post-806","1":"product","2":"type-product","3":"status-publish","4":"has-post-thumbnail","6":"product_cat-elvox","8":"first","9":"instock","10":"virtual","11":"product-type-simple"},"jetpack_sharing_enabled":true,"_links":{"self":[{"href":"https:\/\/electricidadeaguas.pt\/index.php?rest_route=\/wp\/v2\/product\/806","targetHints":{"allow":["GET"]}}],"collection":[{"href":"https:\/\/electricidadeaguas.pt\/index.php?rest_route=\/wp\/v2\/product"}],"about":[{"href":"https:\/\/electricidadeaguas.pt\/index.php?rest_route=\/wp\/v2\/types\/product"}],"replies":[{"embeddable":true,"href":"https:\/\/electricidadeaguas.pt\/index.php?rest_route=%2Fwp%2Fv2%2Fcomments&post=806"}],"wp:featuredmedia":[{"embeddable":true,"href":"https:\/\/electricidadeaguas.pt\/index.php?rest_route=\/wp\/v2\/media\/808"}],"wp:attachment":[{"href":"https:\/\/electricidadeaguas.pt\/index.php?rest_route=%2Fwp%2Fv2%2Fmedia&parent=806"}],"wp:term":[{"taxonomy":"product_brand","embeddable":true,"href":"https:\/\/electricidadeaguas.pt\/index.php?rest_route=%2Fwp%2Fv2%2Fproduct_brand&post=806"},{"taxonomy":"product_cat","embeddable":true,"href":"https:\/\/electricidadeaguas.pt\/index.php?rest_route=%2Fwp%2Fv2%2Fproduct_cat&post=806"},{"taxonomy":"product_tag","embeddable":true,"href":"https:\/\/electricidadeaguas.pt\/index.php?rest_route=%2Fwp%2Fv2%2Fproduct_tag&post=806"}],"curies":[{"name":"wp","href":"https:\/\/api.w.org\/{rel}","templated":true}]}}