{"id":809,"date":"2025-03-27T11:11:41","date_gmt":"2025-03-27T11:11:41","guid":{"rendered":"https:\/\/electricidadeaguas.pt\/?post_type=product&#038;p=809"},"modified":"2025-03-27T11:11:42","modified_gmt":"2025-03-27T11:11:42","slug":"catalogo-elvox-novos-kits-de-videoporteiro","status":"publish","type":"product","link":"https:\/\/electricidadeaguas.pt\/?product=catalogo-elvox-novos-kits-de-videoporteiro","title":{"rendered":"Cat\u00e1logo Elvox &#8211; Novos kits de videoporteiro"},"content":{"rendered":"<p class=\"\" data-start=\"50\" data-end=\"419\">A Elvox apresenta os mais recentes kits de videoporteiro, solu\u00e7\u00f5es inovadoras e seguras para controlar acessos e garantir a comunica\u00e7\u00e3o direta com os visitantes, seja em edif\u00edcios residenciais, comerciais ou multifamiliares. Com design moderno, f\u00e1cil integra\u00e7\u00e3o e tecnologia de ponta, os novos kits de videoporteiro garantem mais seguran\u00e7a e conforto para o seu espa\u00e7o.<\/p>\n<p class=\"\" data-start=\"421\" data-end=\"442\">Este cat\u00e1logo inclui:<\/p>\n<p class=\"\" data-start=\"444\" data-end=\"619\">\ud83d\udcf9 <strong data-start=\"447\" data-end=\"510\">Videoporteiros com Imagem em Alta Defini\u00e7\u00e3o (HD ou Full HD)<\/strong><br data-start=\"510\" data-end=\"513\" \/>Com uma qualidade de imagem superior, permitindo um reconhecimento claro e preciso dos visitantes \u00e0 porta.<\/p>\n<p class=\"\" data-start=\"621\" data-end=\"802\">\ud83d\udcf1 <strong data-start=\"624\" data-end=\"660\">Integra\u00e7\u00e3o com Aplica\u00e7\u00f5es M\u00f3veis<\/strong><br data-start=\"660\" data-end=\"663\" \/>Controle o videoporteiro diretamente atrav\u00e9s do seu smartphone, com alertas em tempo real e comunica\u00e7\u00e3o bidirecional, onde quer que esteja.<\/p>\n<p class=\"\" data-start=\"804\" data-end=\"974\">\ud83d\udd10 <strong data-start=\"807\" data-end=\"842\">Controlo de Acessos e Seguran\u00e7a<\/strong><br data-start=\"842\" data-end=\"845\" \/>Integra\u00e7\u00e3o com sistemas de controlo de acessos, permitindo liberar entradas remotamente, garantido uma camada extra de seguran\u00e7a.<\/p>\n<p class=\"\" data-start=\"976\" data-end=\"1153\">\u2728 <strong data-start=\"978\" data-end=\"1008\">Design Moderno e Funcional<\/strong><br data-start=\"1008\" data-end=\"1011\" \/>Equipamentos elegantes e de f\u00e1cil utiliza\u00e7\u00e3o, com interfaces intuitivas, adapt\u00e1veis a diferentes tipos de instala\u00e7\u00e3o e estilos arquitet\u00f3nicos.<\/p>\n<p class=\"\" data-start=\"1155\" data-end=\"1294\">\ud83d\udd27 <strong data-start=\"1158\" data-end=\"1202\">Instala\u00e7\u00e3o R\u00e1pida e Configura\u00e7\u00e3o Simples<\/strong><br data-start=\"1202\" data-end=\"1205\" \/>Kits prontos para instala\u00e7\u00e3o, com configura\u00e7\u00f5es simples, sem necessidade de complica\u00e7\u00f5es.<\/p>\n<p class=\"\" data-start=\"1296\" data-end=\"1477\">\ud83c\udf10 <strong data-start=\"1299\" data-end=\"1348\">Plataformas de Automa\u00e7\u00e3o e Gest\u00e3o Inteligente<\/strong><br data-start=\"1348\" data-end=\"1351\" \/>Totalmente compat\u00edvel com sistemas de automa\u00e7\u00e3o para uma gest\u00e3o integrada do edif\u00edcio, otimizando a experi\u00eancia do utilizador.<\/p>\n<p class=\"\" data-start=\"1479\" data-end=\"1610\">A Elvox oferece solu\u00e7\u00f5es que combinam praticidade, seguran\u00e7a e inova\u00e7\u00e3o para tornar qualquer ambiente mais inteligente e eficiente.<\/p>\n<p data-start=\"1479\" data-end=\"1610\"><a href=\"http:\/\/electricidadeaguas.pt\/wp-content\/uploads\/2025\/03\/Catalogo-Elvox-Novos-kits-de-videoporteiro.pdf\">Cat\u00e1logo Elvox &#8211; Novos kits de videoporteiro<\/a><\/p>\n","protected":false},"excerpt":{"rendered":"<p>A Elvox apresenta os mais recentes kits de videoporteiro, solu\u00e7\u00f5es inovadoras e seguras para controlar acessos e garantir a comunica\u00e7\u00e3o direta com os visitantes, seja em edif\u00edcios residenciais, comerciais ou multifamiliares. Com design moderno, f\u00e1cil integra\u00e7\u00e3o e tecnologia de ponta, os novos kits de videoporteiro garantem mais seguran\u00e7a e conforto para o seu espa\u00e7o. Este&hellip;&nbsp;<a href=\"https:\/\/electricidadeaguas.pt\/?product=catalogo-elvox-novos-kits-de-videoporteiro\" rel=\"bookmark\">Ler mais &raquo;<span class=\"screen-reader-text\">Cat\u00e1logo Elvox &#8211; Novos kits de videoporteiro<\/span><\/a><\/p>\n","protected":false},"featured_media":811,"comment_status":"open","ping_status":"closed","template":"","meta":{"neve_meta_sidebar":"","neve_meta_container":"","neve_meta_enable_content_width":"off","neve_meta_content_width":100,"neve_meta_title_alignment":"","neve_meta_author_avatar":"","neve_post_elements_order":"","neve_meta_disable_header":"","neve_meta_disable_footer":"","neve_meta_disable_title":""},"product_brand":[],"product_cat":[44],"product_tag":[],"class_list":{"0":"post-809","1":"product","2":"type-product","3":"status-publish","4":"has-post-thumbnail","6":"product_cat-elvox","8":"first","9":"instock","10":"virtual","11":"product-type-simple"},"jetpack_sharing_enabled":true,"_links":{"self":[{"href":"https:\/\/electricidadeaguas.pt\/index.php?rest_route=\/wp\/v2\/product\/809","targetHints":{"allow":["GET"]}}],"collection":[{"href":"https:\/\/electricidadeaguas.pt\/index.php?rest_route=\/wp\/v2\/product"}],"about":[{"href":"https:\/\/electricidadeaguas.pt\/index.php?rest_route=\/wp\/v2\/types\/product"}],"replies":[{"embeddable":true,"href":"https:\/\/electricidadeaguas.pt\/index.php?rest_route=%2Fwp%2Fv2%2Fcomments&post=809"}],"wp:featuredmedia":[{"embeddable":true,"href":"https:\/\/electricidadeaguas.pt\/index.php?rest_route=\/wp\/v2\/media\/811"}],"wp:attachment":[{"href":"https:\/\/electricidadeaguas.pt\/index.php?rest_route=%2Fwp%2Fv2%2Fmedia&parent=809"}],"wp:term":[{"taxonomy":"product_brand","embeddable":true,"href":"https:\/\/electricidadeaguas.pt\/index.php?rest_route=%2Fwp%2Fv2%2Fproduct_brand&post=809"},{"taxonomy":"product_cat","embeddable":true,"href":"https:\/\/electricidadeaguas.pt\/index.php?rest_route=%2Fwp%2Fv2%2Fproduct_cat&post=809"},{"taxonomy":"product_tag","embeddable":true,"href":"https:\/\/electricidadeaguas.pt\/index.php?rest_route=%2Fwp%2Fv2%2Fproduct_tag&post=809"}],"curies":[{"name":"wp","href":"https:\/\/api.w.org\/{rel}","templated":true}]}}