{"id":838,"date":"2025-03-27T14:46:34","date_gmt":"2025-03-27T14:46:34","guid":{"rendered":"https:\/\/electricidadeaguas.pt\/?post_type=product&#038;p=838"},"modified":"2025-03-27T14:46:34","modified_gmt":"2025-03-27T14:46:34","slug":"catalogo-telemecanique-sensors-limit-switches-and-pressure-switches","status":"publish","type":"product","link":"https:\/\/electricidadeaguas.pt\/?product=catalogo-telemecanique-sensors-limit-switches-and-pressure-switches","title":{"rendered":"Cat\u00e1logo Telemecanique &#8211; Sensors, limit switches and pressure switches"},"content":{"rendered":"<p>A <strong data-start=\"93\" data-end=\"110\">Telemecanique<\/strong> oferece uma gama completa de <strong data-start=\"140\" data-end=\"204\">sensores, interruptores de limite e interruptores de press\u00e3o<\/strong> projetados para garantir precis\u00e3o, confiabilidade e seguran\u00e7a em sistemas de automa\u00e7\u00e3o e controle industrial. Estes dispositivos s\u00e3o ideais para aplica\u00e7\u00f5es que exigem monitoramento de movimentos, detec\u00e7\u00e3o de objetos e controle de press\u00e3o, proporcionando solu\u00e7\u00f5es robustas para uma variedade de processos industriais.<\/p>\n<p><a href=\"http:\/\/electricidadeaguas.pt\/wp-content\/uploads\/2025\/03\/Catalogo-Telemecanique-Sensors-limit-switches-and-pressure-switches.pdf\">Cat\u00e1logo Telemecanique &#8211; Sensors, limit switches and pressure switches<\/a><\/p>\n","protected":false},"excerpt":{"rendered":"<p>A Telemecanique oferece uma gama completa de sensores, interruptores de limite e interruptores de press\u00e3o projetados para garantir precis\u00e3o, confiabilidade e seguran\u00e7a em sistemas de automa\u00e7\u00e3o e controle industrial. Estes dispositivos s\u00e3o ideais para aplica\u00e7\u00f5es que exigem monitoramento de movimentos, detec\u00e7\u00e3o de objetos e controle de press\u00e3o, proporcionando solu\u00e7\u00f5es robustas para uma variedade de processos&hellip;&nbsp;<a href=\"https:\/\/electricidadeaguas.pt\/?product=catalogo-telemecanique-sensors-limit-switches-and-pressure-switches\" rel=\"bookmark\">Ler mais &raquo;<span class=\"screen-reader-text\">Cat\u00e1logo Telemecanique &#8211; Sensors, limit switches and pressure switches<\/span><\/a><\/p>\n","protected":false},"featured_media":840,"comment_status":"open","ping_status":"closed","template":"","meta":{"neve_meta_sidebar":"","neve_meta_container":"","neve_meta_enable_content_width":"off","neve_meta_content_width":100,"neve_meta_title_alignment":"","neve_meta_author_avatar":"","neve_post_elements_order":"","neve_meta_disable_header":"","neve_meta_disable_footer":"","neve_meta_disable_title":""},"product_brand":[],"product_cat":[45],"product_tag":[],"class_list":{"0":"post-838","1":"product","2":"type-product","3":"status-publish","4":"has-post-thumbnail","6":"product_cat-telemecanique","8":"first","9":"instock","10":"virtual","11":"product-type-simple"},"jetpack_sharing_enabled":true,"_links":{"self":[{"href":"https:\/\/electricidadeaguas.pt\/index.php?rest_route=\/wp\/v2\/product\/838","targetHints":{"allow":["GET"]}}],"collection":[{"href":"https:\/\/electricidadeaguas.pt\/index.php?rest_route=\/wp\/v2\/product"}],"about":[{"href":"https:\/\/electricidadeaguas.pt\/index.php?rest_route=\/wp\/v2\/types\/product"}],"replies":[{"embeddable":true,"href":"https:\/\/electricidadeaguas.pt\/index.php?rest_route=%2Fwp%2Fv2%2Fcomments&post=838"}],"wp:featuredmedia":[{"embeddable":true,"href":"https:\/\/electricidadeaguas.pt\/index.php?rest_route=\/wp\/v2\/media\/840"}],"wp:attachment":[{"href":"https:\/\/electricidadeaguas.pt\/index.php?rest_route=%2Fwp%2Fv2%2Fmedia&parent=838"}],"wp:term":[{"taxonomy":"product_brand","embeddable":true,"href":"https:\/\/electricidadeaguas.pt\/index.php?rest_route=%2Fwp%2Fv2%2Fproduct_brand&post=838"},{"taxonomy":"product_cat","embeddable":true,"href":"https:\/\/electricidadeaguas.pt\/index.php?rest_route=%2Fwp%2Fv2%2Fproduct_cat&post=838"},{"taxonomy":"product_tag","embeddable":true,"href":"https:\/\/electricidadeaguas.pt\/index.php?rest_route=%2Fwp%2Fv2%2Fproduct_tag&post=838"}],"curies":[{"name":"wp","href":"https:\/\/api.w.org\/{rel}","templated":true}]}}