{"id":844,"date":"2025-03-27T14:54:50","date_gmt":"2025-03-27T14:54:50","guid":{"rendered":"https:\/\/electricidadeaguas.pt\/?post_type=product&#038;p=844"},"modified":"2025-03-27T14:54:50","modified_gmt":"2025-03-27T14:54:50","slug":"catalogo-telemecanique-safety-light-curtains-xusl-range","status":"publish","type":"product","link":"https:\/\/electricidadeaguas.pt\/?product=catalogo-telemecanique-safety-light-curtains-xusl-range","title":{"rendered":"Cat\u00e1logo Telemecanique &#8211; Safety light curtains XUSL range"},"content":{"rendered":"<p class=\"\" data-start=\"71\" data-end=\"402\">A gama <strong data-start=\"78\" data-end=\"86\">XUSL<\/strong> de <strong data-start=\"90\" data-end=\"122\">cortinas de luz de seguran\u00e7a<\/strong> da <strong data-start=\"126\" data-end=\"151\">Telemecanique Sensors<\/strong> oferece solu\u00e7\u00f5es eficazes para prote\u00e7\u00e3o de pessoas em zonas perigosas de m\u00e1quinas e equipamentos. Estas cortinas de luz criam uma barreira invis\u00edvel que deteta qualquer intrus\u00e3o na \u00e1rea protegida, garantindo seguran\u00e7a sem comprometer a produtividade.<\/p>\n<hr class=\"\" data-start=\"404\" data-end=\"407\" \/>\n<h3 class=\"\" data-start=\"409\" data-end=\"449\"><strong data-start=\"413\" data-end=\"449\">O que encontrar\u00e1 neste cat\u00e1logo:<\/strong><\/h3>\n<p class=\"\" data-start=\"451\" data-end=\"708\">\ud83d\udd12 <strong data-start=\"454\" data-end=\"484\">Prote\u00e7\u00e3o Ativa e Eficiente<\/strong><br data-start=\"484\" data-end=\"487\" \/>As cortinas de luz XUSL oferecem uma barreira de seguran\u00e7a invis\u00edvel que deteta, com precis\u00e3o, a passagem de qualquer objeto ou pessoa atrav\u00e9s do feixe luminoso, interrompendo imediatamente a opera\u00e7\u00e3o perigosa da m\u00e1quina.<\/p>\n<p class=\"\" data-start=\"710\" data-end=\"959\">\ud83d\udccf <strong data-start=\"713\" data-end=\"750\">Variedade de Alturas e Resolu\u00e7\u00f5es<\/strong><br data-start=\"750\" data-end=\"753\" \/>A gama XUSL est\u00e1 dispon\u00edvel em diferentes alturas de prote\u00e7\u00e3o (at\u00e9 1,8 m) e resolu\u00e7\u00f5es de dete\u00e7\u00e3o (de 14 mm a 30 mm), adaptando-se a diferentes necessidades \u2014 desde prote\u00e7\u00e3o de dedos, m\u00e3os ou corpo inteiro.<\/p>\n<p class=\"\" data-start=\"961\" data-end=\"1025\">\u2699\ufe0f <strong data-start=\"964\" data-end=\"1002\">Modelos para Diferentes Aplica\u00e7\u00f5es<\/strong><br data-start=\"1002\" data-end=\"1005\" \/>Inclui vers\u00f5es para:<\/p>\n<ul data-start=\"1027\" data-end=\"1206\">\n<li class=\"\" data-start=\"1027\" data-end=\"1085\">\n<p class=\"\" data-start=\"1029\" data-end=\"1085\"><strong data-start=\"1029\" data-end=\"1050\">Prote\u00e7\u00e3o de Ponto<\/strong> (curta dist\u00e2ncia, como em prensas)<\/p>\n<\/li>\n<li class=\"\" data-start=\"1086\" data-end=\"1140\">\n<p class=\"\" data-start=\"1088\" data-end=\"1140\"><strong data-start=\"1088\" data-end=\"1113\">Prote\u00e7\u00e3o de Per\u00edmetro<\/strong> (prote\u00e7\u00e3o de zonas amplas)<\/p>\n<\/li>\n<li class=\"\" data-start=\"1141\" data-end=\"1206\">\n<p class=\"\" data-start=\"1143\" data-end=\"1206\"><strong data-start=\"1143\" data-end=\"1165\">Controlo de Acesso<\/strong> (dete\u00e7\u00e3o de passagem em \u00e1reas restritas)<\/p>\n<\/li>\n<\/ul>\n<p class=\"\" data-start=\"1208\" data-end=\"1442\">\ud83c\udf10 <strong data-start=\"1211\" data-end=\"1249\">Conectividade e Integra\u00e7\u00e3o Simples<\/strong><br data-start=\"1249\" data-end=\"1252\" \/>F\u00e1ceis de integrar em sistemas de seguran\u00e7a existentes, com sa\u00eddas PNP, fun\u00e7\u00f5es de muting, blanking e rein\u00edcio autom\u00e1tico ou manual, garantindo total conformidade com as normas de seguran\u00e7a.<\/p>\n<p data-start=\"1208\" data-end=\"1442\"><a href=\"http:\/\/electricidadeaguas.pt\/wp-content\/uploads\/2025\/03\/Catalogo-Telemecanique-Safety-light-curtains-XUSL-range.pdf\">Cat\u00e1logo Telemecanique &#8211; Safety light curtains XUSL range<\/a><\/p>\n","protected":false},"excerpt":{"rendered":"<p>A gama XUSL de cortinas de luz de seguran\u00e7a da Telemecanique Sensors oferece solu\u00e7\u00f5es eficazes para prote\u00e7\u00e3o de pessoas em zonas perigosas de m\u00e1quinas e equipamentos. Estas cortinas de luz criam uma barreira invis\u00edvel que deteta qualquer intrus\u00e3o na \u00e1rea protegida, garantindo seguran\u00e7a sem comprometer a produtividade. O que encontrar\u00e1 neste cat\u00e1logo: \ud83d\udd12 Prote\u00e7\u00e3o Ativa&hellip;&nbsp;<a href=\"https:\/\/electricidadeaguas.pt\/?product=catalogo-telemecanique-safety-light-curtains-xusl-range\" rel=\"bookmark\">Ler mais &raquo;<span class=\"screen-reader-text\">Cat\u00e1logo Telemecanique &#8211; Safety light curtains XUSL range<\/span><\/a><\/p>\n","protected":false},"featured_media":846,"comment_status":"open","ping_status":"closed","template":"","meta":{"neve_meta_sidebar":"","neve_meta_container":"","neve_meta_enable_content_width":"off","neve_meta_content_width":100,"neve_meta_title_alignment":"","neve_meta_author_avatar":"","neve_post_elements_order":"","neve_meta_disable_header":"","neve_meta_disable_footer":"","neve_meta_disable_title":""},"product_brand":[],"product_cat":[45],"product_tag":[],"class_list":{"0":"post-844","1":"product","2":"type-product","3":"status-publish","4":"has-post-thumbnail","6":"product_cat-telemecanique","8":"first","9":"instock","10":"virtual","11":"product-type-simple"},"jetpack_sharing_enabled":true,"_links":{"self":[{"href":"https:\/\/electricidadeaguas.pt\/index.php?rest_route=\/wp\/v2\/product\/844","targetHints":{"allow":["GET"]}}],"collection":[{"href":"https:\/\/electricidadeaguas.pt\/index.php?rest_route=\/wp\/v2\/product"}],"about":[{"href":"https:\/\/electricidadeaguas.pt\/index.php?rest_route=\/wp\/v2\/types\/product"}],"replies":[{"embeddable":true,"href":"https:\/\/electricidadeaguas.pt\/index.php?rest_route=%2Fwp%2Fv2%2Fcomments&post=844"}],"wp:featuredmedia":[{"embeddable":true,"href":"https:\/\/electricidadeaguas.pt\/index.php?rest_route=\/wp\/v2\/media\/846"}],"wp:attachment":[{"href":"https:\/\/electricidadeaguas.pt\/index.php?rest_route=%2Fwp%2Fv2%2Fmedia&parent=844"}],"wp:term":[{"taxonomy":"product_brand","embeddable":true,"href":"https:\/\/electricidadeaguas.pt\/index.php?rest_route=%2Fwp%2Fv2%2Fproduct_brand&post=844"},{"taxonomy":"product_cat","embeddable":true,"href":"https:\/\/electricidadeaguas.pt\/index.php?rest_route=%2Fwp%2Fv2%2Fproduct_cat&post=844"},{"taxonomy":"product_tag","embeddable":true,"href":"https:\/\/electricidadeaguas.pt\/index.php?rest_route=%2Fwp%2Fv2%2Fproduct_tag&post=844"}],"curies":[{"name":"wp","href":"https:\/\/api.w.org\/{rel}","templated":true}]}}