{"id":855,"date":"2025-03-28T09:03:57","date_gmt":"2025-03-28T09:03:57","guid":{"rendered":"https:\/\/electricidadeaguas.pt\/?post_type=product&#038;p=855"},"modified":"2025-03-28T09:03:58","modified_gmt":"2025-03-28T09:03:58","slug":"catalogo-weidmulller-geral","status":"publish","type":"product","link":"https:\/\/electricidadeaguas.pt\/?product=catalogo-weidmulller-geral","title":{"rendered":"Cat\u00e1logo Weidmulller &#8211; Geral"},"content":{"rendered":"<p class=\"\" data-start=\"0\" data-end=\"324\">A Weidm\u00fcller \u00e9 uma marca reconhecida mundialmente pela sua qualidade e inova\u00e7\u00e3o em produtos e solu\u00e7\u00f5es para conectividade el\u00e9trica e automa\u00e7\u00e3o industrial. O <strong data-start=\"157\" data-end=\"189\">Cat\u00e1logo Geral da Weidm\u00fcller<\/strong> apresenta uma vasta gama de produtos voltados para diferentes setores, como energia, automa\u00e7\u00e3o, telecomunica\u00e7\u00f5es e ind\u00fastria em geral.<\/p>\n<h3 class=\"\" data-start=\"326\" data-end=\"369\"><strong data-start=\"330\" data-end=\"367\">O que pode encontrar no cat\u00e1logo?<\/strong><\/h3>\n<ul data-start=\"370\" data-end=\"990\">\n<li class=\"\" data-start=\"370\" data-end=\"457\">\n<p class=\"\" data-start=\"372\" data-end=\"457\"><strong data-start=\"372\" data-end=\"393\">Bornes de liga\u00e7\u00e3o<\/strong> \u2013 Solu\u00e7\u00f5es modulares e robustas para conex\u00e3o el\u00e9trica segura.<\/p>\n<\/li>\n<li class=\"\" data-start=\"458\" data-end=\"572\">\n<p class=\"\" data-start=\"460\" data-end=\"572\"><strong data-start=\"460\" data-end=\"485\">Fontes de alimenta\u00e7\u00e3o<\/strong> \u2013 Equipamentos de alta efici\u00eancia para garantir estabilidade e seguran\u00e7a energ\u00e9tica.<\/p>\n<\/li>\n<li class=\"\" data-start=\"573\" data-end=\"668\">\n<p class=\"\" data-start=\"575\" data-end=\"668\"><strong data-start=\"575\" data-end=\"601\">Rel\u00e9s e temporizadores<\/strong> \u2013 Componentes essenciais para automa\u00e7\u00e3o e controle de circuitos.<\/p>\n<\/li>\n<li class=\"\" data-start=\"669\" data-end=\"774\">\n<p class=\"\" data-start=\"671\" data-end=\"774\"><strong data-start=\"671\" data-end=\"697\">Conectores industriais<\/strong> \u2013 Produtos de alta qualidade para conex\u00f5es fi\u00e1veis em ambientes exigentes.<\/p>\n<\/li>\n<li class=\"\" data-start=\"775\" data-end=\"895\">\n<p class=\"\" data-start=\"777\" data-end=\"895\"><strong data-start=\"777\" data-end=\"812\">Ferramentas de crava\u00e7\u00e3o e corte<\/strong> \u2013 Ferramentas especializadas para instala\u00e7\u00e3o e manuten\u00e7\u00e3o de sistemas el\u00e9tricos.<\/p>\n<\/li>\n<li class=\"\" data-start=\"896\" data-end=\"990\">\n<p class=\"\" data-start=\"898\" data-end=\"990\"><strong data-start=\"898\" data-end=\"921\">IoT e Ind\u00fastria 4.0<\/strong> \u2013 Solu\u00e7\u00f5es inteligentes para digitaliza\u00e7\u00e3o e automa\u00e7\u00e3o industrial.<\/p>\n<\/li>\n<\/ul>\n<p class=\"\" data-start=\"992\" data-end=\"1181\">O cat\u00e1logo oferece detalhes t\u00e9cnicos, imagens, especifica\u00e7\u00f5es e recomenda\u00e7\u00f5es de aplica\u00e7\u00e3o para cada produto, ajudando profissionais a escolherem as melhores op\u00e7\u00f5es para os seus projetos.<\/p>\n<p data-start=\"992\" data-end=\"1181\"><a href=\"https:\/\/electrosiluz.pt\/wp-content\/uploads\/2024\/01\/Catalogo-Geral-2021-Weidmuller-compressed.pdf\">Cat\u00e1logo Weidmulller &#8211; Geral<\/a><\/p>\n","protected":false},"excerpt":{"rendered":"<p>A Weidm\u00fcller \u00e9 uma marca reconhecida mundialmente pela sua qualidade e inova\u00e7\u00e3o em produtos e solu\u00e7\u00f5es para conectividade el\u00e9trica e automa\u00e7\u00e3o industrial. O Cat\u00e1logo Geral da Weidm\u00fcller apresenta uma vasta gama de produtos voltados para diferentes setores, como energia, automa\u00e7\u00e3o, telecomunica\u00e7\u00f5es e ind\u00fastria em geral. O que pode encontrar no cat\u00e1logo? Bornes de liga\u00e7\u00e3o \u2013&hellip;&nbsp;<a href=\"https:\/\/electricidadeaguas.pt\/?product=catalogo-weidmulller-geral\" rel=\"bookmark\">Ler mais &raquo;<span class=\"screen-reader-text\">Cat\u00e1logo Weidmulller &#8211; Geral<\/span><\/a><\/p>\n","protected":false},"featured_media":856,"comment_status":"open","ping_status":"closed","template":"","meta":{"neve_meta_sidebar":"","neve_meta_container":"","neve_meta_enable_content_width":"off","neve_meta_content_width":100,"neve_meta_title_alignment":"","neve_meta_author_avatar":"","neve_post_elements_order":"","neve_meta_disable_header":"","neve_meta_disable_footer":"","neve_meta_disable_title":""},"product_brand":[],"product_cat":[47],"product_tag":[],"class_list":{"0":"post-855","1":"product","2":"type-product","3":"status-publish","4":"has-post-thumbnail","6":"product_cat-weidmuller","8":"first","9":"instock","10":"virtual","11":"product-type-simple"},"jetpack_sharing_enabled":true,"_links":{"self":[{"href":"https:\/\/electricidadeaguas.pt\/index.php?rest_route=\/wp\/v2\/product\/855","targetHints":{"allow":["GET"]}}],"collection":[{"href":"https:\/\/electricidadeaguas.pt\/index.php?rest_route=\/wp\/v2\/product"}],"about":[{"href":"https:\/\/electricidadeaguas.pt\/index.php?rest_route=\/wp\/v2\/types\/product"}],"replies":[{"embeddable":true,"href":"https:\/\/electricidadeaguas.pt\/index.php?rest_route=%2Fwp%2Fv2%2Fcomments&post=855"}],"wp:featuredmedia":[{"embeddable":true,"href":"https:\/\/electricidadeaguas.pt\/index.php?rest_route=\/wp\/v2\/media\/856"}],"wp:attachment":[{"href":"https:\/\/electricidadeaguas.pt\/index.php?rest_route=%2Fwp%2Fv2%2Fmedia&parent=855"}],"wp:term":[{"taxonomy":"product_brand","embeddable":true,"href":"https:\/\/electricidadeaguas.pt\/index.php?rest_route=%2Fwp%2Fv2%2Fproduct_brand&post=855"},{"taxonomy":"product_cat","embeddable":true,"href":"https:\/\/electricidadeaguas.pt\/index.php?rest_route=%2Fwp%2Fv2%2Fproduct_cat&post=855"},{"taxonomy":"product_tag","embeddable":true,"href":"https:\/\/electricidadeaguas.pt\/index.php?rest_route=%2Fwp%2Fv2%2Fproduct_tag&post=855"}],"curies":[{"name":"wp","href":"https:\/\/api.w.org\/{rel}","templated":true}]}}