{"id":864,"date":"2025-03-28T09:16:09","date_gmt":"2025-03-28T09:16:09","guid":{"rendered":"https:\/\/electricidadeaguas.pt\/?post_type=product&#038;p=864"},"modified":"2025-03-28T09:16:09","modified_gmt":"2025-03-28T09:16:09","slug":"catalogo-weidmulller-measuring-monitoring-systems","status":"publish","type":"product","link":"https:\/\/electricidadeaguas.pt\/?product=catalogo-weidmulller-measuring-monitoring-systems","title":{"rendered":"Cat\u00e1logo Weidmulller &#8211; Measuring &#038; monitoring systems"},"content":{"rendered":"<p class=\"\" data-start=\"0\" data-end=\"293\">O <strong data-start=\"2\" data-end=\"58\">Cat\u00e1logo Weidm\u00fcller &#8211; Measuring &amp; Monitoring Systems<\/strong> apresenta uma gama completa de solu\u00e7\u00f5es para <strong data-start=\"104\" data-end=\"131\">medi\u00e7\u00e3o e monitoriza\u00e7\u00e3o<\/strong> de par\u00e2metros el\u00e9tricos e ambientais em sistemas industriais. Estes produtos garantem um controlo preciso, maior efici\u00eancia energ\u00e9tica e seguran\u00e7a operacional.<\/p>\n<h3 class=\"\" data-start=\"295\" data-end=\"326\"><strong data-start=\"299\" data-end=\"324\">Destaques do Cat\u00e1logo<\/strong><\/h3>\n<p class=\"\" data-start=\"327\" data-end=\"885\">\ud83d\udd39 <strong data-start=\"330\" data-end=\"356\">Transdutores de Medida<\/strong> \u2013 Monitorizam corrente, tens\u00e3o, pot\u00eancia e outros par\u00e2metros el\u00e9tricos.<br data-start=\"428\" data-end=\"431\" \/>\ud83d\udd39 <strong data-start=\"434\" data-end=\"460\">Rel\u00e9s de Monitoriza\u00e7\u00e3o<\/strong> \u2013 Protegem sistemas contra sobrecargas, subtens\u00f5es, falhas de fase e outras anomalias.<br data-start=\"547\" data-end=\"550\" \/>\ud83d\udd39 <strong data-start=\"553\" data-end=\"593\">Sistemas de Monitoriza\u00e7\u00e3o de Energia<\/strong> \u2013 Medem e analisam o consumo energ\u00e9tico em tempo real.<br data-start=\"648\" data-end=\"651\" \/>\ud83d\udd39 <strong data-start=\"654\" data-end=\"692\" data-is-only-node=\"\">Sensores de Temperatura e Ambiente<\/strong> \u2013 Detetam varia\u00e7\u00f5es t\u00e9rmicas, humidade e outros fatores ambientais cr\u00edticos.<br data-start=\"769\" data-end=\"772\" \/>\ud83d\udd39 <strong data-start=\"775\" data-end=\"806\">Solu\u00e7\u00f5es para Ind\u00fastria 4.0<\/strong> \u2013 Dispositivos compat\u00edveis com IIoT para integra\u00e7\u00e3o em plataformas digitais.<\/p>\n<h3 class=\"\" data-start=\"887\" data-end=\"930\"><strong data-start=\"891\" data-end=\"928\">Vantagens das Solu\u00e7\u00f5es Weidm\u00fcller<\/strong><\/h3>\n<p class=\"\" data-start=\"931\" data-end=\"1235\">\u2705 <strong data-start=\"933\" data-end=\"969\">Aumento da efici\u00eancia energ\u00e9tica<\/strong> com dados precisos em tempo real.<br data-start=\"1003\" data-end=\"1006\" \/>\u2705 <strong data-start=\"1008\" data-end=\"1031\">Preven\u00e7\u00e3o de falhas<\/strong> e redu\u00e7\u00e3o do tempo de inatividade com alertas antecipados.<br data-start=\"1090\" data-end=\"1093\" \/>\u2705 <strong data-start=\"1095\" data-end=\"1123\">Facilidade de integra\u00e7\u00e3o<\/strong> com sistemas de automa\u00e7\u00e3o e SCADA.<br data-start=\"1158\" data-end=\"1161\" \/>\u2705 <strong data-start=\"1163\" data-end=\"1205\" data-is-only-node=\"\">Conformidade com normas internacionais<\/strong> para seguran\u00e7a e qualidade.<\/p>\n<h3 class=\"\" data-start=\"1237\" data-end=\"1268\"><strong data-start=\"1241\" data-end=\"1266\">Principais Aplica\u00e7\u00f5es<\/strong><\/h3>\n<p class=\"\" data-start=\"1269\" data-end=\"1465\">\u26a1 Gest\u00e3o de energia em instala\u00e7\u00f5es industriais<br data-start=\"1315\" data-end=\"1318\" \/>\u26a1 Monitoriza\u00e7\u00e3o de pain\u00e9is el\u00e9tricos e sistemas de distribui\u00e7\u00e3o<br data-start=\"1381\" data-end=\"1384\" \/>\u26a1 Prote\u00e7\u00e3o de motores e geradores<br data-start=\"1417\" data-end=\"1420\" \/>\u26a1 Preven\u00e7\u00e3o de falhas em processos cr\u00edticos<\/p>\n<p class=\"\" data-start=\"1467\" data-end=\"1588\">O cat\u00e1logo inclui especifica\u00e7\u00f5es t\u00e9cnicas detalhadas, op\u00e7\u00f5es de configura\u00e7\u00e3o e instru\u00e7\u00f5es para implementa\u00e7\u00e3o eficiente.<\/p>\n<p data-start=\"1467\" data-end=\"1588\"><a href=\"http:\/\/electricidadeaguas.pt\/wp-content\/uploads\/2025\/03\/Catalogo-Weidmulller-Measuring-monitoring-systems.pdf\">Cat\u00e1logo Weidmulller &#8211; Measuring &amp; monitoring systems<\/a><\/p>\n","protected":false},"excerpt":{"rendered":"<p>O Cat\u00e1logo Weidm\u00fcller &#8211; Measuring &amp; Monitoring Systems apresenta uma gama completa de solu\u00e7\u00f5es para medi\u00e7\u00e3o e monitoriza\u00e7\u00e3o de par\u00e2metros el\u00e9tricos e ambientais em sistemas industriais. Estes produtos garantem um controlo preciso, maior efici\u00eancia energ\u00e9tica e seguran\u00e7a operacional. Destaques do Cat\u00e1logo \ud83d\udd39 Transdutores de Medida \u2013 Monitorizam corrente, tens\u00e3o, pot\u00eancia e outros par\u00e2metros el\u00e9tricos.\ud83d\udd39 Rel\u00e9s&hellip;&nbsp;<a href=\"https:\/\/electricidadeaguas.pt\/?product=catalogo-weidmulller-measuring-monitoring-systems\" rel=\"bookmark\">Ler mais &raquo;<span class=\"screen-reader-text\">Cat\u00e1logo Weidmulller &#8211; Measuring &#038; monitoring systems<\/span><\/a><\/p>\n","protected":false},"featured_media":866,"comment_status":"open","ping_status":"closed","template":"","meta":{"neve_meta_sidebar":"","neve_meta_container":"","neve_meta_enable_content_width":"off","neve_meta_content_width":100,"neve_meta_title_alignment":"","neve_meta_author_avatar":"","neve_post_elements_order":"","neve_meta_disable_header":"","neve_meta_disable_footer":"","neve_meta_disable_title":""},"product_brand":[],"product_cat":[47],"product_tag":[],"class_list":{"0":"post-864","1":"product","2":"type-product","3":"status-publish","4":"has-post-thumbnail","6":"product_cat-weidmuller","8":"first","9":"instock","10":"virtual","11":"product-type-simple"},"jetpack_sharing_enabled":true,"_links":{"self":[{"href":"https:\/\/electricidadeaguas.pt\/index.php?rest_route=\/wp\/v2\/product\/864","targetHints":{"allow":["GET"]}}],"collection":[{"href":"https:\/\/electricidadeaguas.pt\/index.php?rest_route=\/wp\/v2\/product"}],"about":[{"href":"https:\/\/electricidadeaguas.pt\/index.php?rest_route=\/wp\/v2\/types\/product"}],"replies":[{"embeddable":true,"href":"https:\/\/electricidadeaguas.pt\/index.php?rest_route=%2Fwp%2Fv2%2Fcomments&post=864"}],"wp:featuredmedia":[{"embeddable":true,"href":"https:\/\/electricidadeaguas.pt\/index.php?rest_route=\/wp\/v2\/media\/866"}],"wp:attachment":[{"href":"https:\/\/electricidadeaguas.pt\/index.php?rest_route=%2Fwp%2Fv2%2Fmedia&parent=864"}],"wp:term":[{"taxonomy":"product_brand","embeddable":true,"href":"https:\/\/electricidadeaguas.pt\/index.php?rest_route=%2Fwp%2Fv2%2Fproduct_brand&post=864"},{"taxonomy":"product_cat","embeddable":true,"href":"https:\/\/electricidadeaguas.pt\/index.php?rest_route=%2Fwp%2Fv2%2Fproduct_cat&post=864"},{"taxonomy":"product_tag","embeddable":true,"href":"https:\/\/electricidadeaguas.pt\/index.php?rest_route=%2Fwp%2Fv2%2Fproduct_tag&post=864"}],"curies":[{"name":"wp","href":"https:\/\/api.w.org\/{rel}","templated":true}]}}