{"id":870,"date":"2025-03-28T09:35:43","date_gmt":"2025-03-28T09:35:43","guid":{"rendered":"https:\/\/electricidadeaguas.pt\/?post_type=product&#038;p=870"},"modified":"2025-03-28T10:23:14","modified_gmt":"2025-03-28T10:23:14","slug":"catalogo-weidmulller-lightning-and-surge-protection","status":"publish","type":"product","link":"https:\/\/electricidadeaguas.pt\/?product=catalogo-weidmulller-lightning-and-surge-protection","title":{"rendered":"Cat\u00e1logo Weidmulller &#8211; Lightning and surge protection"},"content":{"rendered":"<p class=\"\" data-start=\"0\" data-end=\"276\">O <strong data-start=\"2\" data-end=\"58\">Cat\u00e1logo Weidm\u00fcller &#8211; Lightning and Surge Protection<\/strong> apresenta solu\u00e7\u00f5es avan\u00e7adas para <strong data-start=\"93\" data-end=\"150\">prote\u00e7\u00e3o contra sobretens\u00f5es e descargas atmosf\u00e9ricas<\/strong>, garantindo a seguran\u00e7a e a fiabilidade de sistemas el\u00e9tricos e eletr\u00f3nicos em diversos ambientes industriais e comerciais.<\/p>\n<h3 class=\"\" data-start=\"278\" data-end=\"309\"><strong data-start=\"282\" data-end=\"307\">Destaques do Cat\u00e1logo<\/strong><\/h3>\n<p class=\"\" data-start=\"310\" data-end=\"935\">\ud83d\udd39 <strong data-start=\"313\" data-end=\"367\">Dispositivos de Prote\u00e7\u00e3o contra Sobretens\u00f5es (SPD)<\/strong> \u2013 Prote\u00e7\u00e3o eficaz contra surtos el\u00e9tricos em redes AC e DC.<br data-start=\"427\" data-end=\"430\" \/>\ud83d\udd39 <strong data-start=\"433\" data-end=\"474\">Prote\u00e7\u00e3o para Linhas de Sinal e Dados<\/strong> \u2013 Evita danos em sistemas de comunica\u00e7\u00e3o, como Ethernet, Profibus e sinais de instrumenta\u00e7\u00e3o.<br data-start=\"568\" data-end=\"571\" \/>\ud83d\udd39 <strong data-start=\"574\" data-end=\"624\">Prote\u00e7\u00e3o para Sistemas de Energia Fotovoltaica<\/strong> \u2013 Dispositivos espec\u00edficos para inversores solares e pain\u00e9is fotovoltaicos.<br data-start=\"700\" data-end=\"703\" \/>\ud83d\udd39 <strong data-start=\"706\" data-end=\"748\" data-is-only-node=\"\">Prote\u00e7\u00e3o contra Descargas Atmosf\u00e9ricas<\/strong> \u2013 Solu\u00e7\u00f5es para minimizar os impactos de raios em infraestruturas el\u00e9tricas.<br data-start=\"825\" data-end=\"828\" \/>\ud83d\udd39 <strong data-start=\"831\" data-end=\"864\">F\u00e1cil Instala\u00e7\u00e3o e Manuten\u00e7\u00e3o<\/strong> \u2013 Montagem simples em calha DIN e substitui\u00e7\u00e3o modular de cartuchos.<\/p>\n<h3 class=\"\" data-start=\"937\" data-end=\"980\"><strong data-start=\"941\" data-end=\"978\">Vantagens das Solu\u00e7\u00f5es Weidm\u00fcller<\/strong><\/h3>\n<p class=\"\" data-start=\"981\" data-end=\"1357\">\u2705 <strong data-start=\"983\" data-end=\"1024\">Aumento da vida \u00fatil dos equipamentos<\/strong> ao evitar danos por surtos el\u00e9tricos.<br data-start=\"1062\" data-end=\"1065\" \/>\u2705 <strong data-start=\"1067\" data-end=\"1103\">Redu\u00e7\u00e3o de tempos de inatividade<\/strong> devido a falhas el\u00e9tricas.<br data-start=\"1130\" data-end=\"1133\" \/>\u2705 <strong data-start=\"1135\" data-end=\"1175\">Cumprimento das normas IEC, UL e VDE<\/strong> para seguran\u00e7a e confiabilidade.<br data-start=\"1208\" data-end=\"1211\" \/>\u2705 <strong data-start=\"1213\" data-end=\"1246\" data-is-only-node=\"\">Tecnologia de resposta r\u00e1pida<\/strong> para prote\u00e7\u00e3o imediata contra picos de tens\u00e3o.<br data-start=\"1293\" data-end=\"1296\" \/>\u2705 <strong data-start=\"1298\" data-end=\"1354\">Compatibilidade com sistemas de baixa e m\u00e9dia tens\u00e3o<\/strong>.<\/p>\n<h3 class=\"\" data-start=\"1359\" data-end=\"1390\"><strong data-start=\"1363\" data-end=\"1388\">Principais Aplica\u00e7\u00f5es<\/strong><\/h3>\n<p class=\"\" data-start=\"1391\" data-end=\"1591\">\u26a1 Ind\u00fastria e automa\u00e7\u00e3o<br data-start=\"1414\" data-end=\"1417\" \/>\u26a1 Redes el\u00e9tricas e distribui\u00e7\u00e3o de energia<br data-start=\"1460\" data-end=\"1463\" \/>\u26a1 Sistemas fotovoltaicos e e\u00f3licos<br data-start=\"1497\" data-end=\"1500\" \/>\u26a1 Infraestruturas de telecomunica\u00e7\u00f5es<br data-start=\"1537\" data-end=\"1540\" \/>\u26a1 Instala\u00e7\u00f5es comerciais e edif\u00edcios inteligentes<\/p>\n<p class=\"\" data-start=\"1593\" data-end=\"1723\">O cat\u00e1logo inclui especifica\u00e7\u00f5es t\u00e9cnicas detalhadas, diagramas de instala\u00e7\u00e3o e recomenda\u00e7\u00f5es para escolha do dispositivo ideal.<\/p>\n<p data-start=\"1593\" data-end=\"1723\"><a href=\"http:\/\/electricidadeaguas.pt\/wp-content\/uploads\/2025\/03\/Lightning-and-surge-protection.pdf\">Lightning and surge protection<\/a><\/p>\n","protected":false},"excerpt":{"rendered":"<p>O Cat\u00e1logo Weidm\u00fcller &#8211; Lightning and Surge Protection apresenta solu\u00e7\u00f5es avan\u00e7adas para prote\u00e7\u00e3o contra sobretens\u00f5es e descargas atmosf\u00e9ricas, garantindo a seguran\u00e7a e a fiabilidade de sistemas el\u00e9tricos e eletr\u00f3nicos em diversos ambientes industriais e comerciais. Destaques do Cat\u00e1logo \ud83d\udd39 Dispositivos de Prote\u00e7\u00e3o contra Sobretens\u00f5es (SPD) \u2013 Prote\u00e7\u00e3o eficaz contra surtos el\u00e9tricos em redes AC e&hellip;&nbsp;<a href=\"https:\/\/electricidadeaguas.pt\/?product=catalogo-weidmulller-lightning-and-surge-protection\" rel=\"bookmark\">Ler mais &raquo;<span class=\"screen-reader-text\">Cat\u00e1logo Weidmulller &#8211; Lightning and surge protection<\/span><\/a><\/p>\n","protected":false},"featured_media":872,"comment_status":"open","ping_status":"closed","template":"","meta":{"neve_meta_sidebar":"","neve_meta_container":"","neve_meta_enable_content_width":"off","neve_meta_content_width":100,"neve_meta_title_alignment":"","neve_meta_author_avatar":"","neve_post_elements_order":"","neve_meta_disable_header":"","neve_meta_disable_footer":"","neve_meta_disable_title":""},"product_brand":[],"product_cat":[47],"product_tag":[],"class_list":{"0":"post-870","1":"product","2":"type-product","3":"status-publish","4":"has-post-thumbnail","6":"product_cat-weidmuller","8":"first","9":"instock","10":"virtual","11":"product-type-simple"},"jetpack_sharing_enabled":true,"_links":{"self":[{"href":"https:\/\/electricidadeaguas.pt\/index.php?rest_route=\/wp\/v2\/product\/870","targetHints":{"allow":["GET"]}}],"collection":[{"href":"https:\/\/electricidadeaguas.pt\/index.php?rest_route=\/wp\/v2\/product"}],"about":[{"href":"https:\/\/electricidadeaguas.pt\/index.php?rest_route=\/wp\/v2\/types\/product"}],"replies":[{"embeddable":true,"href":"https:\/\/electricidadeaguas.pt\/index.php?rest_route=%2Fwp%2Fv2%2Fcomments&post=870"}],"wp:featuredmedia":[{"embeddable":true,"href":"https:\/\/electricidadeaguas.pt\/index.php?rest_route=\/wp\/v2\/media\/872"}],"wp:attachment":[{"href":"https:\/\/electricidadeaguas.pt\/index.php?rest_route=%2Fwp%2Fv2%2Fmedia&parent=870"}],"wp:term":[{"taxonomy":"product_brand","embeddable":true,"href":"https:\/\/electricidadeaguas.pt\/index.php?rest_route=%2Fwp%2Fv2%2Fproduct_brand&post=870"},{"taxonomy":"product_cat","embeddable":true,"href":"https:\/\/electricidadeaguas.pt\/index.php?rest_route=%2Fwp%2Fv2%2Fproduct_cat&post=870"},{"taxonomy":"product_tag","embeddable":true,"href":"https:\/\/electricidadeaguas.pt\/index.php?rest_route=%2Fwp%2Fv2%2Fproduct_tag&post=870"}],"curies":[{"name":"wp","href":"https:\/\/api.w.org\/{rel}","templated":true}]}}