{"id":878,"date":"2025-03-28T09:47:48","date_gmt":"2025-03-28T09:47:48","guid":{"rendered":"https:\/\/electricidadeaguas.pt\/?post_type=product&#038;p=878"},"modified":"2025-03-28T09:47:48","modified_gmt":"2025-03-28T09:47:48","slug":"catalogo-weidmulller-automation-and-software-tools","status":"publish","type":"product","link":"https:\/\/electricidadeaguas.pt\/?product=catalogo-weidmulller-automation-and-software-tools","title":{"rendered":"Cat\u00e1logo Weidmulller &#8211; Automation and Software tools"},"content":{"rendered":"<p class=\"\" data-start=\"0\" data-end=\"237\">O <strong data-start=\"2\" data-end=\"57\">Cat\u00e1logo Weidm\u00fcller &#8211; Automation and Software Tools<\/strong> apresenta uma gama completa de solu\u00e7\u00f5es para <strong data-start=\"103\" data-end=\"158\">automa\u00e7\u00e3o industrial, digitaliza\u00e7\u00e3o e Ind\u00fastria 4.0<\/strong>, facilitando a integra\u00e7\u00e3o, monitoriza\u00e7\u00e3o e controlo de processos produtivos.<\/p>\n<h3 class=\"\" data-start=\"239\" data-end=\"270\"><strong data-start=\"243\" data-end=\"268\">Destaques do Cat\u00e1logo<\/strong><\/h3>\n<p class=\"\" data-start=\"271\" data-end=\"942\">\ud83d\udd39 <strong data-start=\"274\" data-end=\"316\">Controladores L\u00f3gicos (u-control 2000)<\/strong> \u2013 Solu\u00e7\u00e3o modular baseada em IoT para automa\u00e7\u00e3o descentralizada.<br data-start=\"381\" data-end=\"384\" \/>\ud83d\udd39 <strong data-start=\"387\" data-end=\"424\">M\u00f3dulos de I\/O Remotos (u-remote)<\/strong> \u2013 Expans\u00e3o de sistemas de automa\u00e7\u00e3o com comunica\u00e7\u00e3o r\u00e1pida e segura.<br data-start=\"493\" data-end=\"496\" \/>\ud83d\udd39 <strong data-start=\"499\" data-end=\"532\">Edge Computing &amp; Gateways IoT<\/strong> \u2013 Processamento de dados e conectividade para Ind\u00fastria 4.0.<br data-start=\"593\" data-end=\"596\" \/>\ud83d\udd39 <strong data-start=\"599\" data-end=\"640\" data-is-only-node=\"\">Software Weidm\u00fcller Industrial AutoML<\/strong> \u2013 Intelig\u00eancia Artificial para otimiza\u00e7\u00e3o de processos.<br data-start=\"696\" data-end=\"699\" \/>\ud83d\udd39 <strong data-start=\"702\" data-end=\"740\">Sistemas de Comunica\u00e7\u00e3o Industrial<\/strong> \u2013 Solu\u00e7\u00f5es para conectividade via Ethernet, OPC UA, MQTT e protocolos industriais.<br data-start=\"823\" data-end=\"826\" \/>\ud83d\udd39 <strong data-start=\"829\" data-end=\"875\">Ferramentas de Programa\u00e7\u00e3o e Monitoriza\u00e7\u00e3o<\/strong> \u2013 Software intuitivo para configura\u00e7\u00e3o e supervis\u00e3o de sistemas.<\/p>\n<h3 class=\"\" data-start=\"944\" data-end=\"1000\"><strong data-start=\"948\" data-end=\"998\">Vantagens das Solu\u00e7\u00f5es de Automa\u00e7\u00e3o Weidm\u00fcller<\/strong><\/h3>\n<p class=\"\" data-start=\"1001\" data-end=\"1368\">\u2705 <strong data-start=\"1003\" data-end=\"1039\">Maior efici\u00eancia e produtividade<\/strong> com automa\u00e7\u00e3o avan\u00e7ada.<br data-start=\"1063\" data-end=\"1066\" \/>\u2705 <strong data-start=\"1068\" data-end=\"1097\">Conectividade inteligente<\/strong> para Ind\u00fastria 4.0 e IIoT.<br data-start=\"1124\" data-end=\"1127\" \/>\u2705 <strong data-start=\"1129\" data-end=\"1173\">Integra\u00e7\u00e3o f\u00e1cil com sistemas existentes<\/strong> (compat\u00edvel com PLCs de v\u00e1rios fabricantes).<br data-start=\"1218\" data-end=\"1221\" \/>\u2705 <strong data-start=\"1223\" data-end=\"1297\" data-is-only-node=\"\">Software intuitivo para configura\u00e7\u00e3o e an\u00e1lise de dados em tempo real.<\/strong><br data-start=\"1297\" data-end=\"1300\" \/>\u2705 <strong data-start=\"1302\" data-end=\"1366\">Redu\u00e7\u00e3o de custos operacionais e menor tempo de inatividade.<\/strong><\/p>\n<h3 class=\"\" data-start=\"1370\" data-end=\"1401\"><strong data-start=\"1374\" data-end=\"1399\">Principais Aplica\u00e7\u00f5es<\/strong><\/h3>\n<p class=\"\" data-start=\"1402\" data-end=\"1642\">\u26a1 Automa\u00e7\u00e3o industrial e monitoriza\u00e7\u00e3o de processos<br data-start=\"1453\" data-end=\"1456\" \/>\u26a1 Digitaliza\u00e7\u00e3o de f\u00e1bricas e Ind\u00fastria 4.0<br data-start=\"1499\" data-end=\"1502\" \/>\u26a1 Controle de m\u00e1quinas e sistemas de produ\u00e7\u00e3o<br data-start=\"1547\" data-end=\"1550\" \/>\u26a1 Gest\u00e3o remota de energia e infraestrutura<br data-start=\"1593\" data-end=\"1596\" \/>\u26a1 An\u00e1lise preditiva e manuten\u00e7\u00e3o inteligente<\/p>\n<p class=\"\" data-start=\"1644\" data-end=\"1797\">O cat\u00e1logo cont\u00e9m <strong data-start=\"1662\" data-end=\"1749\">especifica\u00e7\u00f5es detalhadas, diagramas de integra\u00e7\u00e3o e orienta\u00e7\u00f5es para implementa\u00e7\u00e3o<\/strong>, ajudando a escolher a solu\u00e7\u00e3o mais adequada.<\/p>\n<p data-start=\"1644\" data-end=\"1797\"><a href=\"http:\/\/electricidadeaguas.pt\/wp-content\/uploads\/2025\/03\/Catalogo-Weidmulller-Automation-and-Software-tools.pdf\">Cat\u00e1logo Weidmulller &#8211; Automation and Software tools<\/a><\/p>\n","protected":false},"excerpt":{"rendered":"<p>O Cat\u00e1logo Weidm\u00fcller &#8211; Automation and Software Tools apresenta uma gama completa de solu\u00e7\u00f5es para automa\u00e7\u00e3o industrial, digitaliza\u00e7\u00e3o e Ind\u00fastria 4.0, facilitando a integra\u00e7\u00e3o, monitoriza\u00e7\u00e3o e controlo de processos produtivos. Destaques do Cat\u00e1logo \ud83d\udd39 Controladores L\u00f3gicos (u-control 2000) \u2013 Solu\u00e7\u00e3o modular baseada em IoT para automa\u00e7\u00e3o descentralizada.\ud83d\udd39 M\u00f3dulos de I\/O Remotos (u-remote) \u2013 Expans\u00e3o de&hellip;&nbsp;<a href=\"https:\/\/electricidadeaguas.pt\/?product=catalogo-weidmulller-automation-and-software-tools\" rel=\"bookmark\">Ler mais &raquo;<span class=\"screen-reader-text\">Cat\u00e1logo Weidmulller &#8211; Automation and Software tools<\/span><\/a><\/p>\n","protected":false},"featured_media":880,"comment_status":"open","ping_status":"closed","template":"","meta":{"neve_meta_sidebar":"","neve_meta_container":"","neve_meta_enable_content_width":"off","neve_meta_content_width":100,"neve_meta_title_alignment":"","neve_meta_author_avatar":"","neve_post_elements_order":"","neve_meta_disable_header":"","neve_meta_disable_footer":"","neve_meta_disable_title":""},"product_brand":[],"product_cat":[47],"product_tag":[],"class_list":{"0":"post-878","1":"product","2":"type-product","3":"status-publish","4":"has-post-thumbnail","6":"product_cat-weidmuller","8":"first","9":"instock","10":"virtual","11":"product-type-simple"},"jetpack_sharing_enabled":true,"_links":{"self":[{"href":"https:\/\/electricidadeaguas.pt\/index.php?rest_route=\/wp\/v2\/product\/878","targetHints":{"allow":["GET"]}}],"collection":[{"href":"https:\/\/electricidadeaguas.pt\/index.php?rest_route=\/wp\/v2\/product"}],"about":[{"href":"https:\/\/electricidadeaguas.pt\/index.php?rest_route=\/wp\/v2\/types\/product"}],"replies":[{"embeddable":true,"href":"https:\/\/electricidadeaguas.pt\/index.php?rest_route=%2Fwp%2Fv2%2Fcomments&post=878"}],"wp:featuredmedia":[{"embeddable":true,"href":"https:\/\/electricidadeaguas.pt\/index.php?rest_route=\/wp\/v2\/media\/880"}],"wp:attachment":[{"href":"https:\/\/electricidadeaguas.pt\/index.php?rest_route=%2Fwp%2Fv2%2Fmedia&parent=878"}],"wp:term":[{"taxonomy":"product_brand","embeddable":true,"href":"https:\/\/electricidadeaguas.pt\/index.php?rest_route=%2Fwp%2Fv2%2Fproduct_brand&post=878"},{"taxonomy":"product_cat","embeddable":true,"href":"https:\/\/electricidadeaguas.pt\/index.php?rest_route=%2Fwp%2Fv2%2Fproduct_cat&post=878"},{"taxonomy":"product_tag","embeddable":true,"href":"https:\/\/electricidadeaguas.pt\/index.php?rest_route=%2Fwp%2Fv2%2Fproduct_tag&post=878"}],"curies":[{"name":"wp","href":"https:\/\/api.w.org\/{rel}","templated":true}]}}