{"id":881,"date":"2025-03-28T09:52:28","date_gmt":"2025-03-28T09:52:28","guid":{"rendered":"https:\/\/electricidadeaguas.pt\/?post_type=product&#038;p=881"},"modified":"2025-03-28T09:52:29","modified_gmt":"2025-03-28T09:52:29","slug":"catalogo-weidmulller-tools","status":"publish","type":"product","link":"https:\/\/electricidadeaguas.pt\/?product=catalogo-weidmulller-tools","title":{"rendered":"Cat\u00e1logo Weidmulller &#8211; Tools"},"content":{"rendered":"<p>O cat\u00e1logo <strong data-start=\"11\" data-end=\"33\">Weidm\u00fcller &#8211; Tools<\/strong> apresenta uma sele\u00e7\u00e3o de ferramentas de alta qualidade, desenvolvidas para atender \u00e0s exig\u00eancias dos profissionais da ind\u00fastria el\u00e9trica e automa\u00e7\u00e3o. Com foco em inova\u00e7\u00e3o, precis\u00e3o e efici\u00eancia, as ferramentas Weidm\u00fcller s\u00e3o ideais para opera\u00e7\u00f5es de montagem, manuten\u00e7\u00e3o e repara\u00e7\u00e3o de sistemas el\u00e9tricos.<\/p>\n<p>O cat\u00e1logo inclui solu\u00e7\u00f5es avan\u00e7adas para crimpagem, corte, medi\u00e7\u00e3o e instala\u00e7\u00e3o, sempre com o compromisso de garantir durabilidade e desempenho superior. Cada ferramenta \u00e9 projetada para proporcionar um trabalho mais \u00e1gil, seguro e preciso, otimizando os processos e aumentando a produtividade dos t\u00e9cnicos e engenheiros.<\/p>\n<p><a href=\"https:\/\/electrosiluz.pt\/wp-content\/uploads\/2024\/01\/Ferramentas-Weidmuller-2023-compressed.pdf\">Catalogue Tools<\/a><\/p>\n","protected":false},"excerpt":{"rendered":"<p>O cat\u00e1logo Weidm\u00fcller &#8211; Tools apresenta uma sele\u00e7\u00e3o de ferramentas de alta qualidade, desenvolvidas para atender \u00e0s exig\u00eancias dos profissionais da ind\u00fastria el\u00e9trica e automa\u00e7\u00e3o. Com foco em inova\u00e7\u00e3o, precis\u00e3o e efici\u00eancia, as ferramentas Weidm\u00fcller s\u00e3o ideais para opera\u00e7\u00f5es de montagem, manuten\u00e7\u00e3o e repara\u00e7\u00e3o de sistemas el\u00e9tricos. O cat\u00e1logo inclui solu\u00e7\u00f5es avan\u00e7adas para crimpagem, corte,&hellip;&nbsp;<a href=\"https:\/\/electricidadeaguas.pt\/?product=catalogo-weidmulller-tools\" rel=\"bookmark\">Ler mais &raquo;<span class=\"screen-reader-text\">Cat\u00e1logo Weidmulller &#8211; Tools<\/span><\/a><\/p>\n","protected":false},"featured_media":882,"comment_status":"open","ping_status":"closed","template":"","meta":{"neve_meta_sidebar":"","neve_meta_container":"","neve_meta_enable_content_width":"off","neve_meta_content_width":100,"neve_meta_title_alignment":"","neve_meta_author_avatar":"","neve_post_elements_order":"","neve_meta_disable_header":"","neve_meta_disable_footer":"","neve_meta_disable_title":""},"product_brand":[],"product_cat":[47],"product_tag":[],"class_list":{"0":"post-881","1":"product","2":"type-product","3":"status-publish","4":"has-post-thumbnail","6":"product_cat-weidmuller","8":"first","9":"instock","10":"virtual","11":"product-type-simple"},"jetpack_sharing_enabled":true,"_links":{"self":[{"href":"https:\/\/electricidadeaguas.pt\/index.php?rest_route=\/wp\/v2\/product\/881","targetHints":{"allow":["GET"]}}],"collection":[{"href":"https:\/\/electricidadeaguas.pt\/index.php?rest_route=\/wp\/v2\/product"}],"about":[{"href":"https:\/\/electricidadeaguas.pt\/index.php?rest_route=\/wp\/v2\/types\/product"}],"replies":[{"embeddable":true,"href":"https:\/\/electricidadeaguas.pt\/index.php?rest_route=%2Fwp%2Fv2%2Fcomments&post=881"}],"wp:featuredmedia":[{"embeddable":true,"href":"https:\/\/electricidadeaguas.pt\/index.php?rest_route=\/wp\/v2\/media\/882"}],"wp:attachment":[{"href":"https:\/\/electricidadeaguas.pt\/index.php?rest_route=%2Fwp%2Fv2%2Fmedia&parent=881"}],"wp:term":[{"taxonomy":"product_brand","embeddable":true,"href":"https:\/\/electricidadeaguas.pt\/index.php?rest_route=%2Fwp%2Fv2%2Fproduct_brand&post=881"},{"taxonomy":"product_cat","embeddable":true,"href":"https:\/\/electricidadeaguas.pt\/index.php?rest_route=%2Fwp%2Fv2%2Fproduct_cat&post=881"},{"taxonomy":"product_tag","embeddable":true,"href":"https:\/\/electricidadeaguas.pt\/index.php?rest_route=%2Fwp%2Fv2%2Fproduct_tag&post=881"}],"curies":[{"name":"wp","href":"https:\/\/api.w.org\/{rel}","templated":true}]}}