{"id":883,"date":"2025-03-28T09:55:26","date_gmt":"2025-03-28T09:55:26","guid":{"rendered":"https:\/\/electricidadeaguas.pt\/?post_type=product&#038;p=883"},"modified":"2025-03-28T09:55:27","modified_gmt":"2025-03-28T09:55:27","slug":"catalogo-weidmulller-industrial-ethernet","status":"publish","type":"product","link":"https:\/\/electricidadeaguas.pt\/?product=catalogo-weidmulller-industrial-ethernet","title":{"rendered":"Cat\u00e1logo Weidmulller &#8211; Industrial Ethernet"},"content":{"rendered":"<p>O cat\u00e1logo <strong data-start=\"11\" data-end=\"47\">Weidm\u00fcller &#8211; Industrial Ethernet<\/strong> oferece solu\u00e7\u00f5es avan\u00e7adas para a conex\u00e3o e comunica\u00e7\u00e3o em redes industriais. Com foco na confiabilidade, seguran\u00e7a e desempenho, os produtos Weidm\u00fcller garantem a integra\u00e7\u00e3o perfeita de dispositivos em ambientes de automa\u00e7\u00e3o e controle. Este cat\u00e1logo inclui switches, roteadores, modems, cabos e conectores projetados para suportar as exig\u00eancias de alta performance e robustez em ambientes industriais.<\/p>\n<p>Al\u00e9m disso, as solu\u00e7\u00f5es de <strong data-start=\"479\" data-end=\"502\">Industrial Ethernet<\/strong> da Weidm\u00fcller s\u00e3o ideais para aplica\u00e7\u00f5es que exigem comunica\u00e7\u00e3o em tempo real, otimiza\u00e7\u00e3o de redes e monitoramento cont\u00ednuo, garantindo uma opera\u00e7\u00e3o eficiente e sem interrup\u00e7\u00f5es em ambientes industriais complexos.<\/p>\n<p><a href=\"https:\/\/electrosiluz.pt\/wp-content\/uploads\/2024\/01\/Ethernet-industrial-2023-compressed.pdf\">Catalog Industrial Ethernet<\/a><\/p>\n","protected":false},"excerpt":{"rendered":"<p>O cat\u00e1logo Weidm\u00fcller &#8211; Industrial Ethernet oferece solu\u00e7\u00f5es avan\u00e7adas para a conex\u00e3o e comunica\u00e7\u00e3o em redes industriais. Com foco na confiabilidade, seguran\u00e7a e desempenho, os produtos Weidm\u00fcller garantem a integra\u00e7\u00e3o perfeita de dispositivos em ambientes de automa\u00e7\u00e3o e controle. Este cat\u00e1logo inclui switches, roteadores, modems, cabos e conectores projetados para suportar as exig\u00eancias de alta&hellip;&nbsp;<a href=\"https:\/\/electricidadeaguas.pt\/?product=catalogo-weidmulller-industrial-ethernet\" rel=\"bookmark\">Ler mais &raquo;<span class=\"screen-reader-text\">Cat\u00e1logo Weidmulller &#8211; Industrial Ethernet<\/span><\/a><\/p>\n","protected":false},"featured_media":884,"comment_status":"open","ping_status":"closed","template":"","meta":{"neve_meta_sidebar":"","neve_meta_container":"","neve_meta_enable_content_width":"off","neve_meta_content_width":100,"neve_meta_title_alignment":"","neve_meta_author_avatar":"","neve_post_elements_order":"","neve_meta_disable_header":"","neve_meta_disable_footer":"","neve_meta_disable_title":""},"product_brand":[],"product_cat":[47],"product_tag":[],"class_list":{"0":"post-883","1":"product","2":"type-product","3":"status-publish","4":"has-post-thumbnail","6":"product_cat-weidmuller","8":"first","9":"instock","10":"virtual","11":"product-type-simple"},"jetpack_sharing_enabled":true,"_links":{"self":[{"href":"https:\/\/electricidadeaguas.pt\/index.php?rest_route=\/wp\/v2\/product\/883","targetHints":{"allow":["GET"]}}],"collection":[{"href":"https:\/\/electricidadeaguas.pt\/index.php?rest_route=\/wp\/v2\/product"}],"about":[{"href":"https:\/\/electricidadeaguas.pt\/index.php?rest_route=\/wp\/v2\/types\/product"}],"replies":[{"embeddable":true,"href":"https:\/\/electricidadeaguas.pt\/index.php?rest_route=%2Fwp%2Fv2%2Fcomments&post=883"}],"wp:featuredmedia":[{"embeddable":true,"href":"https:\/\/electricidadeaguas.pt\/index.php?rest_route=\/wp\/v2\/media\/884"}],"wp:attachment":[{"href":"https:\/\/electricidadeaguas.pt\/index.php?rest_route=%2Fwp%2Fv2%2Fmedia&parent=883"}],"wp:term":[{"taxonomy":"product_brand","embeddable":true,"href":"https:\/\/electricidadeaguas.pt\/index.php?rest_route=%2Fwp%2Fv2%2Fproduct_brand&post=883"},{"taxonomy":"product_cat","embeddable":true,"href":"https:\/\/electricidadeaguas.pt\/index.php?rest_route=%2Fwp%2Fv2%2Fproduct_cat&post=883"},{"taxonomy":"product_tag","embeddable":true,"href":"https:\/\/electricidadeaguas.pt\/index.php?rest_route=%2Fwp%2Fv2%2Fproduct_tag&post=883"}],"curies":[{"name":"wp","href":"https:\/\/api.w.org\/{rel}","templated":true}]}}