{"id":885,"date":"2025-03-28T10:12:50","date_gmt":"2025-03-28T10:12:50","guid":{"rendered":"https:\/\/electricidadeaguas.pt\/?post_type=product&#038;p=885"},"modified":"2025-03-28T10:12:51","modified_gmt":"2025-03-28T10:12:51","slug":"catalogo-weidmulller-pcb-terminals-and-connectors","status":"publish","type":"product","link":"https:\/\/electricidadeaguas.pt\/?product=catalogo-weidmulller-pcb-terminals-and-connectors","title":{"rendered":"Cat\u00e1logo Weidmulller &#8211; PCB terminals and connectors"},"content":{"rendered":"<p>O cat\u00e1logo <strong data-start=\"11\" data-end=\"56\">Weidm\u00fcller &#8211; PCB Terminals and Connectors<\/strong> apresenta uma ampla gama de terminais e conectores projetados para garantir uma conex\u00e3o el\u00e9trica segura, eficiente e de alta qualidade em placas de circuito impresso (PCBs). Com solu\u00e7\u00f5es inovadoras para uma grande variedade de aplica\u00e7\u00f5es industriais, os produtos Weidm\u00fcller oferecem excelente desempenho, durabilidade e facilidade de montagem.<\/p>\n<p>Este cat\u00e1logo inclui terminais de bloco, conectores de encaixe r\u00e1pido, conectores de fia\u00e7\u00e3o e outros componentes especializados, todos projetados para otimizar o espa\u00e7o e melhorar a confiabilidade das conex\u00f5es em sistemas eletr\u00f4nicos. As solu\u00e7\u00f5es <strong data-start=\"648\" data-end=\"680\">PCB Terminals and Connectors<\/strong> da Weidm\u00fcller s\u00e3o ideais para ambientes industriais exigentes, proporcionando uma instala\u00e7\u00e3o simples e uma comunica\u00e7\u00e3o el\u00e9trica est\u00e1vel e eficiente.<\/p>\n<p><a href=\"http:\/\/electricidadeaguas.pt\/wp-content\/uploads\/2025\/03\/Catalogo-Weidmulller-PCB-terminals-and-connectors.pdf\">Cat\u00e1logo Weidmulller &#8211; PCB terminals and connectors<\/a><\/p>\n","protected":false},"excerpt":{"rendered":"<p>O cat\u00e1logo Weidm\u00fcller &#8211; PCB Terminals and Connectors apresenta uma ampla gama de terminais e conectores projetados para garantir uma conex\u00e3o el\u00e9trica segura, eficiente e de alta qualidade em placas de circuito impresso (PCBs). Com solu\u00e7\u00f5es inovadoras para uma grande variedade de aplica\u00e7\u00f5es industriais, os produtos Weidm\u00fcller oferecem excelente desempenho, durabilidade e facilidade de montagem.&hellip;&nbsp;<a href=\"https:\/\/electricidadeaguas.pt\/?product=catalogo-weidmulller-pcb-terminals-and-connectors\" rel=\"bookmark\">Ler mais &raquo;<span class=\"screen-reader-text\">Cat\u00e1logo Weidmulller &#8211; PCB terminals and connectors<\/span><\/a><\/p>\n","protected":false},"featured_media":887,"comment_status":"open","ping_status":"closed","template":"","meta":{"neve_meta_sidebar":"","neve_meta_container":"","neve_meta_enable_content_width":"off","neve_meta_content_width":100,"neve_meta_title_alignment":"","neve_meta_author_avatar":"","neve_post_elements_order":"","neve_meta_disable_header":"","neve_meta_disable_footer":"","neve_meta_disable_title":""},"product_brand":[],"product_cat":[47],"product_tag":[],"class_list":{"0":"post-885","1":"product","2":"type-product","3":"status-publish","4":"has-post-thumbnail","6":"product_cat-weidmuller","8":"first","9":"instock","10":"virtual","11":"product-type-simple"},"jetpack_sharing_enabled":true,"_links":{"self":[{"href":"https:\/\/electricidadeaguas.pt\/index.php?rest_route=\/wp\/v2\/product\/885","targetHints":{"allow":["GET"]}}],"collection":[{"href":"https:\/\/electricidadeaguas.pt\/index.php?rest_route=\/wp\/v2\/product"}],"about":[{"href":"https:\/\/electricidadeaguas.pt\/index.php?rest_route=\/wp\/v2\/types\/product"}],"replies":[{"embeddable":true,"href":"https:\/\/electricidadeaguas.pt\/index.php?rest_route=%2Fwp%2Fv2%2Fcomments&post=885"}],"wp:featuredmedia":[{"embeddable":true,"href":"https:\/\/electricidadeaguas.pt\/index.php?rest_route=\/wp\/v2\/media\/887"}],"wp:attachment":[{"href":"https:\/\/electricidadeaguas.pt\/index.php?rest_route=%2Fwp%2Fv2%2Fmedia&parent=885"}],"wp:term":[{"taxonomy":"product_brand","embeddable":true,"href":"https:\/\/electricidadeaguas.pt\/index.php?rest_route=%2Fwp%2Fv2%2Fproduct_brand&post=885"},{"taxonomy":"product_cat","embeddable":true,"href":"https:\/\/electricidadeaguas.pt\/index.php?rest_route=%2Fwp%2Fv2%2Fproduct_cat&post=885"},{"taxonomy":"product_tag","embeddable":true,"href":"https:\/\/electricidadeaguas.pt\/index.php?rest_route=%2Fwp%2Fv2%2Fproduct_tag&post=885"}],"curies":[{"name":"wp","href":"https:\/\/api.w.org\/{rel}","templated":true}]}}