{"id":888,"date":"2025-03-28T10:15:11","date_gmt":"2025-03-28T10:15:11","guid":{"rendered":"https:\/\/electricidadeaguas.pt\/?post_type=product&#038;p=888"},"modified":"2025-03-28T10:15:12","modified_gmt":"2025-03-28T10:15:12","slug":"catalogo-weidmulller-analogue-signal-conditioning","status":"publish","type":"product","link":"https:\/\/electricidadeaguas.pt\/?product=catalogo-weidmulller-analogue-signal-conditioning","title":{"rendered":"Cat\u00e1logo Weidmulller &#8211; Analogue signal conditioning"},"content":{"rendered":"<p>O cat\u00e1logo <strong data-start=\"11\" data-end=\"56\">Weidm\u00fcller &#8211; Analogue Signal Conditioning<\/strong> oferece solu\u00e7\u00f5es de condicionamento de sinais anal\u00f3gicos que garantem a precis\u00e3o e a confiabilidade necess\u00e1rias para aplica\u00e7\u00f5es industriais. Com uma gama de m\u00f3dulos e dispositivos projetados para processar, filtrar e amplificar sinais anal\u00f3gicos, os produtos Weidm\u00fcller s\u00e3o ideais para otimizar a medi\u00e7\u00e3o e o controle de processos em ambientes industriais complexos.<\/p>\n<p>Este cat\u00e1logo inclui solu\u00e7\u00f5es para convers\u00e3o de sinais, isola\u00e7\u00e3o, calibra\u00e7\u00e3o e adapta\u00e7\u00e3o de sinais, assegurando que as medi\u00e7\u00f5es anal\u00f3gicas sejam precisas e eficazes, mesmo em condi\u00e7\u00f5es extremas. Com alta qualidade e flexibilidade, os dispositivos de <strong data-start=\"674\" data-end=\"706\">Analogue Signal Conditioning<\/strong> da Weidm\u00fcller s\u00e3o essenciais para garantir a integridade dos dados e a efici\u00eancia das opera\u00e7\u00f5es industriais.<\/p>\n<p><a href=\"http:\/\/electricidadeaguas.pt\/wp-content\/uploads\/2025\/03\/Catalogo-Weidmulller-Analogue-signal-conditioning.pdf\">Cat\u00e1logo Weidmulller &#8211; Analogue signal conditioning<\/a><\/p>\n","protected":false},"excerpt":{"rendered":"<p>O cat\u00e1logo Weidm\u00fcller &#8211; Analogue Signal Conditioning oferece solu\u00e7\u00f5es de condicionamento de sinais anal\u00f3gicos que garantem a precis\u00e3o e a confiabilidade necess\u00e1rias para aplica\u00e7\u00f5es industriais. Com uma gama de m\u00f3dulos e dispositivos projetados para processar, filtrar e amplificar sinais anal\u00f3gicos, os produtos Weidm\u00fcller s\u00e3o ideais para otimizar a medi\u00e7\u00e3o e o controle de processos em&hellip;&nbsp;<a href=\"https:\/\/electricidadeaguas.pt\/?product=catalogo-weidmulller-analogue-signal-conditioning\" rel=\"bookmark\">Ler mais &raquo;<span class=\"screen-reader-text\">Cat\u00e1logo Weidmulller &#8211; Analogue signal conditioning<\/span><\/a><\/p>\n","protected":false},"featured_media":890,"comment_status":"open","ping_status":"closed","template":"","meta":{"neve_meta_sidebar":"","neve_meta_container":"","neve_meta_enable_content_width":"off","neve_meta_content_width":100,"neve_meta_title_alignment":"","neve_meta_author_avatar":"","neve_post_elements_order":"","neve_meta_disable_header":"","neve_meta_disable_footer":"","neve_meta_disable_title":""},"product_brand":[],"product_cat":[47],"product_tag":[],"class_list":{"0":"post-888","1":"product","2":"type-product","3":"status-publish","4":"has-post-thumbnail","6":"product_cat-weidmuller","8":"first","9":"instock","10":"virtual","11":"product-type-simple"},"jetpack_sharing_enabled":true,"_links":{"self":[{"href":"https:\/\/electricidadeaguas.pt\/index.php?rest_route=\/wp\/v2\/product\/888","targetHints":{"allow":["GET"]}}],"collection":[{"href":"https:\/\/electricidadeaguas.pt\/index.php?rest_route=\/wp\/v2\/product"}],"about":[{"href":"https:\/\/electricidadeaguas.pt\/index.php?rest_route=\/wp\/v2\/types\/product"}],"replies":[{"embeddable":true,"href":"https:\/\/electricidadeaguas.pt\/index.php?rest_route=%2Fwp%2Fv2%2Fcomments&post=888"}],"wp:featuredmedia":[{"embeddable":true,"href":"https:\/\/electricidadeaguas.pt\/index.php?rest_route=\/wp\/v2\/media\/890"}],"wp:attachment":[{"href":"https:\/\/electricidadeaguas.pt\/index.php?rest_route=%2Fwp%2Fv2%2Fmedia&parent=888"}],"wp:term":[{"taxonomy":"product_brand","embeddable":true,"href":"https:\/\/electricidadeaguas.pt\/index.php?rest_route=%2Fwp%2Fv2%2Fproduct_brand&post=888"},{"taxonomy":"product_cat","embeddable":true,"href":"https:\/\/electricidadeaguas.pt\/index.php?rest_route=%2Fwp%2Fv2%2Fproduct_cat&post=888"},{"taxonomy":"product_tag","embeddable":true,"href":"https:\/\/electricidadeaguas.pt\/index.php?rest_route=%2Fwp%2Fv2%2Fproduct_tag&post=888"}],"curies":[{"name":"wp","href":"https:\/\/api.w.org\/{rel}","templated":true}]}}