{"id":891,"date":"2025-03-28T10:18:34","date_gmt":"2025-03-28T10:18:34","guid":{"rendered":"https:\/\/electricidadeaguas.pt\/?post_type=product&#038;p=891"},"modified":"2025-03-28T10:18:34","modified_gmt":"2025-03-28T10:18:34","slug":"catalogo-weidmulller-sensor-actuator-cabling-and-circular-connectors","status":"publish","type":"product","link":"https:\/\/electricidadeaguas.pt\/?product=catalogo-weidmulller-sensor-actuator-cabling-and-circular-connectors","title":{"rendered":"Cat\u00e1logo Weidmulller &#8211; Sensor-actuator cabling and circular connectors"},"content":{"rendered":"<p>O cat\u00e1logo <strong data-start=\"11\" data-end=\"75\">Weidm\u00fcller &#8211; Sensor-Actuator Cabling and Circular Connectors<\/strong> apresenta solu\u00e7\u00f5es de cablagem e conectores circulares altamente robustos e confi\u00e1veis, projetados para otimizar a comunica\u00e7\u00e3o e a conectividade entre sensores e atuadores em ambientes industriais. Com foco na durabilidade e resist\u00eancia a condi\u00e7\u00f5es adversas, os produtos Weidm\u00fcller garantem conex\u00f5es seguras e de alto desempenho, essenciais para sistemas de automa\u00e7\u00e3o e controle. Este cat\u00e1logo inclui cabos de alta qualidade, conectores circulares e acess\u00f3rios para garantir a transfer\u00eancia de sinais e energia com precis\u00e3o, minimizando interfer\u00eancias e falhas.<\/p>\n<p>As solu\u00e7\u00f5es de <strong data-start=\"653\" data-end=\"704\">Sensor-Actuator Cabling and Circular Connectors<\/strong> da Weidm\u00fcller s\u00e3o perfeitas para aplica\u00e7\u00f5es industriais exigentes, proporcionando f\u00e1cil instala\u00e7\u00e3o e manuten\u00e7\u00e3o, ao mesmo tempo que asseguram uma opera\u00e7\u00e3o est\u00e1vel e eficiente em todos os pontos de contato.<\/p>\n<p><a href=\"https:\/\/electrosiluz.pt\/wp-content\/uploads\/2024\/01\/Cabeamento-e-conectores-circulares-sensoratuador-2023-compressed.pdf\">Sensor-actuator cabling and circular connectors<\/a><\/p>\n","protected":false},"excerpt":{"rendered":"<p>O cat\u00e1logo Weidm\u00fcller &#8211; Sensor-Actuator Cabling and Circular Connectors apresenta solu\u00e7\u00f5es de cablagem e conectores circulares altamente robustos e confi\u00e1veis, projetados para otimizar a comunica\u00e7\u00e3o e a conectividade entre sensores e atuadores em ambientes industriais. Com foco na durabilidade e resist\u00eancia a condi\u00e7\u00f5es adversas, os produtos Weidm\u00fcller garantem conex\u00f5es seguras e de alto desempenho, essenciais&hellip;&nbsp;<a href=\"https:\/\/electricidadeaguas.pt\/?product=catalogo-weidmulller-sensor-actuator-cabling-and-circular-connectors\" rel=\"bookmark\">Ler mais &raquo;<span class=\"screen-reader-text\">Cat\u00e1logo Weidmulller &#8211; Sensor-actuator cabling and circular connectors<\/span><\/a><\/p>\n","protected":false},"featured_media":892,"comment_status":"open","ping_status":"closed","template":"","meta":{"neve_meta_sidebar":"","neve_meta_container":"","neve_meta_enable_content_width":"off","neve_meta_content_width":100,"neve_meta_title_alignment":"","neve_meta_author_avatar":"","neve_post_elements_order":"","neve_meta_disable_header":"","neve_meta_disable_footer":"","neve_meta_disable_title":""},"product_brand":[],"product_cat":[47],"product_tag":[],"class_list":{"0":"post-891","1":"product","2":"type-product","3":"status-publish","4":"has-post-thumbnail","6":"product_cat-weidmuller","8":"first","9":"instock","10":"virtual","11":"product-type-simple"},"jetpack_sharing_enabled":true,"_links":{"self":[{"href":"https:\/\/electricidadeaguas.pt\/index.php?rest_route=\/wp\/v2\/product\/891","targetHints":{"allow":["GET"]}}],"collection":[{"href":"https:\/\/electricidadeaguas.pt\/index.php?rest_route=\/wp\/v2\/product"}],"about":[{"href":"https:\/\/electricidadeaguas.pt\/index.php?rest_route=\/wp\/v2\/types\/product"}],"replies":[{"embeddable":true,"href":"https:\/\/electricidadeaguas.pt\/index.php?rest_route=%2Fwp%2Fv2%2Fcomments&post=891"}],"wp:featuredmedia":[{"embeddable":true,"href":"https:\/\/electricidadeaguas.pt\/index.php?rest_route=\/wp\/v2\/media\/892"}],"wp:attachment":[{"href":"https:\/\/electricidadeaguas.pt\/index.php?rest_route=%2Fwp%2Fv2%2Fmedia&parent=891"}],"wp:term":[{"taxonomy":"product_brand","embeddable":true,"href":"https:\/\/electricidadeaguas.pt\/index.php?rest_route=%2Fwp%2Fv2%2Fproduct_brand&post=891"},{"taxonomy":"product_cat","embeddable":true,"href":"https:\/\/electricidadeaguas.pt\/index.php?rest_route=%2Fwp%2Fv2%2Fproduct_cat&post=891"},{"taxonomy":"product_tag","embeddable":true,"href":"https:\/\/electricidadeaguas.pt\/index.php?rest_route=%2Fwp%2Fv2%2Fproduct_tag&post=891"}],"curies":[{"name":"wp","href":"https:\/\/api.w.org\/{rel}","templated":true}]}}